{"id":4308,"date":"2019-05-13T11:54:21","date_gmt":"2019-05-13T11:54:21","guid":{"rendered":"https:\/\/getbybus.com\/it\/blog\/?page_id=4308"},"modified":"2025-03-24T14:58:39","modified_gmt":"2025-03-24T14:58:39","slug":"aeroporti-in-serbia","status":"publish","type":"page","link":"https:\/\/traveling.com\/it\/blog\/aeroporti-in-serbia\/","title":{"rendered":"Aeroporti in Serbia"},"content":{"rendered":"<p>In questo momento, nella Serbia ce ne sono <strong>5 cinque aeroporti<\/strong>. L\u2019aeroporto centrale \u00e8 quello di Belgrado che viene frequentato da pi\u00f9 di 95% passeggeri che viaggiano dagli e fino agli aeroporti della Serbia.<\/p>\n<h4><span class=\"ez-toc-section\" id=\"Aeroporto_di_Belgrado_-_codice_IATA_-_BEG\"><\/span><span style=\"color: #2a2a2a;\"><strong>Aeroporto di Belgrado<\/strong><\/span> &#8211; <strong>codice IATA &#8211; BEG<br \/>\n<\/strong><span class=\"ez-toc-section-end\"><\/span><\/h4>\n<p><strong><span class=\"VIiyi\" lang=\"it\" style=\"color: #000000;\"><span class=\"JLqJ4b ChMk0b\" data-language-for-alternatives=\"it\" data-language-to-translate-into=\"en\" data-phrase-index=\"0\" data-number-of-phrases=\"1\">~ 6 milioni di passeggeri<\/span><\/span><\/strong><br \/>\nL\u2019aeroporto di Belgrado &#8211; Nikola Tesla si trova a 18-19 chilometri verso l\u2019ovest dal centro della citt\u00e0, <strong>l\u2019aeroporto \u00e8 la sede della compagnia Air Serbia<\/strong>, ma anche dello Wizz Air. L\u2019aeroporto offre il collegamento annuale con pi\u00f9 di 50 citt\u00e0, ma durante l\u2019estate il numero viene aumentato fino a 100 destinazioni. <strong>Il viaggio dal centro di Belgrado dall\u2019aeroporto \u00e8 assai semplice<\/strong>, <a href=\"https:\/\/Traveling.com\/it\/blog\/autobus-aeroporto-di-belgrado\/\">qui <\/a>potete vedere le opzioni di viaggio a vostra disposizione. Se dovete continuare il vostro viaggio fino ad un altra citt\u00e0 nella Serbia, potete farlo sia dalla <a href=\"https:\/\/Traveling.com\/it\/bus-da-belgrado\">stazione autobus di Belgrado<\/a> che dalla stazione ferroviaria.<\/p>\n<h4><span class=\"ez-toc-section\" id=\"Aeroporto_di_Nis_-_codice_IATA_-_INI\"><\/span><span style=\"color: #2a2a2a;\"><strong>Aeroporto di Nis<\/strong><\/span> &#8211; <strong>codice IATA &#8211; INI<br \/>\n<\/strong><span class=\"ez-toc-section-end\"><\/span><\/h4>\n<p><strong><span class=\"VIiyi\" lang=\"it\"><span class=\"JLqJ4b ChMk0b\" data-language-for-alternatives=\"it\" data-language-to-translate-into=\"en\" data-phrase-index=\"0\" data-number-of-phrases=\"1\">~ 300.000 passeggeri<\/span><\/span><\/strong><br \/>\nL\u2019aeroporto di Nis porta il nome di <strong>Costantino I<\/strong> ed \u00e8 il secondo aeroporto pi\u00f9 frequentato della Serbia, ma \u00e8 anche abbastanza piccolo quando viene comparato con l\u2019aeroporto di Belgrado. <strong>Si trova a 4 chilometri dal centro di Nis<\/strong>, e in questo momento l\u2019unica possibilit\u00e0 di raggiungere la citt\u00e0 \u00e8 sia il taxi che il trasferimento privato. <strong>Dal 2015 Wizz Air gestisce i voli da questo aeroporto<\/strong> e nel 2016 <strong>Ryanair ha gestito le prime due tratte da Nis<\/strong> a Bratislava e da Nis a Berlino. Il numero aumentato dei voli a costo basso attrae i passeggeri dall\u2019intera Serbia.<\/p>\n<h4><span class=\"ez-toc-section\" id=\"Aeroporto_di_Morava_-_codice_IATA_-_KVO\"><\/span><span style=\"color: #2a2a2a;\"><strong>Aeroporto di Morava<\/strong><\/span> &#8211; <strong>codice IATA &#8211; KVO<br \/>\n<\/strong><span class=\"ez-toc-section-end\"><\/span><\/h4>\n<p><strong><span class=\"VIiyi\" lang=\"it\"><span class=\"JLqJ4b ChMk0b\" data-language-for-alternatives=\"it\" data-language-to-translate-into=\"en\" data-phrase-index=\"0\" data-number-of-phrases=\"1\">~ 0 passeggeri<\/span><\/span><\/strong><br \/>\nL&#8217;aeroporto di Morava \u00e8 solo un aeroporto militare, ma <strong>dal 2012 l&#8217;aeroporto ha anche un terminal per i voli commerciali<\/strong>, purtroppo non ci sono ancora operatori che operano dall&#8217;aeroporto.<\/p>\n<h4><span class=\"ez-toc-section\" id=\"Aeroporto_di_Vrsac_-_Codice_IATA_-_non_esiste\"><\/span><span style=\"color: #2a2a2a;\"><strong>Aeroporto di Vrsac<\/strong><\/span> &#8211; <strong>Codice IATA &#8211; non esiste<br \/>\n<\/strong><span class=\"ez-toc-section-end\"><\/span><\/h4>\n<p><strong><span class=\"VIiyi\" lang=\"it\"><span class=\"JLqJ4b ChMk0b\" data-language-for-alternatives=\"it\" data-language-to-translate-into=\"en\" data-phrase-index=\"0\" data-number-of-phrases=\"1\">~ 0 passeggeri<\/span><\/span><\/strong><br \/>\nL&#8217;aeroporto internazionale di Vrsac \u00e8 un altro aeroporto serbo che attualmente non \u00e8 in uso, per i prossimi anni <strong>\u00e8 previsto che la pista debba essere aggiornata<\/strong> per gestire le pianure fino a 30 tonnellate, il che potrebbe rendere l&#8217;aeroporto interessante per le navi da carico e passeggeri.<\/p>\n<h4><span class=\"ez-toc-section\" id=\"Aeroporto_di_Ponikve_-_Codice_IATA_-_UZC\"><\/span><span style=\"color: #2a2a2a;\"><strong>Aeroporto di Ponikve<\/strong><\/span> &#8211; <strong>Codice IATA &#8211; UZC<br \/>\n<\/strong><span class=\"ez-toc-section-end\"><\/span><\/h4>\n<p><strong><span class=\"VIiyi\" lang=\"it\"><span class=\"JLqJ4b ChMk0b\" data-language-for-alternatives=\"it\" data-language-to-translate-into=\"en\" data-phrase-index=\"0\" data-number-of-phrases=\"1\">~ 0 passeggeri<\/span><\/span><\/strong><br \/>\nL&#8217;aeroporto U\u017eice-Ponikve o <strong>Lepa Glava<\/strong>, si trova nella parte occidentale della Serbia, a 8 km a ovest della citt\u00e0 di Jelova Gora. Anche questo aeroporto attualmente non ha voli programmati.<\/p>\n<p><span class=\"VIiyi\" lang=\"it\"><span class=\"JLqJ4b ChMk0b\" data-language-for-alternatives=\"it\" data-language-to-translate-into=\"en\" data-phrase-index=\"0\" data-number-of-phrases=\"1\">Aeroporti nei paesi vicini<\/span><\/span><\/p>\n<table border=\"1\">\n<tbody>\n<tr>\n<td><a href=\"https:\/\/Traveling.com\/it\/blog\/aeroporti-in-ungheria\/\"><span class=\"VIiyi\" lang=\"it\"><span class=\"JLqJ4b ChMk0b\" data-language-for-alternatives=\"it\" data-language-to-translate-into=\"en\" data-phrase-index=\"0\" data-number-of-phrases=\"1\">Aeroporti in Ungheria<\/span><\/span><\/a><\/td>\n<td><a href=\"https:\/\/Traveling.com\/it\/blog\/aeroporti-in-croazia\/\"><span class=\"VIiyi\" lang=\"it\"><span class=\"JLqJ4b ChMk0b\" data-language-for-alternatives=\"it\" data-language-to-translate-into=\"en\" data-phrase-index=\"0\" data-number-of-phrases=\"1\">Aeroporti in Croazia<\/span><\/span><\/a><\/td>\n<td><a href=\"https:\/\/Traveling.com\/it\/blog\/aeroporti-in-bosnia\/\"><span class=\"VIiyi\" lang=\"it\"><span class=\"JLqJ4b ChMk0b\" data-language-for-alternatives=\"it\" data-language-to-translate-into=\"en\" data-phrase-index=\"0\" data-number-of-phrases=\"1\">Aeroporti in Bosnia-Erzegovina<\/span><\/span><\/a><\/td>\n<\/tr>\n<tr>\n<td><a href=\"https:\/\/Traveling.com\/it\/blog\/aeroporti-in-montenegro\/\"><span class=\"VIiyi\" lang=\"it\"><span class=\"JLqJ4b ChMk0b\" data-language-for-alternatives=\"it\" data-language-to-translate-into=\"en\" data-phrase-index=\"0\" data-number-of-phrases=\"1\">Aeroporti in Montenegro<\/span><\/span><\/a><\/td>\n<td><a href=\"https:\/\/Traveling.com\/it\/blog\/aeroporti-in-romania\/\"><span class=\"VIiyi\" lang=\"it\"><span class=\"JLqJ4b ChMk0b\" data-language-for-alternatives=\"it\" data-language-to-translate-into=\"en\" data-phrase-index=\"0\" data-number-of-phrases=\"1\">Aeroporti in<\/span><\/span> Romania<\/a><\/td>\n<td><\/td>\n<\/tr>\n<\/tbody>\n<\/table>\n<p><iframe src=\"https:\/\/www.google.com\/maps\/d\/embed?mid=1fEhiunX4GFauzrQzfs5ygTpknVY&amp;ehbc=2E312F\" width=\"640\" height=\"480\"><\/iframe><\/p>\n","protected":false},"excerpt":{"rendered":"<p>In questo momento, nella Serbia ce ne sono 5 cinque aeroporti. L\u2019aeroporto centrale \u00e8 quello di Belgrado che viene frequentato da pi\u00f9 di 95% passeggeri che viaggiano dagli e fino agli aeroporti della Serbia. Aeroporto di Belgrado &#8211; codice IATA &#8211; BEG ~ 6 milioni di passeggeri L\u2019aeroporto di Belgrado &#8211; Nikola Tesla si trova [&hellip;]<\/p>\n<p><a class=\"more-link btn btn-primary\" href=\"https:\/\/traveling.com\/it\/blog\/aeroporti-in-serbia\/\"> Continua a leggere\u2026<\/a><\/p>\n","protected":false},"author":4,"featured_media":0,"parent":0,"menu_order":0,"comment_status":"closed","ping_status":"closed","template":"","meta":[],"yoast_head":"<!-- This site is optimized with the Yoast SEO plugin v19.8 - https:\/\/yoast.com\/wordpress\/plugins\/seo\/ -->\n<title>Aeroporti Serbia, informazioni, codici, mappa<\/title>\n<meta name=\"robots\" content=\"index, follow, max-snippet:-1, max-image-preview:large, max-video-preview:-1\" \/>\n<link rel=\"canonical\" href=\"https:\/\/traveling.com\/it\/blog\/aeroporti-in-serbia\/\" \/>\n<meta property=\"og:locale\" content=\"it_IT\" \/>\n<meta property=\"og:type\" content=\"article\" \/>\n<meta property=\"og:title\" content=\"Aeroporti Serbia, informazioni, codici, mappa\" \/>\n<meta property=\"og:description\" content=\"In questo momento, nella Serbia ce ne sono 5 cinque aeroporti. L\u2019aeroporto centrale \u00e8 quello di Belgrado che viene frequentato da pi\u00f9 di 95% passeggeri che viaggiano dagli e fino agli aeroporti della Serbia. Aeroporto di Belgrado &#8211; codice IATA &#8211; BEG ~ 6 milioni di passeggeri L\u2019aeroporto di Belgrado &#8211; Nikola Tesla si trova [&hellip;] Continua a leggere\u2026\" \/>\n<meta property=\"og:url\" content=\"https:\/\/traveling.com\/it\/blog\/aeroporti-in-serbia\/\" \/>\n<meta property=\"og:site_name\" content=\"Traveling.com Blog\" \/>\n<meta property=\"article:modified_time\" content=\"2025-03-24T14:58:39+00:00\" \/>\n<meta name=\"twitter:card\" content=\"summary_large_image\" \/>\n<meta name=\"twitter:label1\" content=\"Est. reading time\" \/>\n\t<meta name=\"twitter:data1\" content=\"2 minutes\" \/>\n<script type=\"application\/ld+json\" class=\"yoast-schema-graph\">{\"@context\":\"https:\/\/schema.org\",\"@graph\":[{\"@type\":\"WebPage\",\"@id\":\"https:\/\/traveling.com\/it\/blog\/aeroporti-in-serbia\/\",\"url\":\"https:\/\/traveling.com\/it\/blog\/aeroporti-in-serbia\/\",\"name\":\"Aeroporti Serbia, informazioni, codici, mappa\",\"isPartOf\":{\"@id\":\"https:\/\/traveling.com\/it\/blog\/#website\"},\"datePublished\":\"2019-05-13T11:54:21+00:00\",\"dateModified\":\"2025-03-24T14:58:39+00:00\",\"breadcrumb\":{\"@id\":\"https:\/\/traveling.com\/it\/blog\/aeroporti-in-serbia\/#breadcrumb\"},\"inLanguage\":\"it-IT\",\"potentialAction\":[{\"@type\":\"ReadAction\",\"target\":[\"https:\/\/traveling.com\/it\/blog\/aeroporti-in-serbia\/\"]}]},{\"@type\":\"BreadcrumbList\",\"@id\":\"https:\/\/traveling.com\/it\/blog\/aeroporti-in-serbia\/#breadcrumb\",\"itemListElement\":[{\"@type\":\"ListItem\",\"position\":1,\"name\":\"Home\",\"item\":\"https:\/\/traveling.com\/it\/blog\/\"},{\"@type\":\"ListItem\",\"position\":2,\"name\":\"Aeroporti in Serbia\"}]},{\"@type\":\"WebSite\",\"@id\":\"https:\/\/traveling.com\/it\/blog\/#website\",\"url\":\"https:\/\/traveling.com\/it\/blog\/\",\"name\":\"Traveling.com Blog\",\"description\":\"La Tua Guida di Viaggio Completa\",\"potentialAction\":[{\"@type\":\"SearchAction\",\"target\":{\"@type\":\"EntryPoint\",\"urlTemplate\":\"https:\/\/traveling.com\/it\/blog\/?s={search_term_string}\"},\"query-input\":\"required name=search_term_string\"}],\"inLanguage\":\"it-IT\"}]}<\/script>\n<!-- \/ Yoast SEO plugin. -->","yoast_head_json":{"title":"Aeroporti Serbia, informazioni, codici, mappa","robots":{"index":"index","follow":"follow","max-snippet":"max-snippet:-1","max-image-preview":"max-image-preview:large","max-video-preview":"max-video-preview:-1"},"canonical":"https:\/\/traveling.com\/it\/blog\/aeroporti-in-serbia\/","og_locale":"it_IT","og_type":"article","og_title":"Aeroporti Serbia, informazioni, codici, mappa","og_description":"In questo momento, nella Serbia ce ne sono 5 cinque aeroporti. L\u2019aeroporto centrale \u00e8 quello di Belgrado che viene frequentato da pi\u00f9 di 95% passeggeri che viaggiano dagli e fino agli aeroporti della Serbia. Aeroporto di Belgrado &#8211; codice IATA &#8211; BEG ~ 6 milioni di passeggeri L\u2019aeroporto di Belgrado &#8211; Nikola Tesla si trova [&hellip;] Continua a leggere\u2026","og_url":"https:\/\/traveling.com\/it\/blog\/aeroporti-in-serbia\/","og_site_name":"Traveling.com Blog","article_modified_time":"2025-03-24T14:58:39+00:00","twitter_card":"summary_large_image","twitter_misc":{"Est. reading time":"2 minutes"},"schema":{"@context":"https:\/\/schema.org","@graph":[{"@type":"WebPage","@id":"https:\/\/traveling.com\/it\/blog\/aeroporti-in-serbia\/","url":"https:\/\/traveling.com\/it\/blog\/aeroporti-in-serbia\/","name":"Aeroporti Serbia, informazioni, codici, mappa","isPartOf":{"@id":"https:\/\/traveling.com\/it\/blog\/#website"},"datePublished":"2019-05-13T11:54:21+00:00","dateModified":"2025-03-24T14:58:39+00:00","breadcrumb":{"@id":"https:\/\/traveling.com\/it\/blog\/aeroporti-in-serbia\/#breadcrumb"},"inLanguage":"it-IT","potentialAction":[{"@type":"ReadAction","target":["https:\/\/traveling.com\/it\/blog\/aeroporti-in-serbia\/"]}]},{"@type":"BreadcrumbList","@id":"https:\/\/traveling.com\/it\/blog\/aeroporti-in-serbia\/#breadcrumb","itemListElement":[{"@type":"ListItem","position":1,"name":"Home","item":"https:\/\/traveling.com\/it\/blog\/"},{"@type":"ListItem","position":2,"name":"Aeroporti in Serbia"}]},{"@type":"WebSite","@id":"https:\/\/traveling.com\/it\/blog\/#website","url":"https:\/\/traveling.com\/it\/blog\/","name":"Traveling.com Blog","description":"La Tua Guida di Viaggio Completa","potentialAction":[{"@type":"SearchAction","target":{"@type":"EntryPoint","urlTemplate":"https:\/\/traveling.com\/it\/blog\/?s={search_term_string}"},"query-input":"required name=search_term_string"}],"inLanguage":"it-IT"}]}},"_links":{"self":[{"href":"https:\/\/traveling.com\/it\/blog\/wp-json\/wp\/v2\/pages\/4308"}],"collection":[{"href":"https:\/\/traveling.com\/it\/blog\/wp-json\/wp\/v2\/pages"}],"about":[{"href":"https:\/\/traveling.com\/it\/blog\/wp-json\/wp\/v2\/types\/page"}],"author":[{"embeddable":true,"href":"https:\/\/traveling.com\/it\/blog\/wp-json\/wp\/v2\/users\/4"}],"replies":[{"embeddable":true,"href":"https:\/\/traveling.com\/it\/blog\/wp-json\/wp\/v2\/comments?post=4308"}],"version-history":[{"count":5,"href":"https:\/\/traveling.com\/it\/blog\/wp-json\/wp\/v2\/pages\/4308\/revisions"}],"predecessor-version":[{"id":9836,"href":"https:\/\/traveling.com\/it\/blog\/wp-json\/wp\/v2\/pages\/4308\/revisions\/9836"}],"wp:attachment":[{"href":"https:\/\/traveling.com\/it\/blog\/wp-json\/wp\/v2\/media?parent=4308"}],"curies":[{"name":"wp","href":"https:\/\/api.w.org\/{rel}","templated":true}]}}