{"id":7191,"date":"2021-05-06T09:00:52","date_gmt":"2021-05-06T09:00:52","guid":{"rendered":"https:\/\/getbybus.com\/it\/blog\/?page_id=7191"},"modified":"2025-03-24T14:52:36","modified_gmt":"2025-03-24T14:52:36","slug":"aeroporti-ecuador","status":"publish","type":"page","link":"https:\/\/traveling.com\/it\/blog\/aeroporti-ecuador\/","title":{"rendered":"Aeroporti in Ecuador"},"content":{"rendered":"\n<p>L&#8217;<strong>Ecuador<\/strong> \u00e8 un piccolo paese al confine con la Colombia e il Per\u00f9. \u00c8 un paese di paesaggi diversificati che includono la lunga costa, <strong>la foresta pluviale amazzonica<\/strong> e<strong> le isole Galapagos<\/strong>. Oltre alla natura unica, l&#8217;Ecuador \u00e8 famoso per la sua produzione di cioccolato, banane e caff\u00e8.<\/p>\n\n\n\n<p>Se si vola in Ecuador, \u00e8 bene sapere che ci sono oltre 30 aeroporti nel paese. I due principali aeroporti internazionali in Ecuador sono <strong>l&#8217;Aeroporto di Quito<\/strong> e <strong>l&#8217;Aeroporto di Guayaquil<\/strong>, entrambi classificati tra<span style=\"color: #2a2a2a;\"><a style=\"color: #2a2a2a;\" href=\"https:\/\/Traveling.com\/it\/blog\/50-migliori-aeroporti-del-mondo\/\"> i primi 50 migliori aeroporti del mondo<\/a><\/span> secondo i viaggiatori.<\/p>\n\n\n\n<p>In questa guida, vi presenteremo la maggior parte degli aeroporti in Ecuador, inclusi tutti i principali aeroporti internazionali. Alla fine del post, troverete anche <strong>una mappa di tutti gli aeroporti in Ecuador<\/strong> per una navigazione pi\u00f9 facile.<\/p>\n\n\n\n<h4><span class=\"ez-toc-section\" id=\"Aeroporto_di_Quito_-_Codice_IATA_-_UIO\"><\/span><span style=\"color: #333333;\"><span style=\"color: #2a2a2a;\">Aeroporto di Quito<\/span> &#8211; <span style=\"color: #000000;\">Codice IATA &#8211; UIO<\/span><\/span><span class=\"ez-toc-section-end\"><\/span><\/h4>\n\n\n\n<p style=\"font-size:12px\">~ 5 milioni di passeggeri<\/p>\n\n\n\n<p><strong>L&#8217;Aeroporto Internazionale Mariscal Sucre<\/strong>, come viene ufficialmente chiamato, \u00e8 un aeroporto che serve <strong>Quito<\/strong>, la capitale dell&#8217;Ecuador. L&#8217;Aeroporto di Quito \u00e8 l&#8217;aeroporto pi\u00f9 trafficato del paese e tra gli aeroporti pi\u00f9 trafficati del Sud America. Ogni anno, l&#8217;aeroporto gestisce oltre 5 milioni di passeggeri. Ci sono circa 20 compagnie aeree che gestiscono l&#8217;aeroporto che funge principalmente da hub per <strong>Avianca Ecuador<\/strong>, <strong>LATAM Ecuador<\/strong> e <strong>TAME<\/strong>. L&#8217;aeroporto offre voli per il resto del Sud America e per altri continenti, inclusi il Nord America e l&#8217;Europa. L&#8217;Aeroporto di Quito si trova a circa 40 km dal centro di Quito. I passeggeri possono raggiungere la citt\u00e0 in autobus, taxi o trasferimento privato. Altre destinazioni vicine includono <strong>Santo Domingo<\/strong> e <strong>Ibarra<\/strong>.<\/p>\n\n\n\n<h4><span class=\"ez-toc-section\" id=\"Aeroporto_di_Guayaquil_-_Codice_IATA_-_GYE\"><\/span><span style=\"color: #2a2a2a;\">Aeroporto di Guayaquil<\/span> &#8211; Codice IATA &#8211; GYE<span class=\"ez-toc-section-end\"><\/span><\/h4>\n\n\n\n<p style=\"font-size:12px\">~ 4 milioni di passeggeri<\/p>\n\n\n\n<p><strong>L&#8217;Aeroporto di Guayaquil<\/strong>, o ufficialmente<strong> Aeroporto Internazionale Jos\u00e9 Joaqu\u00edn de Olmedo<\/strong>, \u00e8 un aeroporto che serve la principale citt\u00e0 portuale dell&#8217;Ecuador, <strong>Guayaquil<\/strong>. \u00c8 il secondo aeroporto pi\u00f9 trafficato del paese con quasi 4 milioni di passeggeri gestiti ogni anno. Ci sono quasi 20 compagnie aeree che operano in aeroporto, le principali sono <strong>LATAM Ecuador<\/strong> e <strong>TAME<\/strong>. L&#8217;aeroporto offre collegamenti con il resto del Sud America, cos\u00ec come con il Nord America e l&#8217;Europa. L&#8217;aeroporto si trova all&#8217;interno della citt\u00e0, a soli 5 km dal centro di Guayaquil. Pertanto, i passeggeri possono andare da e per l\u2019aeroporto utilizzando un taxi o un trasferimento privato. Alcune delle altre destinazioni nelle vicinanze includono <strong>Duran<\/strong> e <strong>Milagro<\/strong>.<\/p>\n\n\n\n<h4><span class=\"ez-toc-section\" id=\"Aeroporto_di_Baltra_-_Codice_IATA_-_GPS\"><\/span><span style=\"color: #2a2a2a;\">Aeroporto di Baltra<\/span> &#8211; Codice IATA &#8211; GPS<span class=\"ez-toc-section-end\"><\/span><\/h4>\n\n\n\n<p style=\"font-size:12px\">~ 500.000 passeggeri<\/p>\n\n\n\n<p><strong>L&#8217;Aeroporto di Seymour<\/strong> o <strong>l&#8217;Aeroporto di Baltra<\/strong> serve <strong>l&#8217;isola di Baltra<\/strong>, una delle<strong> isole Galapagos<\/strong>. L&#8217;aeroporto \u00e8 conosciuto come il primo aeroporto &#8220;verde&#8221; che implementa molte innovazioni ambientali. Ogni anno, l&#8217;aeroporto gestisce circa mezzo milione di passeggeri tramite tre compagnie aeree che operano &#8211; <strong>Avianca Ecuador<\/strong>, <strong>LATAM Ecuador<\/strong> e <strong>TAME<\/strong>. Per raggiungere altre destinazioni dall&#8217;aeroporto, i passeggeri possono utilizzare una combinazione di bus navetta e una barca per raggiungere <strong>l&#8217;isola di Santa Cruz<\/strong> e<strong> il Parco Nazionale delle Galapagos<\/strong>. Da l\u00ec, i passeggeri possono utilizzare un autobus o un taxi per raggiungere la citt\u00e0 di <strong>Puerto Ayora<\/strong>.<\/p>\n\n\n\n<h4><span class=\"ez-toc-section\" id=\"Aeroporto_di_Cuenca_-_Codice_IATA_-_CUE\"><\/span><span style=\"color: #2a2a2a;\">Aeroporto di Cuenca<\/span> &#8211; Codice IATA &#8211; CUE<span class=\"ez-toc-section-end\"><\/span><\/h4>\n\n\n\n<p style=\"font-size:12px\">~ 360.000 passeggeri<\/p>\n\n\n\n<p><strong>L&#8217;Aeroporto internazionale di Mariscal Lamar<\/strong>, come viene chiamato per esteso, \u00e8 un aeroporto che serve la citt\u00e0 di <strong>Cuenca<\/strong>. L&#8217;aeroporto gestisce circa 360 000 passeggeri ogni anno fornendo principalmente voli nazionali. Le compagnie aeree che gestiscono l&#8217;aeroporto sono<strong> LATAM Ecuador<\/strong> e <strong>TAME<\/strong>. L&#8217;aeroporto si trova all&#8217;interno della citt\u00e0 di Cuenca, a pochi chilometri dal centro della citt\u00e0. Pertanto, raggiungere il centro di Cuenca pu\u00f2 essere effettuato tramite servizio taxi o trasferimento privato. Altre destinazioni che si possono trovare nelle vicinanze includono <strong>Gualaceo<\/strong>, <strong>Chordeleg<\/strong> e <strong>Chinquitad<\/strong>.<\/p>\n\n\n\n<h4><span class=\"ez-toc-section\" id=\"Aeroporto_di_San_Cristobal_-_Codice_IATA_-_SCY\"><\/span><span style=\"color: #2a2a2a;\">Aeroporto di San Cristobal<\/span> &#8211; Codice IATA &#8211; SCY<span class=\"ez-toc-section-end\"><\/span><\/h4>\n\n\n\n<p style=\"font-size:12px\">~ 200.000 passeggeri<\/p>\n\n\n\n<p><strong>L&#8217;Aeroporto di San Cristobal<\/strong> serve<strong> l&#8217;isola di San Cristobal<\/strong>, una delle isole Galapagos. L&#8217;aeroporto gestisce circa 200 000 passeggeri all&#8217;anno. Le compagnie aeree che gestiscono l&#8217;aeroporto sono <strong>Avianca Ecuador<\/strong>,<strong> LATAM Ecuador<\/strong> e <strong>TAME<\/strong>, che forniscono tutte voli per Guayaquil e Quito. L&#8217;aeroporto si trova a <strong>Puerto Baquerizo Moreno<\/strong>, a circa 7 km da <strong>San Cristobal<\/strong>. Per gli spostamenti da e per l&#8217;aeroporto, cos\u00ec come per altri luoghi dell&#8217;isola, i passeggeri possono utilizzare un servizio taxi.<\/p>\n\n\n\n<div class=\"wp-block-image size-full wp-image-7200\"><figure class=\"aligncenter\"><img decoding=\"async\" width=\"1024\" height=\"683\" src=\"https:\/\/Traveling.com\/it\/blog\/wp-content\/uploads\/2021\/04\/Aeroporto-di-Guayaquil.jpg\" alt=\"Aeroporto di Guayaquil\" class=\"wp-image-7200\" srcset=\"https:\/\/d2bgjx2gb489de.cloudfront.net\/gbb-blogs\/wp-content\/uploads\/2021\/04\/18131605\/Aeroporto-di-Guayaquil.jpg 1024w, https:\/\/d2bgjx2gb489de.cloudfront.net\/gbb-blogs\/wp-content\/uploads\/2021\/04\/18131605\/Aeroporto-di-Guayaquil-300x200.jpg 300w, https:\/\/d2bgjx2gb489de.cloudfront.net\/gbb-blogs\/wp-content\/uploads\/2021\/04\/18131605\/Aeroporto-di-Guayaquil-768x512.jpg 768w\" sizes=\"(max-width: 1024px) 100vw, 1024px\" \/><figcaption>Aeroporto di Guayaquil<\/figcaption><\/figure><\/div>\n\n\n\n<p><strong><span style=\"color: #2a2a2a;\">Aeroporto di Manta<\/span> &#8211; Codice IATA &#8211; MEC<\/strong><\/p>\n\n\n\n<ul><li aria-level=\"1\">Chiamato anche: Aeroporto Internazionale di Eloy Alfaro&nbsp;<\/li><li aria-level=\"1\">Passeggeri: ~ 160.000<\/li><li aria-level=\"1\">Compagnie aeree: Avianca Ecuador, LATAM Ecuador, TAME<\/li><li aria-level=\"1\">Citt\u00e0 vicine: Manta, Jaramijo, San Lorenzo<\/li><\/ul>\n\n\n\n<p><strong><span style=\"color: #2a2a2a;\">Aeroporto di Coca<\/span> &#8211; Codice IATA &#8211; OCC<\/strong><\/p>\n\n\n\n<ul><li aria-level=\"1\">Chiamato anche: Aeroporto di Francisco de Orellana<\/li><li aria-level=\"1\">Passeggeri: ~ 110.000<\/li><li aria-level=\"1\">Compagnie aeree: Avianca Ecuador, LATAM Ecuador, TAME<\/li><li aria-level=\"1\">Citt\u00e0 vicine: Coca, San Sebastian del Coca, Joya de Los Sachas Cant\u00f3n<\/li><\/ul>\n\n\n\n<p><strong><span style=\"color: #2a2a2a;\">Aeroporto di Loja<\/span> &#8211; Codice IATA &#8211; LOH<\/strong><\/p>\n\n\n\n<ul><li aria-level=\"1\">Chiamato anche: Aeroporto di Ciudad de Catamayo&nbsp;<\/li><li aria-level=\"1\">Passeggeri: ~ 110.000<\/li><li aria-level=\"1\">Compagnia aerea: TAME<\/li><li aria-level=\"1\">Citt\u00e0 vicine: Catamayo, Loja, Tierras Coloradas<\/li><\/ul>\n\n\n\n<p><strong><span style=\"color: #2a2a2a;\">Aeroporto di Nueva Loja<\/span> &#8211; Codice IATA &#8211; LGQ<\/strong><\/p>\n\n\n\n<ul><li aria-level=\"1\">Chiamato anche: Aeroporto di Lago Agrio&nbsp;<\/li><li aria-level=\"1\">Passeggeri: ~ 50.000<\/li><li aria-level=\"1\">Compagnie aeree: Avianca Ecuador, TAME<\/li><li aria-level=\"1\">Citt\u00e0 vicine: Nueva Loja, El Eno, El Dorado de Cascales<\/li><\/ul>\n\n\n\n<p><strong><span style=\"color: #2a2a2a;\">Aeroporto di Esmeraldas<\/span> &#8211; Codice IATA &#8211; ESM<\/strong><\/p>\n\n\n\n<ul><li aria-level=\"1\">Chiamato anche: Aeroporto di Colonel Carlos Concha Torres&nbsp;<\/li><li aria-level=\"1\">Passeggeri: ~ 45.000.000<\/li><li aria-level=\"1\">Compagnia aerea: TAME<\/li><li aria-level=\"1\">Citt\u00e0 vicine: Esmeraldas, Vuelta Larga, Rio Verde Canton<\/li><\/ul>\n\n\n\n<p><strong><span style=\"color: #2a2a2a;\">Aeroporto di Machala<\/span> &#8211; Codice IATA &#8211; MCH<\/strong><\/p>\n\n\n\n<ul><li aria-level=\"1\">Chiamato anche: Aeroporto Internazionale di Santa Rosa<\/li><li aria-level=\"1\">Passeggeri: ~ 40.000.000<\/li><li aria-level=\"1\">Compagnie aeree: LATAM Ecuador, TAME<\/li><li aria-level=\"1\">Citt\u00e0 vicine: Santa Rosa, Jumon, La Avanzada<\/li><\/ul>\n\n\n\n<p><strong><span style=\"color: #2a2a2a;\">Aeroporto di Salinas<\/span> &#8211; Codice IATA &#8211; SNC<\/strong><\/p>\n\n\n\n<ul><li aria-level=\"1\">Chiamato anche: Aeroporto di Generale Ulpiano Paez<\/li><li aria-level=\"1\">Passeggeri: ~ 2000<\/li><li aria-level=\"1\">Compagnia aerea: TAME<\/li><li aria-level=\"1\">Citt\u00e0 vicine: Salinas, La Libertad, Santa Elena<\/li><\/ul>\n\n\n\n<p><strong><span style=\"color: #2a2a2a;\">Aeroporto di Ambato<\/span> &#8211; Codice IATA &#8211; ATF<\/strong><\/p>\n\n\n\n<ul><li aria-level=\"1\">Chiamato anche: Aeroporto di Chachoan&nbsp;<\/li><li aria-level=\"1\">Citt\u00e0 vicine: Ambato, Pillaro, Salasaca<\/li><\/ul>\n\n\n\n<p><strong><span style=\"color: #2a2a2a;\">Aeroporto di Bahia de Caraquez<\/span> &#8211; Codice IATA &#8211; BHA<\/strong><\/p>\n\n\n\n<ul><li aria-level=\"1\">Chiamato anche: Aeroporto di Los Perales<\/li><li aria-level=\"1\">Citt\u00e0 vicine: San Vicente, Bahia de Caraquez, Boca de Briceno<\/li><\/ul>\n\n\n\n<p><strong><span style=\"color: #2a2a2a;\">Aeroporto di Latacunga<\/span> &#8211; Codice IATA &#8211; LTX<\/strong><\/p>\n\n\n\n<ul><li aria-level=\"1\">Chiamato anche: Aeroporto Internazionale di Cotopaxi&nbsp;<\/li><li aria-level=\"1\">Compagnia aerea: TAME<\/li><li aria-level=\"1\">Citt\u00e0 vicine: Latacunga Canton, Pujili, Salcedo<\/li><\/ul>\n\n\n\n<p><strong><span style=\"color: #2a2a2a;\">Aeroporto di Macara<\/span> &#8211; Codice IATA &#8211; MRR<\/strong><\/p>\n\n\n\n<ul><li aria-level=\"1\">Chiamato anche: Aeroporto di Jos\u00e9 Mar\u00eda Velasco Ibarra<\/li><li aria-level=\"1\">Citt\u00e0 vicine: Macara, Sozoranga Canton<\/li><\/ul>\n\n\n\n<p><strong><span style=\"color: #2a2a2a;\">Aeroporto di Macas<\/span> &#8211; Codice IATA &#8211; XMS<\/strong><\/p>\n\n\n\n<ul><li aria-level=\"1\">Chiamato anche: Aeroporto di Edmundo Carvajal<\/li><li aria-level=\"1\">Citt\u00e0 vicine: Macas, Sucua, Santiago de M\u00e9ndez Cant\u00f3n<\/li><\/ul>\n\n\n\n<p><strong><span style=\"color: #2a2a2a;\">Aeroporto di Pastaza<\/span> &#8211; Codice IATA &#8211; PTZ<\/strong><\/p>\n\n\n\n<ul><li aria-level=\"1\">Chiamato anche: Aeroporto di R\u00edo Amazonas&nbsp;<\/li><li aria-level=\"1\">Citt\u00e0 vicine: Pastaza, Shell, Mera<\/li><\/ul>\n\n\n\n<p><strong><span style=\"color: #2a2a2a;\">Aeroporto di Tarapoa<\/span> &#8211; Codice IATA &#8211; TPC<\/strong><\/p>\n\n\n\n<ul><li aria-level=\"1\">Citt\u00e0 vicine: Tarapoa<\/li><\/ul>\n\n\n\n<p><strong><span style=\"color: #2a2a2a;\">Aeroporto di Tulcan<\/span> &#8211; Codice IATA &#8211; TUA<\/strong><\/p>\n\n\n\n<ul><li aria-level=\"1\">Chiamato anche: Aeroporto Internazionale di Teniente Coronel Luis A. Mantilla<\/li><li aria-level=\"1\">Citt\u00e0 vicine: Tulcan<\/li><\/ul>\n\n\n\n<h3><span class=\"ez-toc-section\" id=\"Mappa_degli_aeroporti_in_Ecuador\"><\/span><span style=\"color: #2a2a2a;\">Mappa degli aeroporti in Ecuador<\/span><span class=\"ez-toc-section-end\"><\/span><\/h3>\n\n\n\n<figure><iframe src=\"https:\/\/www.google.com\/maps\/d\/embed?mid=1R0aoKlLSsvUtDXXuPdyg76DsF89TwCbu\" width=\"640\" height=\"480\"><\/iframe><\/figure>\n","protected":false},"excerpt":{"rendered":"<p>L&#8217;Ecuador \u00e8 un piccolo paese al confine con la Colombia e il Per\u00f9. \u00c8 un paese di paesaggi diversificati che includono la lunga costa, la foresta pluviale amazzonica e le isole Galapagos. Oltre alla natura unica, l&#8217;Ecuador \u00e8 famoso per la sua produzione di cioccolato, banane e caff\u00e8. Se si vola in Ecuador, \u00e8 bene [&hellip;]<\/p>\n<p><a class=\"more-link btn btn-primary\" href=\"https:\/\/traveling.com\/it\/blog\/aeroporti-ecuador\/\"> Continua a leggere\u2026<\/a><\/p>\n","protected":false},"author":1,"featured_media":0,"parent":0,"menu_order":0,"comment_status":"closed","ping_status":"closed","template":"","meta":[],"yoast_head":"<!-- This site is optimized with the Yoast SEO plugin v19.8 - https:\/\/yoast.com\/wordpress\/plugins\/seo\/ -->\n<title>Aeroporti in Ecuador - Codici IATA, Mappa e Informazioni Di Viaggio<\/title>\n<meta name=\"description\" content=\"Controllate qui tutte le informazioni necessarie degli aeroporti dell&#039;Ecuador. Troverete la mappa degli aeroporti alla fine di questo post.\" \/>\n<meta name=\"robots\" content=\"index, follow, max-snippet:-1, max-image-preview:large, max-video-preview:-1\" \/>\n<link rel=\"canonical\" href=\"https:\/\/traveling.com\/it\/blog\/aeroporti-ecuador\/\" \/>\n<meta property=\"og:locale\" content=\"it_IT\" \/>\n<meta property=\"og:type\" content=\"article\" \/>\n<meta property=\"og:title\" content=\"Aeroporti in Ecuador - Codici IATA, Mappa e Informazioni Di Viaggio\" \/>\n<meta property=\"og:description\" content=\"Controllate qui tutte le informazioni necessarie degli aeroporti dell&#039;Ecuador. Troverete la mappa degli aeroporti alla fine di questo post.\" \/>\n<meta property=\"og:url\" content=\"https:\/\/traveling.com\/it\/blog\/aeroporti-ecuador\/\" \/>\n<meta property=\"og:site_name\" content=\"Traveling.com Blog\" \/>\n<meta property=\"article:modified_time\" content=\"2025-03-24T14:52:36+00:00\" \/>\n<meta property=\"og:image\" content=\"https:\/\/getbybus.com\/it\/blog\/wp-content\/uploads\/2021\/04\/Aeroporto-di-Guayaquil.jpg\" \/>\n<meta name=\"twitter:card\" content=\"summary_large_image\" \/>\n<meta name=\"twitter:label1\" content=\"Est. reading time\" \/>\n\t<meta name=\"twitter:data1\" content=\"5 minutes\" \/>\n<script type=\"application\/ld+json\" class=\"yoast-schema-graph\">{\"@context\":\"https:\/\/schema.org\",\"@graph\":[{\"@type\":\"WebPage\",\"@id\":\"https:\/\/traveling.com\/it\/blog\/aeroporti-ecuador\/\",\"url\":\"https:\/\/traveling.com\/it\/blog\/aeroporti-ecuador\/\",\"name\":\"Aeroporti in Ecuador - Codici IATA, Mappa e Informazioni Di Viaggio\",\"isPartOf\":{\"@id\":\"https:\/\/traveling.com\/it\/blog\/#website\"},\"datePublished\":\"2021-05-06T09:00:52+00:00\",\"dateModified\":\"2025-03-24T14:52:36+00:00\",\"description\":\"Controllate qui tutte le informazioni necessarie degli aeroporti dell'Ecuador. Troverete la mappa degli aeroporti alla fine di questo post.\",\"breadcrumb\":{\"@id\":\"https:\/\/traveling.com\/it\/blog\/aeroporti-ecuador\/#breadcrumb\"},\"inLanguage\":\"it-IT\",\"potentialAction\":[{\"@type\":\"ReadAction\",\"target\":[\"https:\/\/traveling.com\/it\/blog\/aeroporti-ecuador\/\"]}]},{\"@type\":\"BreadcrumbList\",\"@id\":\"https:\/\/traveling.com\/it\/blog\/aeroporti-ecuador\/#breadcrumb\",\"itemListElement\":[{\"@type\":\"ListItem\",\"position\":1,\"name\":\"Home\",\"item\":\"https:\/\/traveling.com\/it\/blog\/\"},{\"@type\":\"ListItem\",\"position\":2,\"name\":\"Aeroporti in Ecuador\"}]},{\"@type\":\"WebSite\",\"@id\":\"https:\/\/traveling.com\/it\/blog\/#website\",\"url\":\"https:\/\/traveling.com\/it\/blog\/\",\"name\":\"Traveling.com Blog\",\"description\":\"La Tua Guida di Viaggio Completa\",\"potentialAction\":[{\"@type\":\"SearchAction\",\"target\":{\"@type\":\"EntryPoint\",\"urlTemplate\":\"https:\/\/traveling.com\/it\/blog\/?s={search_term_string}\"},\"query-input\":\"required name=search_term_string\"}],\"inLanguage\":\"it-IT\"}]}<\/script>\n<!-- \/ Yoast SEO plugin. -->","yoast_head_json":{"title":"Aeroporti in Ecuador - Codici IATA, Mappa e Informazioni Di Viaggio","description":"Controllate qui tutte le informazioni necessarie degli aeroporti dell'Ecuador. Troverete la mappa degli aeroporti alla fine di questo post.","robots":{"index":"index","follow":"follow","max-snippet":"max-snippet:-1","max-image-preview":"max-image-preview:large","max-video-preview":"max-video-preview:-1"},"canonical":"https:\/\/traveling.com\/it\/blog\/aeroporti-ecuador\/","og_locale":"it_IT","og_type":"article","og_title":"Aeroporti in Ecuador - Codici IATA, Mappa e Informazioni Di Viaggio","og_description":"Controllate qui tutte le informazioni necessarie degli aeroporti dell'Ecuador. Troverete la mappa degli aeroporti alla fine di questo post.","og_url":"https:\/\/traveling.com\/it\/blog\/aeroporti-ecuador\/","og_site_name":"Traveling.com Blog","article_modified_time":"2025-03-24T14:52:36+00:00","og_image":[{"url":"https:\/\/getbybus.com\/it\/blog\/wp-content\/uploads\/2021\/04\/Aeroporto-di-Guayaquil.jpg"}],"twitter_card":"summary_large_image","twitter_misc":{"Est. reading time":"5 minutes"},"schema":{"@context":"https:\/\/schema.org","@graph":[{"@type":"WebPage","@id":"https:\/\/traveling.com\/it\/blog\/aeroporti-ecuador\/","url":"https:\/\/traveling.com\/it\/blog\/aeroporti-ecuador\/","name":"Aeroporti in Ecuador - Codici IATA, Mappa e Informazioni Di Viaggio","isPartOf":{"@id":"https:\/\/traveling.com\/it\/blog\/#website"},"datePublished":"2021-05-06T09:00:52+00:00","dateModified":"2025-03-24T14:52:36+00:00","description":"Controllate qui tutte le informazioni necessarie degli aeroporti dell'Ecuador. Troverete la mappa degli aeroporti alla fine di questo post.","breadcrumb":{"@id":"https:\/\/traveling.com\/it\/blog\/aeroporti-ecuador\/#breadcrumb"},"inLanguage":"it-IT","potentialAction":[{"@type":"ReadAction","target":["https:\/\/traveling.com\/it\/blog\/aeroporti-ecuador\/"]}]},{"@type":"BreadcrumbList","@id":"https:\/\/traveling.com\/it\/blog\/aeroporti-ecuador\/#breadcrumb","itemListElement":[{"@type":"ListItem","position":1,"name":"Home","item":"https:\/\/traveling.com\/it\/blog\/"},{"@type":"ListItem","position":2,"name":"Aeroporti in Ecuador"}]},{"@type":"WebSite","@id":"https:\/\/traveling.com\/it\/blog\/#website","url":"https:\/\/traveling.com\/it\/blog\/","name":"Traveling.com Blog","description":"La Tua Guida di Viaggio Completa","potentialAction":[{"@type":"SearchAction","target":{"@type":"EntryPoint","urlTemplate":"https:\/\/traveling.com\/it\/blog\/?s={search_term_string}"},"query-input":"required name=search_term_string"}],"inLanguage":"it-IT"}]}},"_links":{"self":[{"href":"https:\/\/traveling.com\/it\/blog\/wp-json\/wp\/v2\/pages\/7191"}],"collection":[{"href":"https:\/\/traveling.com\/it\/blog\/wp-json\/wp\/v2\/pages"}],"about":[{"href":"https:\/\/traveling.com\/it\/blog\/wp-json\/wp\/v2\/types\/page"}],"author":[{"embeddable":true,"href":"https:\/\/traveling.com\/it\/blog\/wp-json\/wp\/v2\/users\/1"}],"replies":[{"embeddable":true,"href":"https:\/\/traveling.com\/it\/blog\/wp-json\/wp\/v2\/comments?post=7191"}],"version-history":[{"count":11,"href":"https:\/\/traveling.com\/it\/blog\/wp-json\/wp\/v2\/pages\/7191\/revisions"}],"predecessor-version":[{"id":7203,"href":"https:\/\/traveling.com\/it\/blog\/wp-json\/wp\/v2\/pages\/7191\/revisions\/7203"}],"wp:attachment":[{"href":"https:\/\/traveling.com\/it\/blog\/wp-json\/wp\/v2\/media?parent=7191"}],"curies":[{"name":"wp","href":"https:\/\/api.w.org\/{rel}","templated":true}]}}