{"id":7544,"date":"2021-06-19T08:43:57","date_gmt":"2021-06-19T08:43:57","guid":{"rendered":"https:\/\/getbybus.com\/it\/blog\/?page_id=7544"},"modified":"2025-03-24T14:58:30","modified_gmt":"2025-03-24T14:58:30","slug":"aeroporti-connecticut","status":"publish","type":"page","link":"https:\/\/traveling.com\/it\/blog\/aeroporti-connecticut\/","title":{"rendered":"Aeroporti in Connecticut"},"content":{"rendered":"<p>Il <strong>Connecticut<\/strong> \u00e8 uno degli stati degli Stati Uniti con solo pochi aeroporti che offrono voli commerciali. Pertanto, l&#8217;Aeroporto di Bradley \u00e8 il principale punto d&#8217;ingresso in questo stato. Oltre all\u2019Aeroporto di Bradley e all\u2019Aeroporto di New Haven, ci sono alcuni aeroporti di aviazione generale che offrono voli charter di linea. Tuttavia, abbiamo menzionato gli aeroporti negli Stati Uniti vicini che potrebbero essere utilizzati come alternativa agli aeroporti del Connecticut. Per capire meglio dove si trovano gli aeroporti, abbiamo incluso una <strong>mappa degli aeroporti del Connecticut<\/strong>.<\/p>\n<h3><span class=\"ez-toc-section\" id=\"Elenco_degli_aeroporti\"><\/span><span style=\"color: #2a2a2a;\">Elenco degli aeroporti<\/span><span class=\"ez-toc-section-end\"><\/span><\/h3>\n<h4><span class=\"ez-toc-section\" id=\"Aeroporto_Internazionale_di_Hartford_Bradley_-_Codice_IATA_-_BDL_67_milioni_di_passeggeri\"><\/span><span style=\"color: #2a2a2a;\">Aeroporto Internazionale di Hartford Bradley<\/span> &#8211; Codice IATA &#8211; BDL (~ 6,7 milioni di passeggeri)<span class=\"ez-toc-section-end\"><\/span><\/h4>\n<p>L&#8217;<strong>Aeroporto Internazionale di Bradley<\/strong> \u00e8 l&#8217;aeroporto pi\u00f9 trafficato del Connecticut e il secondo pi\u00f9 trafficato nella regione della Nuova Inghilterra. L&#8217;aeroporto si trova nella citt\u00e0 di Windsor Locks, a circa 2,5 km a ovest del centro. <strong>Southwest<\/strong>, <strong>Delta<\/strong>, <strong>jetBlue<\/strong> e <strong>American<\/strong> sono le maggiori compagnie aeree che operano nell&#8217;aeroporto. L&#8217;aeroporto serve principalmente rotte nazionali, quindi Orlando, Atlanta e Charlotte sono le citt\u00e0 pi\u00f9 collegate. Raggiungere Windsor Locks \u00e8 possibile utilizzando diversi opzioni di trasporto. Tuttavia, gli autobus pubblici di CTTRANSIT e i treni di Amtrak e Hartford Line sono le opzioni pi\u00f9 comuni. Altri modi includono prendere un taxi, una limousine, una navetta o un&#8217;auto a noleggio.<\/p>\n<p><strong><span style=\"color: #2a2a2a;\">Aeroporto di New Haven<\/span> &#8211; Codice IATA &#8211; HVN<\/strong><\/p>\n<ul>\n<li aria-level=\"1\">Chiamato anche: Aeroporto Regionale di Tweed New Haven<\/li>\n<li aria-level=\"1\">Citt\u00e0 vicine: New Haven (7 km), Branford (8 km)<\/li>\n<li aria-level=\"1\">Compagnie aeree: American Eagle, Cape Air, Southern Airways<\/li>\n<\/ul>\n<p><strong><span style=\"color: #2a2a2a;\">Aeroporto Municipale di Danbury<\/span> &#8211; Codice IATA &#8211; DXR<\/strong><\/p>\n<ul>\n<li aria-level=\"1\">Citt\u00e0 vicine: Danbury (5 km)<\/li>\n<li aria-level=\"1\">Compagnia aerea: Reliant Air<\/li>\n<\/ul>\n<p><strong><span style=\"color: #2a2a2a;\">Aeroporto Memoriale di Sikorsky<\/span> &#8211; Codice IATA &#8211; BDR<\/strong><\/p>\n<ul>\n<li aria-level=\"1\">Citt\u00e0 vicine: Bridgeport (5 km)<\/li>\n<li aria-level=\"1\">Compagnia aerea: Tailwind Air Service<\/li>\n<\/ul>\n<p><strong><span style=\"color: #2a2a2a;\">Aeroporto di Waterbury-Oxford<\/span> &#8211; Codice IATA &#8211; OXC<\/strong><\/p>\n<ul>\n<li aria-level=\"1\">Chiamato anche: Aeroporto di Oxford<\/li>\n<li aria-level=\"1\">Citt\u00e0 vicine: Oxford (5 km)<\/li>\n<li aria-level=\"1\">Compagnie aeree: Tradewind Aviation, Clay Lacy Aviation<\/li>\n<\/ul>\n<h3><span class=\"ez-toc-section\" id=\"Aeroporti_negli_stati_vicini\"><\/span><span style=\"color: #2a2a2a;\">Aeroporti negli stati vicini<\/span><span class=\"ez-toc-section-end\"><\/span><\/h3>\n<table style=\"border-collapse: collapse; width: 100%;\" border=\"1\">\n<tbody>\n<tr>\n<td style=\"width: 33.3333%; text-align: center;\"><a href=\"https:\/\/Traveling.com\/it\/blog\/aeroporti-massachusetts\/\"><span style=\"color: #2a2a2a;\"><strong>Aeroporti in Massachusetts<\/strong><\/span><\/a><\/td>\n<td style=\"width: 33.3333%; text-align: center;\"><a href=\"https:\/\/Traveling.com\/it\/blog\/aeroporti-new-york\/\"><span style=\"color: #2a2a2a;\"><strong>Aeroporti a New York<\/strong><\/span><\/a><\/td>\n<td style=\"width: 33.3333%; text-align: center;\"><a href=\"https:\/\/Traveling.com\/it\/blog\/aeroporti-rhode-island\/\"><span style=\"color: #2a2a2a;\"><strong>Aeroporti in Rhode Island<\/strong><\/span><\/a><\/td>\n<\/tr>\n<\/tbody>\n<\/table>\n<h3><span class=\"ez-toc-section\" id=\"Mappa_degli_aeroporti_del_Connecticut\"><\/span><span style=\"color: #2a2a2a;\">Mappa degli aeroporti del Connecticut<\/span><span class=\"ez-toc-section-end\"><\/span><\/h3>\n<p><iframe src=\"https:\/\/www.google.com\/maps\/d\/embed?mid=1V_PCgxhYQfLz5wIE1gqJ6RtF4iyZNxkx\" width=\"640\" height=\"480\"><\/iframe><\/p>\n","protected":false},"excerpt":{"rendered":"<p>Il Connecticut \u00e8 uno degli stati degli Stati Uniti con solo pochi aeroporti che offrono voli commerciali. Pertanto, l&#8217;Aeroporto di Bradley \u00e8 il principale punto d&#8217;ingresso in questo stato. Oltre all\u2019Aeroporto di Bradley e all\u2019Aeroporto di New Haven, ci sono alcuni aeroporti di aviazione generale che offrono voli charter di linea. Tuttavia, abbiamo menzionato gli [&hellip;]<\/p>\n<p><a class=\"more-link btn btn-primary\" href=\"https:\/\/traveling.com\/it\/blog\/aeroporti-connecticut\/\"> Continua a leggere\u2026<\/a><\/p>\n","protected":false},"author":1,"featured_media":0,"parent":0,"menu_order":0,"comment_status":"closed","ping_status":"closed","template":"","meta":[],"yoast_head":"<!-- This site is optimized with the Yoast SEO plugin v19.8 - https:\/\/yoast.com\/wordpress\/plugins\/seo\/ -->\n<title>Aeroporti in Connecticut - Codici IATA, Mappa e Informazioni Di Viaggio<\/title>\n<meta name=\"description\" content=\"Controllate qui tutte le informazioni necessarie degli aeroporti del Connecticut. Troverete la mappa degli aeroporti alla fine di questo post.\" \/>\n<meta name=\"robots\" content=\"index, follow, max-snippet:-1, max-image-preview:large, max-video-preview:-1\" \/>\n<link rel=\"canonical\" href=\"https:\/\/traveling.com\/it\/blog\/aeroporti-connecticut\/\" \/>\n<meta property=\"og:locale\" content=\"it_IT\" \/>\n<meta property=\"og:type\" content=\"article\" \/>\n<meta property=\"og:title\" content=\"Aeroporti in Connecticut - Codici IATA, Mappa e Informazioni Di Viaggio\" \/>\n<meta property=\"og:description\" content=\"Controllate qui tutte le informazioni necessarie degli aeroporti del Connecticut. Troverete la mappa degli aeroporti alla fine di questo post.\" \/>\n<meta property=\"og:url\" content=\"https:\/\/traveling.com\/it\/blog\/aeroporti-connecticut\/\" \/>\n<meta property=\"og:site_name\" content=\"Traveling.com Blog\" \/>\n<meta property=\"article:modified_time\" content=\"2025-03-24T14:58:30+00:00\" \/>\n<meta name=\"twitter:card\" content=\"summary_large_image\" \/>\n<meta name=\"twitter:label1\" content=\"Est. reading time\" \/>\n\t<meta name=\"twitter:data1\" content=\"2 minutes\" \/>\n<script type=\"application\/ld+json\" class=\"yoast-schema-graph\">{\"@context\":\"https:\/\/schema.org\",\"@graph\":[{\"@type\":\"WebPage\",\"@id\":\"https:\/\/traveling.com\/it\/blog\/aeroporti-connecticut\/\",\"url\":\"https:\/\/traveling.com\/it\/blog\/aeroporti-connecticut\/\",\"name\":\"Aeroporti in Connecticut - Codici IATA, Mappa e Informazioni Di Viaggio\",\"isPartOf\":{\"@id\":\"https:\/\/traveling.com\/it\/blog\/#website\"},\"datePublished\":\"2021-06-19T08:43:57+00:00\",\"dateModified\":\"2025-03-24T14:58:30+00:00\",\"description\":\"Controllate qui tutte le informazioni necessarie degli aeroporti del Connecticut. Troverete la mappa degli aeroporti alla fine di questo post.\",\"breadcrumb\":{\"@id\":\"https:\/\/traveling.com\/it\/blog\/aeroporti-connecticut\/#breadcrumb\"},\"inLanguage\":\"it-IT\",\"potentialAction\":[{\"@type\":\"ReadAction\",\"target\":[\"https:\/\/traveling.com\/it\/blog\/aeroporti-connecticut\/\"]}]},{\"@type\":\"BreadcrumbList\",\"@id\":\"https:\/\/traveling.com\/it\/blog\/aeroporti-connecticut\/#breadcrumb\",\"itemListElement\":[{\"@type\":\"ListItem\",\"position\":1,\"name\":\"Home\",\"item\":\"https:\/\/traveling.com\/it\/blog\/\"},{\"@type\":\"ListItem\",\"position\":2,\"name\":\"Aeroporti in Connecticut\"}]},{\"@type\":\"WebSite\",\"@id\":\"https:\/\/traveling.com\/it\/blog\/#website\",\"url\":\"https:\/\/traveling.com\/it\/blog\/\",\"name\":\"Traveling.com Blog\",\"description\":\"La Tua Guida di Viaggio Completa\",\"potentialAction\":[{\"@type\":\"SearchAction\",\"target\":{\"@type\":\"EntryPoint\",\"urlTemplate\":\"https:\/\/traveling.com\/it\/blog\/?s={search_term_string}\"},\"query-input\":\"required name=search_term_string\"}],\"inLanguage\":\"it-IT\"}]}<\/script>\n<!-- \/ Yoast SEO plugin. -->","yoast_head_json":{"title":"Aeroporti in Connecticut - Codici IATA, Mappa e Informazioni Di Viaggio","description":"Controllate qui tutte le informazioni necessarie degli aeroporti del Connecticut. Troverete la mappa degli aeroporti alla fine di questo post.","robots":{"index":"index","follow":"follow","max-snippet":"max-snippet:-1","max-image-preview":"max-image-preview:large","max-video-preview":"max-video-preview:-1"},"canonical":"https:\/\/traveling.com\/it\/blog\/aeroporti-connecticut\/","og_locale":"it_IT","og_type":"article","og_title":"Aeroporti in Connecticut - Codici IATA, Mappa e Informazioni Di Viaggio","og_description":"Controllate qui tutte le informazioni necessarie degli aeroporti del Connecticut. Troverete la mappa degli aeroporti alla fine di questo post.","og_url":"https:\/\/traveling.com\/it\/blog\/aeroporti-connecticut\/","og_site_name":"Traveling.com Blog","article_modified_time":"2025-03-24T14:58:30+00:00","twitter_card":"summary_large_image","twitter_misc":{"Est. reading time":"2 minutes"},"schema":{"@context":"https:\/\/schema.org","@graph":[{"@type":"WebPage","@id":"https:\/\/traveling.com\/it\/blog\/aeroporti-connecticut\/","url":"https:\/\/traveling.com\/it\/blog\/aeroporti-connecticut\/","name":"Aeroporti in Connecticut - Codici IATA, Mappa e Informazioni Di Viaggio","isPartOf":{"@id":"https:\/\/traveling.com\/it\/blog\/#website"},"datePublished":"2021-06-19T08:43:57+00:00","dateModified":"2025-03-24T14:58:30+00:00","description":"Controllate qui tutte le informazioni necessarie degli aeroporti del Connecticut. Troverete la mappa degli aeroporti alla fine di questo post.","breadcrumb":{"@id":"https:\/\/traveling.com\/it\/blog\/aeroporti-connecticut\/#breadcrumb"},"inLanguage":"it-IT","potentialAction":[{"@type":"ReadAction","target":["https:\/\/traveling.com\/it\/blog\/aeroporti-connecticut\/"]}]},{"@type":"BreadcrumbList","@id":"https:\/\/traveling.com\/it\/blog\/aeroporti-connecticut\/#breadcrumb","itemListElement":[{"@type":"ListItem","position":1,"name":"Home","item":"https:\/\/traveling.com\/it\/blog\/"},{"@type":"ListItem","position":2,"name":"Aeroporti in Connecticut"}]},{"@type":"WebSite","@id":"https:\/\/traveling.com\/it\/blog\/#website","url":"https:\/\/traveling.com\/it\/blog\/","name":"Traveling.com Blog","description":"La Tua Guida di Viaggio Completa","potentialAction":[{"@type":"SearchAction","target":{"@type":"EntryPoint","urlTemplate":"https:\/\/traveling.com\/it\/blog\/?s={search_term_string}"},"query-input":"required name=search_term_string"}],"inLanguage":"it-IT"}]}},"_links":{"self":[{"href":"https:\/\/traveling.com\/it\/blog\/wp-json\/wp\/v2\/pages\/7544"}],"collection":[{"href":"https:\/\/traveling.com\/it\/blog\/wp-json\/wp\/v2\/pages"}],"about":[{"href":"https:\/\/traveling.com\/it\/blog\/wp-json\/wp\/v2\/types\/page"}],"author":[{"embeddable":true,"href":"https:\/\/traveling.com\/it\/blog\/wp-json\/wp\/v2\/users\/1"}],"replies":[{"embeddable":true,"href":"https:\/\/traveling.com\/it\/blog\/wp-json\/wp\/v2\/comments?post=7544"}],"version-history":[{"count":12,"href":"https:\/\/traveling.com\/it\/blog\/wp-json\/wp\/v2\/pages\/7544\/revisions"}],"predecessor-version":[{"id":8197,"href":"https:\/\/traveling.com\/it\/blog\/wp-json\/wp\/v2\/pages\/7544\/revisions\/8197"}],"wp:attachment":[{"href":"https:\/\/traveling.com\/it\/blog\/wp-json\/wp\/v2\/media?parent=7544"}],"curies":[{"name":"wp","href":"https:\/\/api.w.org\/{rel}","templated":true}]}}