{"id":7635,"date":"2021-06-21T14:22:44","date_gmt":"2021-06-21T14:22:44","guid":{"rendered":"https:\/\/getbybus.com\/it\/blog\/?page_id=7635"},"modified":"2025-03-24T14:58:27","modified_gmt":"2025-03-24T14:58:27","slug":"aeroporti-hawaii","status":"publish","type":"page","link":"https:\/\/traveling.com\/it\/blog\/aeroporti-hawaii\/","title":{"rendered":"Aeroporti alle Hawaii"},"content":{"rendered":"<p>Anche se le <strong>Hawaii<\/strong> sono lontane dagli Stati Uniti continentali, gli aeroporti delle Hawaii gestiscono una quantit\u00e0 significativa di traffico aereo. Popolare come destinazione turistica, soprattutto tra i cittadini statunitensi, le Hawaii offrono diversi aeroporti per i passeggeri in arrivo. In sostanza, tutto dipende da quale isola delle Hawaii volete andare. Ci sono otto aeroporti alle Hawaii che hanno voli commerciali e charter di linea. Per capire meglio dove si trova ogni aeroporto, assicuratevi di controllare sulla <strong>mappa degli aeroporti delle Hawaii<\/strong>.<\/p>\n<h3><span class=\"ez-toc-section\" id=\"Elenco_degli_aeroporti\"><\/span><span style=\"color: #2a2a2a;\">Elenco degli aeroporti<\/span><span class=\"ez-toc-section-end\"><\/span><\/h3>\n<h4><span class=\"ez-toc-section\" id=\"Aeroporto_Internazionale_di_Honolulu_-_Codice_IATA_-_HNL_21_milioni_di_passeggeri\"><\/span><span style=\"color: #2a2a2a;\">Aeroporto Internazionale di Honolulu <\/span>&#8211; Codice IATA &#8211; HNL (~ 21 milioni di passeggeri)<span class=\"ez-toc-section-end\"><\/span><\/h4>\n<p>L&#8217;<strong>Aeroporto di Honolulu<\/strong> \u00e8 il pi\u00f9 grande aeroporto hawaiano e uno dei 30 aeroporti pi\u00f9 trafficati degli Stati Uniti. Il nome ufficiale dell&#8217;aeroporto \u00e8 l\u2019Aeroporto Internazionale Daniel K. Inouye, dal nome del senatore hawaiano di lunga data. L&#8217;aeroporto si trova a circa 5 km a ovest del centro di Honolulu e funge fondamentalmente da aeroporto principale per l&#8217;isola di Oahu. \u00c8 anche un hub principale per <strong>Hawaiian Airlines<\/strong>. Per quanto riguarda i voli, l&#8217;Aeroporto HNL ha collegamenti regolari con destinazioni del Nord America, dell&#8217;Asia e dell&#8217;Oceania. LA e Kahului sono le principali destinazioni nazionali, mentre Tokyo \u00e8 quella internazionale. Le linee di autobus pubblici n. 19, 20 e 31 vi portano in citt\u00e0. Altre opzioni includono navette e taxi.<\/p>\n<h4><span class=\"ez-toc-section\" id=\"Aeroporto_di_Maui_Kahului_-_Codice_IATA_-_OGG_53_milioni_di_passeggeri\"><\/span><span style=\"color: #2a2a2a;\">Aeroporto di Maui Kahului<\/span> &#8211; Codice IATA &#8211; OGG (~ 5,3 milioni di passeggeri)<span class=\"ez-toc-section-end\"><\/span><\/h4>\n<p>L&#8217;<strong>Aeroporto di Kahului<\/strong> \u00e8 uno degli aeroporti regionali degli Stati Uniti, situato sull&#8217;isola di Maui. L&#8217;aeroporto serve principalmente la citt\u00e0 di Kahului, poich\u00e9 si trova a soli 5 km a est dalla citt\u00e0. Analogamente all&#8217;Aeroporto di Honolulu, l&#8217;Aeroporto OGG \u00e8 anche un importante hub per <strong>Hawaiian Airlines<\/strong>. Inoltre, Honolulu e LA sono le destinazioni pi\u00f9 collegate dall&#8217;aeroporto. L&#8217;Aeroporto di Kahului \u00e8 una scelta ovvia per le persone che viaggiano verso luoghi dell&#8217;isola di Maui, come il <strong>Parco Nazionale di Haleakal\u0101<\/strong> o la <strong>Riserva della foresta di West Maui<\/strong>.<\/p>\n<h4><span class=\"ez-toc-section\" id=\"Aeroporto_Internazionale_di_Kona_-_Codice_IATA_-_KOA_28_milioni_di_passeggeri\"><\/span><span style=\"color: #2a2a2a;\">Aeroporto Internazionale di Kona<\/span> &#8211; Codice IATA &#8211; KOA (~ 2,8 milioni di passeggeri)<span class=\"ez-toc-section-end\"><\/span><\/h4>\n<p>Il nome completo dell&#8217;<strong>Aeroporto di Kona<\/strong> \u00e8 Aeroporto Internazionale Ellison Onizuka Kona a Ke\u0101hole. Si trova nella parte occidentale dell&#8217;isola di Hawaii, a circa 7 km dalla citt\u00e0 di Kalaoa. L&#8217;aeroporto \u00e8 uno degli aeroporti pi\u00f9 piccoli degli Stati Uniti e offre voli per destinazioni nazionali. Oltre a <strong>Hawaiian Airlines<\/strong>, <strong>Alaska<\/strong> e <strong>American<\/strong> offrono vari voli. Le citt\u00e0 californiane di LA e San Francisco sono le destinazioni pi\u00f9 popolari, insieme a Honolulu. Non ci sono autobus pubblici dall&#8217;aeroporto, ma in loco sono disponibili taxi e navette. L&#8217;aeroporto \u00e8 il punto di contatto principale per l&#8217;intera isola delle Hawaii.<\/p>\n<h4><span class=\"ez-toc-section\" id=\"Aeroporto_di_Lihue_Kauai_Island_-_Codice_IATA_-_LIH_28_milioni_di_passeggeri\"><\/span><span style=\"color: #2a2a2a;\">Aeroporto di Lihue Kauai Island<\/span> &#8211; Codice IATA &#8211; LIH (~ 2,8 milioni di passeggeri)<span class=\"ez-toc-section-end\"><\/span><\/h4>\n<p>L&#8217;<strong>Aeroporto di Lihue<\/strong> \u00e8 il principale aeroporto dell&#8217;isola di Kauai. Si trova sulla costa orientale dell&#8217;isola, a 2 km dalla citt\u00e0 di Lihue. L&#8217;Aeroporto LIH serve solo voli nazionali. Analogamente all&#8217;Aeroporto di Kona, la California \u00e8 lo stato pi\u00f9 collegato, mentre <strong>Alaska<\/strong>, <strong>American<\/strong> e <strong>Hawaiian Airlines<\/strong> offrono la maggior parte dei voli. Non sono disponibili mezzi di trasporto pubblico, quindi i passeggeri devono utilizzare taxi o autonoleggi.<\/p>\n<p><strong><span style=\"color: #2a2a2a;\">Aeroporto Internazionale di Hilo<\/span> &#8211; Codice IATA &#8211; ITO<\/strong><\/p>\n<ul>\n<li aria-level=\"1\">Chiamato anche: Generale Lyman Field<\/li>\n<li aria-level=\"1\">Citt\u00e0 vicine: Hilo (2,5 km), Keaau (11 km)<\/li>\n<li aria-level=\"1\">Compagnie aeree: Hawaiian Airlines, Southwest, United<\/li>\n<\/ul>\n<p><strong><span style=\"color: #2a2a2a;\">Aeroporto di Hoolehua<\/span> &#8211; Codice IATA &#8211; MKK<\/strong><\/p>\n<ul>\n<li aria-level=\"1\">Chiamato anche: Aeroporto di Molokai<\/li>\n<li aria-level=\"1\">Citt\u00e0 vicine: Kualapu&#8217;U (6,5 km)<\/li>\n<li aria-level=\"1\">Compagnia aerea: Hawaiian Airlines<\/li>\n<\/ul>\n<p><strong><span style=\"color: #2a2a2a;\">Aeroporto di Lanai<\/span> &#8211; Codice IATA &#8211; LNY<\/strong><\/p>\n<ul>\n<li aria-level=\"1\">Citt\u00e0 vicine: Lanai City (6 km)<\/li>\n<li aria-level=\"1\">Compagnia aerea: Hawaiian Airlines<\/li>\n<\/ul>\n<p><strong><span style=\"color: #2a2a2a;\">Aeroporto di Kapalua<\/span> &#8211; Codice IATA &#8211; JHM<\/strong><\/p>\n<ul>\n<li aria-level=\"1\">Chiamato anche: Aeroporto di Kapalua-West Maui<\/li>\n<li aria-level=\"1\">Citt\u00e0 vicine: Lahaina (9 km)<\/li>\n<li aria-level=\"1\">Compagnia aerea: Hawaiian Airlines<\/li>\n<\/ul>\n<h3><span class=\"ez-toc-section\" id=\"Mappa_degli_aeroporti_delle_Hawaii\"><\/span><span style=\"color: #2a2a2a;\">Mappa degli aeroporti delle Hawaii<\/span><span class=\"ez-toc-section-end\"><\/span><\/h3>\n<p><iframe src=\"https:\/\/www.google.com\/maps\/d\/embed?mid=1PObX0j5uyTPvkM_ThBzi4MYLBlaW2PxR\" width=\"640\" height=\"480\"><\/iframe><\/p>\n","protected":false},"excerpt":{"rendered":"<p>Anche se le Hawaii sono lontane dagli Stati Uniti continentali, gli aeroporti delle Hawaii gestiscono una quantit\u00e0 significativa di traffico aereo. Popolare come destinazione turistica, soprattutto tra i cittadini statunitensi, le Hawaii offrono diversi aeroporti per i passeggeri in arrivo. In sostanza, tutto dipende da quale isola delle Hawaii volete andare. Ci sono otto aeroporti [&hellip;]<\/p>\n<p><a class=\"more-link btn btn-primary\" href=\"https:\/\/traveling.com\/it\/blog\/aeroporti-hawaii\/\"> Continua a leggere\u2026<\/a><\/p>\n","protected":false},"author":1,"featured_media":0,"parent":0,"menu_order":0,"comment_status":"closed","ping_status":"closed","template":"","meta":[],"yoast_head":"<!-- This site is optimized with the Yoast SEO plugin v19.8 - https:\/\/yoast.com\/wordpress\/plugins\/seo\/ -->\n<title>Aeroporti alle Hawaii - Codici IATA, Mappa e Informazioni Di Viaggio<\/title>\n<meta name=\"description\" content=\"Controllate qui tutte le informazioni necessarie degli aeroporti delle Hawaii. Troverete la mappa degli aeroporti alla fine di questo post.\" \/>\n<meta name=\"robots\" content=\"index, follow, max-snippet:-1, max-image-preview:large, max-video-preview:-1\" \/>\n<link rel=\"canonical\" href=\"https:\/\/traveling.com\/it\/blog\/aeroporti-hawaii\/\" \/>\n<meta property=\"og:locale\" content=\"it_IT\" \/>\n<meta property=\"og:type\" content=\"article\" \/>\n<meta property=\"og:title\" content=\"Aeroporti alle Hawaii - Codici IATA, Mappa e Informazioni Di Viaggio\" \/>\n<meta property=\"og:description\" content=\"Controllate qui tutte le informazioni necessarie degli aeroporti delle Hawaii. Troverete la mappa degli aeroporti alla fine di questo post.\" \/>\n<meta property=\"og:url\" content=\"https:\/\/traveling.com\/it\/blog\/aeroporti-hawaii\/\" \/>\n<meta property=\"og:site_name\" content=\"Traveling.com Blog\" \/>\n<meta property=\"article:modified_time\" content=\"2025-03-24T14:58:27+00:00\" \/>\n<meta name=\"twitter:card\" content=\"summary_large_image\" \/>\n<meta name=\"twitter:label1\" content=\"Est. reading time\" \/>\n\t<meta name=\"twitter:data1\" content=\"3 minutes\" \/>\n<script type=\"application\/ld+json\" class=\"yoast-schema-graph\">{\"@context\":\"https:\/\/schema.org\",\"@graph\":[{\"@type\":\"WebPage\",\"@id\":\"https:\/\/traveling.com\/it\/blog\/aeroporti-hawaii\/\",\"url\":\"https:\/\/traveling.com\/it\/blog\/aeroporti-hawaii\/\",\"name\":\"Aeroporti alle Hawaii - Codici IATA, Mappa e Informazioni Di Viaggio\",\"isPartOf\":{\"@id\":\"https:\/\/traveling.com\/it\/blog\/#website\"},\"datePublished\":\"2021-06-21T14:22:44+00:00\",\"dateModified\":\"2025-03-24T14:58:27+00:00\",\"description\":\"Controllate qui tutte le informazioni necessarie degli aeroporti delle Hawaii. Troverete la mappa degli aeroporti alla fine di questo post.\",\"breadcrumb\":{\"@id\":\"https:\/\/traveling.com\/it\/blog\/aeroporti-hawaii\/#breadcrumb\"},\"inLanguage\":\"it-IT\",\"potentialAction\":[{\"@type\":\"ReadAction\",\"target\":[\"https:\/\/traveling.com\/it\/blog\/aeroporti-hawaii\/\"]}]},{\"@type\":\"BreadcrumbList\",\"@id\":\"https:\/\/traveling.com\/it\/blog\/aeroporti-hawaii\/#breadcrumb\",\"itemListElement\":[{\"@type\":\"ListItem\",\"position\":1,\"name\":\"Home\",\"item\":\"https:\/\/traveling.com\/it\/blog\/\"},{\"@type\":\"ListItem\",\"position\":2,\"name\":\"Aeroporti alle Hawaii\"}]},{\"@type\":\"WebSite\",\"@id\":\"https:\/\/traveling.com\/it\/blog\/#website\",\"url\":\"https:\/\/traveling.com\/it\/blog\/\",\"name\":\"Traveling.com Blog\",\"description\":\"La Tua Guida di Viaggio Completa\",\"potentialAction\":[{\"@type\":\"SearchAction\",\"target\":{\"@type\":\"EntryPoint\",\"urlTemplate\":\"https:\/\/traveling.com\/it\/blog\/?s={search_term_string}\"},\"query-input\":\"required name=search_term_string\"}],\"inLanguage\":\"it-IT\"}]}<\/script>\n<!-- \/ Yoast SEO plugin. -->","yoast_head_json":{"title":"Aeroporti alle Hawaii - Codici IATA, Mappa e Informazioni Di Viaggio","description":"Controllate qui tutte le informazioni necessarie degli aeroporti delle Hawaii. Troverete la mappa degli aeroporti alla fine di questo post.","robots":{"index":"index","follow":"follow","max-snippet":"max-snippet:-1","max-image-preview":"max-image-preview:large","max-video-preview":"max-video-preview:-1"},"canonical":"https:\/\/traveling.com\/it\/blog\/aeroporti-hawaii\/","og_locale":"it_IT","og_type":"article","og_title":"Aeroporti alle Hawaii - Codici IATA, Mappa e Informazioni Di Viaggio","og_description":"Controllate qui tutte le informazioni necessarie degli aeroporti delle Hawaii. Troverete la mappa degli aeroporti alla fine di questo post.","og_url":"https:\/\/traveling.com\/it\/blog\/aeroporti-hawaii\/","og_site_name":"Traveling.com Blog","article_modified_time":"2025-03-24T14:58:27+00:00","twitter_card":"summary_large_image","twitter_misc":{"Est. reading time":"3 minutes"},"schema":{"@context":"https:\/\/schema.org","@graph":[{"@type":"WebPage","@id":"https:\/\/traveling.com\/it\/blog\/aeroporti-hawaii\/","url":"https:\/\/traveling.com\/it\/blog\/aeroporti-hawaii\/","name":"Aeroporti alle Hawaii - Codici IATA, Mappa e Informazioni Di Viaggio","isPartOf":{"@id":"https:\/\/traveling.com\/it\/blog\/#website"},"datePublished":"2021-06-21T14:22:44+00:00","dateModified":"2025-03-24T14:58:27+00:00","description":"Controllate qui tutte le informazioni necessarie degli aeroporti delle Hawaii. Troverete la mappa degli aeroporti alla fine di questo post.","breadcrumb":{"@id":"https:\/\/traveling.com\/it\/blog\/aeroporti-hawaii\/#breadcrumb"},"inLanguage":"it-IT","potentialAction":[{"@type":"ReadAction","target":["https:\/\/traveling.com\/it\/blog\/aeroporti-hawaii\/"]}]},{"@type":"BreadcrumbList","@id":"https:\/\/traveling.com\/it\/blog\/aeroporti-hawaii\/#breadcrumb","itemListElement":[{"@type":"ListItem","position":1,"name":"Home","item":"https:\/\/traveling.com\/it\/blog\/"},{"@type":"ListItem","position":2,"name":"Aeroporti alle Hawaii"}]},{"@type":"WebSite","@id":"https:\/\/traveling.com\/it\/blog\/#website","url":"https:\/\/traveling.com\/it\/blog\/","name":"Traveling.com Blog","description":"La Tua Guida di Viaggio Completa","potentialAction":[{"@type":"SearchAction","target":{"@type":"EntryPoint","urlTemplate":"https:\/\/traveling.com\/it\/blog\/?s={search_term_string}"},"query-input":"required name=search_term_string"}],"inLanguage":"it-IT"}]}},"_links":{"self":[{"href":"https:\/\/traveling.com\/it\/blog\/wp-json\/wp\/v2\/pages\/7635"}],"collection":[{"href":"https:\/\/traveling.com\/it\/blog\/wp-json\/wp\/v2\/pages"}],"about":[{"href":"https:\/\/traveling.com\/it\/blog\/wp-json\/wp\/v2\/types\/page"}],"author":[{"embeddable":true,"href":"https:\/\/traveling.com\/it\/blog\/wp-json\/wp\/v2\/users\/1"}],"replies":[{"embeddable":true,"href":"https:\/\/traveling.com\/it\/blog\/wp-json\/wp\/v2\/comments?post=7635"}],"version-history":[{"count":9,"href":"https:\/\/traveling.com\/it\/blog\/wp-json\/wp\/v2\/pages\/7635\/revisions"}],"predecessor-version":[{"id":8201,"href":"https:\/\/traveling.com\/it\/blog\/wp-json\/wp\/v2\/pages\/7635\/revisions\/8201"}],"wp:attachment":[{"href":"https:\/\/traveling.com\/it\/blog\/wp-json\/wp\/v2\/media?parent=7635"}],"curies":[{"name":"wp","href":"https:\/\/api.w.org\/{rel}","templated":true}]}}