{"id":7699,"date":"2021-06-21T07:11:29","date_gmt":"2021-06-21T07:11:29","guid":{"rendered":"https:\/\/getbybus.com\/it\/blog\/?page_id=7699"},"modified":"2025-03-24T14:58:32","modified_gmt":"2025-03-24T14:58:32","slug":"aeroporti-kentucky","status":"publish","type":"page","link":"https:\/\/traveling.com\/it\/blog\/aeroporti-kentucky\/","title":{"rendered":"Aeroporti in Kentucky"},"content":{"rendered":"<p>Il <strong>Kentucky<\/strong> ha un totale di <strong>5 aeroporti<\/strong> che offrono voli commerciali tutto l&#8217;anno. L&#8217;Aeroporto di Cincinnati, insieme all&#8217;Aeroporto di Louisville e all&#8217;Aeroporto di Lexington Blue Grass, gestisce la maggior parte del traffico aereo del Kentucky. I restanti due sono aeroporti regionali del Kentucky serviti da compagnie aeree a basso costo. Tutti e cinque gli aeroporti combinano un totale di circa 15 milioni di passeggeri all&#8217;anno. Pertanto, gli aeroporti del Kentucky rappresentano una piccola parte delle entrate totali per gli aeroporti statunitensi. Per una migliore comprensione dell&#8217;ubicazione degli aeroporti, abbiamo incluso una <strong>mappa degli aeroporti del Kentucky<\/strong>.<\/p>\n<h3><span class=\"ez-toc-section\" id=\"Elenco_degli_aeroporti\"><\/span><span style=\"color: #2a2a2a;\">Elenco degli aeroporti<\/span><span class=\"ez-toc-section-end\"><\/span><\/h3>\n<h4><span class=\"ez-toc-section\" id=\"Aeroporto_Internazionale_di_Cincinnati-Kentucky_Settentrionale_-_Codice_IATA_-_CVG_9_milioni_di_passeggeri\"><\/span><span style=\"color: #2a2a2a;\">Aeroporto Internazionale di Cincinnati-Kentucky Settentrionale<\/span> &#8211; Codice IATA &#8211; CVG (~ 9 milioni di passeggeri)<span class=\"ez-toc-section-end\"><\/span><\/h4>\n<p>L&#8217;<strong>Aeroporto Internazionale di Cincinnati<\/strong> serve l\u2019area metropolitana di Cincinnati e l&#8217;area circostante. \u00c8 l&#8217;aeroporto pi\u00f9 trafficato del Kentucky, situato a circa 20 km dalla citt\u00e0. L&#8217;aeroporto ha un terminal con 2 atri. <strong>Delta<\/strong>, <strong>Endeavour<\/strong> e <strong>Allegiant Air<\/strong> hanno tutte partenze regolari dall&#8217;aeroporto, mentre Chicago e Atlanta sono in cima alla lista delle destinazioni nazionali pi\u00f9 frequenti. TANK trasporto pubblico, taxi, furgoni e navette sono a disposizione per raggiungere la citt\u00e0 di Cincinnati.<\/p>\n<h4><span class=\"ez-toc-section\" id=\"Aeroporto_Internazionale_di_Louisville_-_Codice_IATA_-_SDF_42_milioni_di_passeggeri\"><\/span><span style=\"color: #2a2a2a;\">Aeroporto Internazionale di Louisville<\/span> &#8211; Codice IATA &#8211; SDF (~ 4,2 milioni di passeggeri)<span class=\"ez-toc-section-end\"><\/span><\/h4>\n<p>L&#8217;<strong>Aeroporto di Louisville<\/strong>, recentemente rinominato in Aeroporto Internazionale Muhammad Al\u00ec di Louisville, \u00e8 il secondo aeroporto del Kentucky. Anche se si chiama &#8220;internazionale&#8221;, si concentra sui voli nazionali, principalmente verso Atlanta e Charlotte. L&#8217;aeroporto si trova a circa 8 km a sud del centro della citt\u00e0, e per arrivarci la scelta comune \u00e8 il servizio pubblico TARC, oltre a furgoni condivisi, taxi e navette. Come accennato in precedenza, i voli nazionali sono una priorit\u00e0 all&#8217;aeroporto, quindi <strong>Southwest Airlines<\/strong> e <strong>Delta<\/strong> gestiscono la maggior parte del traffico aereo.<\/p>\n<h4><span class=\"ez-toc-section\" id=\"Aeroporto_di_Lexington_Blue_Grass_-_Codice_IATA_-_LEX_13_milioni_di_passeggeri\"><\/span><span style=\"color: #2a2a2a;\">Aeroporto di Lexington Blue Grass<\/span> &#8211; Codice IATA &#8211; LEX (~ 1,3 milioni di passeggeri)<span class=\"ez-toc-section-end\"><\/span><\/h4>\n<p>L\u2019<strong>Aeroporto di Blue Grass<\/strong> \u00e8 uno degli aeroporti statunitensi pi\u00f9 piccoli, secondo la classificazione FAA. Si trova a Fayette, a circa 8 km dalla citt\u00e0 di Lexington. L&#8217;aeroporto serve rotte nazionali tramite <strong>Allegiant Air<\/strong>, <strong>American Airlines<\/strong>, <strong>Delta<\/strong> e <strong>United Airlines<\/strong>. Atlanta e Chicago sono le 2 principali citt\u00e0 collegate, entrambe con oltre 100.000 passeggeri all&#8217;anno. Raggiungere la citt\u00e0 di Lexington \u00e8 possibile con i mezzi pubblici LexTran, navette e taxi.<\/p>\n<p><strong><span style=\"color: #2a2a2a;\">Aeroporto Regionale di Owensboro-Contea di Daviess<\/span> &#8211; Codice IATA &#8211; OWB<\/strong><\/p>\n<ul>\n<li aria-level=\"1\">Citt\u00e0 vicine: Owensboro (5 km)<\/li>\n<li aria-level=\"1\">Compagnie aeree: Allegiant Air, Cape Air<\/li>\n<\/ul>\n<p><strong><span style=\"color: #2a2a2a;\">Aeroporto Regionale di Barkley<\/span> &#8211; Codice IATA &#8211; PAH<\/strong><\/p>\n<ul>\n<li aria-level=\"1\">Citt\u00e0 vicine: Paducah (22 km)<\/li>\n<li aria-level=\"1\">Compagnia aerea: United Express<\/li>\n<\/ul>\n<h3><span class=\"ez-toc-section\" id=\"Aeroporti_negli_stati_vicini\"><\/span><span style=\"color: #2a2a2a;\">Aeroporti negli stati vicini<\/span><span class=\"ez-toc-section-end\"><\/span><\/h3>\n<table style=\"border-collapse: collapse; width: 100%;\" border=\"1\">\n<tbody>\n<tr>\n<td style=\"width: 33.3333%; text-align: center;\"><a href=\"https:\/\/Traveling.com\/it\/blog\/aeroporti-illinois\/\"><span style=\"color: #2a2a2a;\"><strong>Aeroporti in Illinois<\/strong><\/span><\/a><\/td>\n<td style=\"width: 33.3333%; text-align: center;\"><a href=\"https:\/\/Traveling.com\/it\/blog\/aeroporti-indiana\/\"><span style=\"color: #2a2a2a;\"><strong>Aeroporti in Indiana<\/strong><\/span><\/a><\/td>\n<td style=\"width: 33.3333%; text-align: center;\"><a href=\"https:\/\/Traveling.com\/it\/blog\/aeroporti-ohio\/\"><span style=\"color: #2a2a2a;\"><strong>Aeroporti in Ohio<\/strong><\/span><\/a><\/td>\n<\/tr>\n<tr>\n<td style=\"width: 33.3333%; text-align: center;\"><a href=\"https:\/\/Traveling.com\/it\/blog\/aeroporti-virginia-occidentale\/\"><span style=\"color: #2a2a2a;\"><strong>Aeroporti in Virginia Occidentale<\/strong><\/span><\/a><\/td>\n<td style=\"width: 33.3333%; text-align: center;\"><a href=\"https:\/\/Traveling.com\/it\/blog\/aeroporti-virginia\/\"><span style=\"color: #2a2a2a;\"><strong>Aeroporti in Virginia<\/strong><\/span><\/a><\/td>\n<td style=\"width: 33.3333%; text-align: center;\"><a href=\"https:\/\/Traveling.com\/it\/blog\/aeroporti-tennessee\/\"><span style=\"color: #2a2a2a;\"><strong>Aeroporti in Tennessee<\/strong><\/span><\/a><\/td>\n<\/tr>\n<\/tbody>\n<\/table>\n<h3><span class=\"ez-toc-section\" id=\"Mappa_degli_aeroporti_del_Kentucky\"><\/span><span style=\"color: #2a2a2a;\">Mappa degli aeroporti del Kentucky<\/span><span class=\"ez-toc-section-end\"><\/span><\/h3>\n<p><iframe src=\"https:\/\/www.google.com\/maps\/d\/embed?mid=1rl6dZnqjeA0sk7McB2UKf2nb1im1pv_F\" width=\"640\" height=\"480\"><\/iframe><\/p>\n","protected":false},"excerpt":{"rendered":"<p>Il Kentucky ha un totale di 5 aeroporti che offrono voli commerciali tutto l&#8217;anno. L&#8217;Aeroporto di Cincinnati, insieme all&#8217;Aeroporto di Louisville e all&#8217;Aeroporto di Lexington Blue Grass, gestisce la maggior parte del traffico aereo del Kentucky. I restanti due sono aeroporti regionali del Kentucky serviti da compagnie aeree a basso costo. Tutti e cinque gli [&hellip;]<\/p>\n<p><a class=\"more-link btn btn-primary\" href=\"https:\/\/traveling.com\/it\/blog\/aeroporti-kentucky\/\"> Continua a leggere\u2026<\/a><\/p>\n","protected":false},"author":1,"featured_media":0,"parent":0,"menu_order":0,"comment_status":"closed","ping_status":"closed","template":"","meta":[],"yoast_head":"<!-- This site is optimized with the Yoast SEO plugin v19.8 - https:\/\/yoast.com\/wordpress\/plugins\/seo\/ -->\n<title>Aeroporti in Kentucky - Codici IATA, Mappa e Informazioni Di Viaggio<\/title>\n<meta name=\"description\" content=\"Controllate qui tutte le informazioni necessarie degli aeroporti del Kentucky. Troverete la mappa degli aeroporti alla fine di questo post.\" \/>\n<meta name=\"robots\" content=\"index, follow, max-snippet:-1, max-image-preview:large, max-video-preview:-1\" \/>\n<link rel=\"canonical\" href=\"https:\/\/traveling.com\/it\/blog\/aeroporti-kentucky\/\" \/>\n<meta property=\"og:locale\" content=\"it_IT\" \/>\n<meta property=\"og:type\" content=\"article\" \/>\n<meta property=\"og:title\" content=\"Aeroporti in Kentucky - Codici IATA, Mappa e Informazioni Di Viaggio\" \/>\n<meta property=\"og:description\" content=\"Controllate qui tutte le informazioni necessarie degli aeroporti del Kentucky. Troverete la mappa degli aeroporti alla fine di questo post.\" \/>\n<meta property=\"og:url\" content=\"https:\/\/traveling.com\/it\/blog\/aeroporti-kentucky\/\" \/>\n<meta property=\"og:site_name\" content=\"Traveling.com Blog\" \/>\n<meta property=\"article:modified_time\" content=\"2025-03-24T14:58:32+00:00\" \/>\n<meta name=\"twitter:card\" content=\"summary_large_image\" \/>\n<meta name=\"twitter:label1\" content=\"Est. reading time\" \/>\n\t<meta name=\"twitter:data1\" content=\"2 minutes\" \/>\n<script type=\"application\/ld+json\" class=\"yoast-schema-graph\">{\"@context\":\"https:\/\/schema.org\",\"@graph\":[{\"@type\":\"WebPage\",\"@id\":\"https:\/\/traveling.com\/it\/blog\/aeroporti-kentucky\/\",\"url\":\"https:\/\/traveling.com\/it\/blog\/aeroporti-kentucky\/\",\"name\":\"Aeroporti in Kentucky - Codici IATA, Mappa e Informazioni Di Viaggio\",\"isPartOf\":{\"@id\":\"https:\/\/traveling.com\/it\/blog\/#website\"},\"datePublished\":\"2021-06-21T07:11:29+00:00\",\"dateModified\":\"2025-03-24T14:58:32+00:00\",\"description\":\"Controllate qui tutte le informazioni necessarie degli aeroporti del Kentucky. Troverete la mappa degli aeroporti alla fine di questo post.\",\"breadcrumb\":{\"@id\":\"https:\/\/traveling.com\/it\/blog\/aeroporti-kentucky\/#breadcrumb\"},\"inLanguage\":\"it-IT\",\"potentialAction\":[{\"@type\":\"ReadAction\",\"target\":[\"https:\/\/traveling.com\/it\/blog\/aeroporti-kentucky\/\"]}]},{\"@type\":\"BreadcrumbList\",\"@id\":\"https:\/\/traveling.com\/it\/blog\/aeroporti-kentucky\/#breadcrumb\",\"itemListElement\":[{\"@type\":\"ListItem\",\"position\":1,\"name\":\"Home\",\"item\":\"https:\/\/traveling.com\/it\/blog\/\"},{\"@type\":\"ListItem\",\"position\":2,\"name\":\"Aeroporti in Kentucky\"}]},{\"@type\":\"WebSite\",\"@id\":\"https:\/\/traveling.com\/it\/blog\/#website\",\"url\":\"https:\/\/traveling.com\/it\/blog\/\",\"name\":\"Traveling.com Blog\",\"description\":\"La Tua Guida di Viaggio Completa\",\"potentialAction\":[{\"@type\":\"SearchAction\",\"target\":{\"@type\":\"EntryPoint\",\"urlTemplate\":\"https:\/\/traveling.com\/it\/blog\/?s={search_term_string}\"},\"query-input\":\"required name=search_term_string\"}],\"inLanguage\":\"it-IT\"}]}<\/script>\n<!-- \/ Yoast SEO plugin. -->","yoast_head_json":{"title":"Aeroporti in Kentucky - Codici IATA, Mappa e Informazioni Di Viaggio","description":"Controllate qui tutte le informazioni necessarie degli aeroporti del Kentucky. Troverete la mappa degli aeroporti alla fine di questo post.","robots":{"index":"index","follow":"follow","max-snippet":"max-snippet:-1","max-image-preview":"max-image-preview:large","max-video-preview":"max-video-preview:-1"},"canonical":"https:\/\/traveling.com\/it\/blog\/aeroporti-kentucky\/","og_locale":"it_IT","og_type":"article","og_title":"Aeroporti in Kentucky - Codici IATA, Mappa e Informazioni Di Viaggio","og_description":"Controllate qui tutte le informazioni necessarie degli aeroporti del Kentucky. Troverete la mappa degli aeroporti alla fine di questo post.","og_url":"https:\/\/traveling.com\/it\/blog\/aeroporti-kentucky\/","og_site_name":"Traveling.com Blog","article_modified_time":"2025-03-24T14:58:32+00:00","twitter_card":"summary_large_image","twitter_misc":{"Est. reading time":"2 minutes"},"schema":{"@context":"https:\/\/schema.org","@graph":[{"@type":"WebPage","@id":"https:\/\/traveling.com\/it\/blog\/aeroporti-kentucky\/","url":"https:\/\/traveling.com\/it\/blog\/aeroporti-kentucky\/","name":"Aeroporti in Kentucky - Codici IATA, Mappa e Informazioni Di Viaggio","isPartOf":{"@id":"https:\/\/traveling.com\/it\/blog\/#website"},"datePublished":"2021-06-21T07:11:29+00:00","dateModified":"2025-03-24T14:58:32+00:00","description":"Controllate qui tutte le informazioni necessarie degli aeroporti del Kentucky. Troverete la mappa degli aeroporti alla fine di questo post.","breadcrumb":{"@id":"https:\/\/traveling.com\/it\/blog\/aeroporti-kentucky\/#breadcrumb"},"inLanguage":"it-IT","potentialAction":[{"@type":"ReadAction","target":["https:\/\/traveling.com\/it\/blog\/aeroporti-kentucky\/"]}]},{"@type":"BreadcrumbList","@id":"https:\/\/traveling.com\/it\/blog\/aeroporti-kentucky\/#breadcrumb","itemListElement":[{"@type":"ListItem","position":1,"name":"Home","item":"https:\/\/traveling.com\/it\/blog\/"},{"@type":"ListItem","position":2,"name":"Aeroporti in Kentucky"}]},{"@type":"WebSite","@id":"https:\/\/traveling.com\/it\/blog\/#website","url":"https:\/\/traveling.com\/it\/blog\/","name":"Traveling.com Blog","description":"La Tua Guida di Viaggio Completa","potentialAction":[{"@type":"SearchAction","target":{"@type":"EntryPoint","urlTemplate":"https:\/\/traveling.com\/it\/blog\/?s={search_term_string}"},"query-input":"required name=search_term_string"}],"inLanguage":"it-IT"}]}},"_links":{"self":[{"href":"https:\/\/traveling.com\/it\/blog\/wp-json\/wp\/v2\/pages\/7699"}],"collection":[{"href":"https:\/\/traveling.com\/it\/blog\/wp-json\/wp\/v2\/pages"}],"about":[{"href":"https:\/\/traveling.com\/it\/blog\/wp-json\/wp\/v2\/types\/page"}],"author":[{"embeddable":true,"href":"https:\/\/traveling.com\/it\/blog\/wp-json\/wp\/v2\/users\/1"}],"replies":[{"embeddable":true,"href":"https:\/\/traveling.com\/it\/blog\/wp-json\/wp\/v2\/comments?post=7699"}],"version-history":[{"count":8,"href":"https:\/\/traveling.com\/it\/blog\/wp-json\/wp\/v2\/pages\/7699\/revisions"}],"predecessor-version":[{"id":8207,"href":"https:\/\/traveling.com\/it\/blog\/wp-json\/wp\/v2\/pages\/7699\/revisions\/8207"}],"wp:attachment":[{"href":"https:\/\/traveling.com\/it\/blog\/wp-json\/wp\/v2\/media?parent=7699"}],"curies":[{"name":"wp","href":"https:\/\/api.w.org\/{rel}","templated":true}]}}