{"id":7722,"date":"2021-06-22T07:42:55","date_gmt":"2021-06-22T07:42:55","guid":{"rendered":"https:\/\/getbybus.com\/it\/blog\/?page_id=7722"},"modified":"2025-03-24T14:58:33","modified_gmt":"2025-03-24T14:58:33","slug":"aeroporti-maryland","status":"publish","type":"page","link":"https:\/\/traveling.com\/it\/blog\/aeroporti-maryland\/","title":{"rendered":"Aeroporti in Maryland"},"content":{"rendered":"<p>Il traffico aereo degli aeroporti del Maryland \u00e8 incentrato sull&#8217;Aeroporto di Baltimora. \u00c8 <strong>l&#8217;unico aeroporto pi\u00f9 grande del Maryland<\/strong> e gestisce pi\u00f9 di 10 milioni di passeggeri all&#8217;anno. Altri due aeroporti sono regionali e offrono voli nazionali di Allegiant Air o American Eagle. Pertanto, se state pianificando un viaggio nel Maryland, \u00e8 probabile che volerete a Baltimora. Tuttavia, abbiamo incluso anche una piccola mappa degli aeroporti in altri stati degli Stati Uniti limitrofi. In particolare, quelli in Virginia potrebbero essere una buona alternativa, nel caso in cui Baltimora non sia la vostra opzione principale. Inoltre, assicuratevi di controllare la<strong> mappa degli aeroporti nel Maryland<\/strong> alla fine del post.<\/p>\n<h3><span class=\"ez-toc-section\" id=\"Elenco_degli_aeroporti\"><\/span><span style=\"color: #2a2a2a;\">Elenco degli aeroporti<\/span><span class=\"ez-toc-section-end\"><\/span><\/h3>\n<h4><span class=\"ez-toc-section\" id=\"Aeroporto_Internazionale_di_Baltimora-Washington_-_Codice_IATA_-_BWI_27_milioni_di_passeggeri\"><\/span><span style=\"color: #2a2a2a;\">Aeroporto Internazionale di Baltimora-Washington<\/span> &#8211; Codice IATA &#8211; BWI (~ 27 milioni di passeggeri)<span class=\"ez-toc-section-end\"><\/span><\/h4>\n<p>L&#8217;<strong>Aeroporto di Baltimora-Washington<\/strong> \u00e8 un aeroporto internazionale sulla East Coast, situato a 14 km da Baltimora e 48 km da Washington D.C. Serve principalmente la citt\u00e0 di Baltimora, ma \u00e8 formalmente noto come uno dei tre aeroporti che servono l&#8217;area di D.C. Sebbene offra voli internazionali, la maggior parte delle rotte sono con citt\u00e0 nazionali. <strong>Southwest Airlines<\/strong> e <strong>Spirit<\/strong> gestiscono la maggior parte del traffico aereo a BWI Marshall. Per quanto riguarda il trasporto via terra, BWI offre abbastanza opzioni. MTA Transit e Amtrak hanno linee regolari di autobus\/treni, con servizi standard come taxi e navette.<\/p>\n<p><strong><span style=\"color: #2a2a2a;\">Aeroporto Regionale di Hagerstown<\/span> &#8211; Codice IATA &#8211; HGR<\/strong><\/p>\n<ul>\n<li aria-level=\"1\">Citt\u00e0 vicine: Hagerstown (7 km)<\/li>\n<li aria-level=\"1\">Compagnia aerea: Allegiant Air<\/li>\n<\/ul>\n<p><strong><span style=\"color: #2a2a2a;\">Aeroporto di Salisbury-Ocean City-Wicomico<\/span> &#8211; Codice IATA &#8211; SBY<\/strong><\/p>\n<ul>\n<li aria-level=\"1\">Chiamato anche: Aeroporto Regionale di Salisbury<\/li>\n<li aria-level=\"1\">Citt\u00e0 vicine: Salisbury (8 km)<\/li>\n<li aria-level=\"1\">Compagnia aerea: American Eagle<\/li>\n<\/ul>\n<h3><span class=\"ez-toc-section\" id=\"Aeroporti_negli_stati_vicini\"><\/span><span style=\"color: #2a2a2a;\">Aeroporti negli stati vicini<\/span><span class=\"ez-toc-section-end\"><\/span><\/h3>\n<table style=\"border-collapse: collapse; width: 100%;\" border=\"1\">\n<tbody>\n<tr>\n<td style=\"width: 50%; text-align: center;\"><a href=\"https:\/\/Traveling.com\/it\/blog\/aeroporti-delaware\/\"><span style=\"color: #2a2a2a;\"><strong>Aeroporti in Delaware<\/strong><\/span><\/a><\/td>\n<td style=\"width: 50%; text-align: center;\"><a href=\"https:\/\/Traveling.com\/it\/blog\/aeroporti-pennsylvania\/\"><span style=\"color: #2a2a2a;\"><strong>Aeroporti in Pennsylvania<\/strong><\/span><\/a><\/td>\n<\/tr>\n<tr>\n<td style=\"width: 50%; text-align: center;\"><a href=\"https:\/\/Traveling.com\/it\/blog\/aeroporti-virginia\/\"><span style=\"color: #2a2a2a;\"><strong>Aeroporti in Virginia<\/strong><\/span><\/a><\/td>\n<td style=\"width: 50%; text-align: center;\"><a href=\"https:\/\/Traveling.com\/it\/blog\/aeroporti-virginia-occidentale\/\"><span style=\"color: #2a2a2a;\"><strong>Aeroporti in Virginia Occidentale<\/strong><\/span><\/a><\/td>\n<\/tr>\n<\/tbody>\n<\/table>\n<h3><span class=\"ez-toc-section\" id=\"Mappa_degli_aeroporti_del_Maryland\"><\/span><span style=\"color: #2a2a2a;\">Mappa degli aeroporti del Maryland<\/span><span class=\"ez-toc-section-end\"><\/span><\/h3>\n<p><iframe src=\"https:\/\/www.google.com\/maps\/d\/embed?mid=1_LM2-vF3LaWRgmSdwG2DwKpc3fFgGisr\" width=\"640\" height=\"480\"><\/iframe><\/p>\n","protected":false},"excerpt":{"rendered":"<p>Il traffico aereo degli aeroporti del Maryland \u00e8 incentrato sull&#8217;Aeroporto di Baltimora. \u00c8 l&#8217;unico aeroporto pi\u00f9 grande del Maryland e gestisce pi\u00f9 di 10 milioni di passeggeri all&#8217;anno. Altri due aeroporti sono regionali e offrono voli nazionali di Allegiant Air o American Eagle. Pertanto, se state pianificando un viaggio nel Maryland, \u00e8 probabile che volerete [&hellip;]<\/p>\n<p><a class=\"more-link btn btn-primary\" href=\"https:\/\/traveling.com\/it\/blog\/aeroporti-maryland\/\"> Continua a leggere\u2026<\/a><\/p>\n","protected":false},"author":1,"featured_media":0,"parent":0,"menu_order":0,"comment_status":"closed","ping_status":"closed","template":"","meta":[],"yoast_head":"<!-- This site is optimized with the Yoast SEO plugin v19.8 - https:\/\/yoast.com\/wordpress\/plugins\/seo\/ -->\n<title>Aeroporti in Maryland - Codici IATA, Mappa e Informazioni Di Viaggio<\/title>\n<meta name=\"description\" content=\"Controllate qui tutte le informazioni necessarie degli aeroporti del Maryland. Troverete la mappa degli aeroporti alla fine di questo post.\" \/>\n<meta name=\"robots\" content=\"index, follow, max-snippet:-1, max-image-preview:large, max-video-preview:-1\" \/>\n<link rel=\"canonical\" href=\"https:\/\/traveling.com\/it\/blog\/aeroporti-maryland\/\" \/>\n<meta property=\"og:locale\" content=\"it_IT\" \/>\n<meta property=\"og:type\" content=\"article\" \/>\n<meta property=\"og:title\" content=\"Aeroporti in Maryland - Codici IATA, Mappa e Informazioni Di Viaggio\" \/>\n<meta property=\"og:description\" content=\"Controllate qui tutte le informazioni necessarie degli aeroporti del Maryland. Troverete la mappa degli aeroporti alla fine di questo post.\" \/>\n<meta property=\"og:url\" content=\"https:\/\/traveling.com\/it\/blog\/aeroporti-maryland\/\" \/>\n<meta property=\"og:site_name\" content=\"Traveling.com Blog\" \/>\n<meta property=\"article:modified_time\" content=\"2025-03-24T14:58:33+00:00\" \/>\n<meta name=\"twitter:card\" content=\"summary_large_image\" \/>\n<meta name=\"twitter:label1\" content=\"Est. reading time\" \/>\n\t<meta name=\"twitter:data1\" content=\"1 minute\" \/>\n<script type=\"application\/ld+json\" class=\"yoast-schema-graph\">{\"@context\":\"https:\/\/schema.org\",\"@graph\":[{\"@type\":\"WebPage\",\"@id\":\"https:\/\/traveling.com\/it\/blog\/aeroporti-maryland\/\",\"url\":\"https:\/\/traveling.com\/it\/blog\/aeroporti-maryland\/\",\"name\":\"Aeroporti in Maryland - Codici IATA, Mappa e Informazioni Di Viaggio\",\"isPartOf\":{\"@id\":\"https:\/\/traveling.com\/it\/blog\/#website\"},\"datePublished\":\"2021-06-22T07:42:55+00:00\",\"dateModified\":\"2025-03-24T14:58:33+00:00\",\"description\":\"Controllate qui tutte le informazioni necessarie degli aeroporti del Maryland. Troverete la mappa degli aeroporti alla fine di questo post.\",\"breadcrumb\":{\"@id\":\"https:\/\/traveling.com\/it\/blog\/aeroporti-maryland\/#breadcrumb\"},\"inLanguage\":\"it-IT\",\"potentialAction\":[{\"@type\":\"ReadAction\",\"target\":[\"https:\/\/traveling.com\/it\/blog\/aeroporti-maryland\/\"]}]},{\"@type\":\"BreadcrumbList\",\"@id\":\"https:\/\/traveling.com\/it\/blog\/aeroporti-maryland\/#breadcrumb\",\"itemListElement\":[{\"@type\":\"ListItem\",\"position\":1,\"name\":\"Home\",\"item\":\"https:\/\/traveling.com\/it\/blog\/\"},{\"@type\":\"ListItem\",\"position\":2,\"name\":\"Aeroporti in Maryland\"}]},{\"@type\":\"WebSite\",\"@id\":\"https:\/\/traveling.com\/it\/blog\/#website\",\"url\":\"https:\/\/traveling.com\/it\/blog\/\",\"name\":\"Traveling.com Blog\",\"description\":\"La Tua Guida di Viaggio Completa\",\"potentialAction\":[{\"@type\":\"SearchAction\",\"target\":{\"@type\":\"EntryPoint\",\"urlTemplate\":\"https:\/\/traveling.com\/it\/blog\/?s={search_term_string}\"},\"query-input\":\"required name=search_term_string\"}],\"inLanguage\":\"it-IT\"}]}<\/script>\n<!-- \/ Yoast SEO plugin. -->","yoast_head_json":{"title":"Aeroporti in Maryland - Codici IATA, Mappa e Informazioni Di Viaggio","description":"Controllate qui tutte le informazioni necessarie degli aeroporti del Maryland. Troverete la mappa degli aeroporti alla fine di questo post.","robots":{"index":"index","follow":"follow","max-snippet":"max-snippet:-1","max-image-preview":"max-image-preview:large","max-video-preview":"max-video-preview:-1"},"canonical":"https:\/\/traveling.com\/it\/blog\/aeroporti-maryland\/","og_locale":"it_IT","og_type":"article","og_title":"Aeroporti in Maryland - Codici IATA, Mappa e Informazioni Di Viaggio","og_description":"Controllate qui tutte le informazioni necessarie degli aeroporti del Maryland. Troverete la mappa degli aeroporti alla fine di questo post.","og_url":"https:\/\/traveling.com\/it\/blog\/aeroporti-maryland\/","og_site_name":"Traveling.com Blog","article_modified_time":"2025-03-24T14:58:33+00:00","twitter_card":"summary_large_image","twitter_misc":{"Est. reading time":"1 minute"},"schema":{"@context":"https:\/\/schema.org","@graph":[{"@type":"WebPage","@id":"https:\/\/traveling.com\/it\/blog\/aeroporti-maryland\/","url":"https:\/\/traveling.com\/it\/blog\/aeroporti-maryland\/","name":"Aeroporti in Maryland - Codici IATA, Mappa e Informazioni Di Viaggio","isPartOf":{"@id":"https:\/\/traveling.com\/it\/blog\/#website"},"datePublished":"2021-06-22T07:42:55+00:00","dateModified":"2025-03-24T14:58:33+00:00","description":"Controllate qui tutte le informazioni necessarie degli aeroporti del Maryland. Troverete la mappa degli aeroporti alla fine di questo post.","breadcrumb":{"@id":"https:\/\/traveling.com\/it\/blog\/aeroporti-maryland\/#breadcrumb"},"inLanguage":"it-IT","potentialAction":[{"@type":"ReadAction","target":["https:\/\/traveling.com\/it\/blog\/aeroporti-maryland\/"]}]},{"@type":"BreadcrumbList","@id":"https:\/\/traveling.com\/it\/blog\/aeroporti-maryland\/#breadcrumb","itemListElement":[{"@type":"ListItem","position":1,"name":"Home","item":"https:\/\/traveling.com\/it\/blog\/"},{"@type":"ListItem","position":2,"name":"Aeroporti in Maryland"}]},{"@type":"WebSite","@id":"https:\/\/traveling.com\/it\/blog\/#website","url":"https:\/\/traveling.com\/it\/blog\/","name":"Traveling.com Blog","description":"La Tua Guida di Viaggio Completa","potentialAction":[{"@type":"SearchAction","target":{"@type":"EntryPoint","urlTemplate":"https:\/\/traveling.com\/it\/blog\/?s={search_term_string}"},"query-input":"required name=search_term_string"}],"inLanguage":"it-IT"}]}},"_links":{"self":[{"href":"https:\/\/traveling.com\/it\/blog\/wp-json\/wp\/v2\/pages\/7722"}],"collection":[{"href":"https:\/\/traveling.com\/it\/blog\/wp-json\/wp\/v2\/pages"}],"about":[{"href":"https:\/\/traveling.com\/it\/blog\/wp-json\/wp\/v2\/types\/page"}],"author":[{"embeddable":true,"href":"https:\/\/traveling.com\/it\/blog\/wp-json\/wp\/v2\/users\/1"}],"replies":[{"embeddable":true,"href":"https:\/\/traveling.com\/it\/blog\/wp-json\/wp\/v2\/comments?post=7722"}],"version-history":[{"count":9,"href":"https:\/\/traveling.com\/it\/blog\/wp-json\/wp\/v2\/pages\/7722\/revisions"}],"predecessor-version":[{"id":8210,"href":"https:\/\/traveling.com\/it\/blog\/wp-json\/wp\/v2\/pages\/7722\/revisions\/8210"}],"wp:attachment":[{"href":"https:\/\/traveling.com\/it\/blog\/wp-json\/wp\/v2\/media?parent=7722"}],"curies":[{"name":"wp","href":"https:\/\/api.w.org\/{rel}","templated":true}]}}