{"id":7751,"date":"2021-06-22T16:05:41","date_gmt":"2021-06-22T16:05:41","guid":{"rendered":"https:\/\/getbybus.com\/it\/blog\/?page_id=7751"},"modified":"2025-03-24T14:58:34","modified_gmt":"2025-03-24T14:58:34","slug":"aeroporti-minnesota","status":"publish","type":"page","link":"https:\/\/traveling.com\/it\/blog\/aeroporti-minnesota\/","title":{"rendered":"Aeroporti in Minnesota"},"content":{"rendered":"<p>Il Minnesota ha <strong>otto aeroporti<\/strong> che offrono voli commerciali. Tuttavia, la maggior parte del traffico aereo \u00e8 concentrato intorno all&#8217;Aeroporto di Minneapolis, che gestisce la maggior parte dei passeggeri. Altri aeroporti sono classificati come aeroporti statunitensi <i>piccoli hub<\/i> e <i>non hub<\/i>. American Eagle, Delta Air Lines e Allegiant Air a basso costo sono le compagnie aeree pi\u00f9 comuni in questi aeroporti pi\u00f9 piccoli. Pertanto, i passeggeri che viaggiano in Minnesota dovrebbero probabilmente guardare Minneapolis quando volano in Minnesota. Per altri aeroporti, abbiamo incluso una <strong>mappa degli aeroporti del Minnesota<\/strong> alla fine del testo.<\/p>\n<h3><span class=\"ez-toc-section\" id=\"Elenco_degli_aeroporti\"><\/span><span style=\"color: #2a2a2a;\">Elenco degli aeroporti<\/span><span class=\"ez-toc-section-end\"><\/span><\/h3>\n<h4><span class=\"ez-toc-section\" id=\"Aeroporto_Internazionale_di_Minneapolis-Saint_Paul_-_Codice_IATA_-_MSP_40_milioni_di_passeggeri\"><\/span><span style=\"color: #2a2a2a;\">Aeroporto Internazionale di Minneapolis-Saint Paul<\/span> &#8211; Codice IATA &#8211; MSP (~ 40 milioni di passeggeri)<span class=\"ez-toc-section-end\"><\/span><\/h4>\n<p><strong>Aeroporto di Minneapolis-Saint Paul<\/strong> \u00e8 un grande aeroporto statunitense situato a circa 16 km da Minneapolis e St. Paul. \u00c8 l&#8217;aeroporto pi\u00f9 trafficato del Minnesota e dell&#8217;intera regione del Midwest Superiore. L&#8217;aeroporto, noto anche come Wold-Chamberlain Field, \u00e8 il principale hub per <strong>Delta<\/strong> e <strong>Sun Country Airlines<\/strong> a basso costo. 2 grandi terminal accolgono milioni di passeggeri ogni anno. Attualmente, Denver e Chicago sono le destinazioni pi\u00f9 trafficate dall&#8217;Aeroporto MSP. Tuttavia, alcune citt\u00e0 internazionali portano anche un traffico aereo significativo. Metro Transit e Light Rail Transit offrono il trasporto pubblico da e per l&#8217;aeroporto. Ovviamente sul posto ci sono anche taxi e navette.<\/p>\n<p><strong><span style=\"color: #2a2a2a;\">Aeroporto Internazionale di Duluth<\/span> &#8211; Codice IATA &#8211; DLH<\/strong><\/p>\n<ul>\n<li aria-level=\"1\">Citt\u00e0 vicine: Duluth (9 km)<\/li>\n<li aria-level=\"1\">Compagnie aeree: United, Delta, American Eagle<\/li>\n<\/ul>\n<p><strong><span style=\"color: #2a2a2a;\">Aeroporto Internazionale di Rochester<\/span> &#8211; Codice IATA &#8211; RST<\/strong><\/p>\n<ul>\n<li aria-level=\"1\">Citt\u00e0 vicine: Rochester (11 km)<\/li>\n<li aria-level=\"1\">Compagnie aeree: United, Delta, American Eagle<\/li>\n<\/ul>\n<p><strong><span style=\"color: #2a2a2a;\">Aeroporto Regionale di Bemidji<\/span> &#8211; Codice IATA &#8211; BJI<\/strong><\/p>\n<ul>\n<li aria-level=\"1\">Citt\u00e0 vicine: Bemidji (5 km)<\/li>\n<li aria-level=\"1\">Compagnia aerea: Delta<\/li>\n<\/ul>\n<p><strong><span style=\"color: #2a2a2a;\">Aeroporto Regionale di Brainerd Lakes<\/span> &#8211; Codice IATA &#8211; BRD<\/strong><\/p>\n<ul>\n<li aria-level=\"1\">Citt\u00e0 vicine: Brainerd (6 km)<\/li>\n<li aria-level=\"1\">Compagnia aerea: Delta<\/li>\n<\/ul>\n<p><strong><span style=\"color: #2a2a2a;\">Aeroporto Regionale di St. Cloud<\/span> &#8211; Codice IATA &#8211; STC<\/strong><\/p>\n<ul>\n<li aria-level=\"1\">Citt\u00e0 vicine: St. Cloud (7 km)<\/li>\n<li aria-level=\"1\">Compagnia aerea: Allegiant Air<\/li>\n<\/ul>\n<p><strong><span style=\"color: #2a2a2a;\">Aeroporto di International Falls<\/span> &#8211; Codice IATA &#8211; INL<\/strong><\/p>\n<ul>\n<li>Citt\u00e0 vicine: International Falls (3 km)<\/li>\n<li>Compagnia aerea: Delta<\/li>\n<\/ul>\n<p><strong><span style=\"color: #2a2a2a;\">Aeroporto Regionale di Range<\/span> &#8211; Codice IATA &#8211; HIB<\/strong><\/p>\n<ul>\n<li aria-level=\"1\">Chiamato anche: Aeroporto di Chisholm-Hibbing<\/li>\n<li aria-level=\"1\">Citt\u00e0 vicine: Hibbing (7 km)<\/li>\n<li aria-level=\"1\">Compagnia aerea: Delta<\/li>\n<\/ul>\n<h3><span class=\"ez-toc-section\" id=\"Aeroporti_negli_stati_vicini\"><\/span><span style=\"color: #2a2a2a;\">Aeroporti negli stati vicini<\/span><span class=\"ez-toc-section-end\"><\/span><\/h3>\n<table style=\"border-collapse: collapse; width: 100%;\" border=\"1\">\n<tbody>\n<tr>\n<td style=\"width: 50%; text-align: center;\"><a href=\"https:\/\/Traveling.com\/it\/blog\/aeroporti-iowa\/\"><span style=\"color: #2a2a2a;\"><strong>Aeroporti in Iowa<\/strong><\/span><\/a><\/td>\n<td style=\"width: 50%; text-align: center;\"><a href=\"https:\/\/Traveling.com\/it\/blog\/aeroporti-wisconsin\/\"><span style=\"color: #2a2a2a;\"><strong>Aeroporti in Wisconsin<\/strong><\/span><\/a><\/td>\n<\/tr>\n<tr>\n<td style=\"width: 50%; text-align: center;\"><a href=\"https:\/\/Traveling.com\/it\/blog\/aeroporti-dakota-del-sud\/\"><strong><span style=\"color: #2a2a2a;\">A<\/span><\/strong><strong><span style=\"color: #2a2a2a;\">eroporti in<\/span><\/strong><strong><span style=\"color: #2a2a2a;\"> Dakota del Sud<\/span><\/strong><\/a><\/td>\n<td style=\"width: 50%; text-align: center;\"><a href=\"https:\/\/Traveling.com\/it\/blog\/aeroporti-dakota-del-nord\/\"><span style=\"color: #2a2a2a;\"><strong>Aeroporti in Dakota del Nord<\/strong><\/span><\/a><\/td>\n<\/tr>\n<\/tbody>\n<\/table>\n<h3><span class=\"ez-toc-section\" id=\"Mappa_degli_aeroporti_del_Minnesota\"><\/span><span style=\"color: #2a2a2a;\">Mappa degli aeroporti del Minnesota<\/span><span class=\"ez-toc-section-end\"><\/span><\/h3>\n<p><iframe src=\"https:\/\/www.google.com\/maps\/d\/embed?mid=1BgyQz9VuJ3dJ_rUKUfQLYrmhpbMxAAam\" width=\"640\" height=\"480\"><\/iframe><\/p>\n","protected":false},"excerpt":{"rendered":"<p>Il Minnesota ha otto aeroporti che offrono voli commerciali. Tuttavia, la maggior parte del traffico aereo \u00e8 concentrato intorno all&#8217;Aeroporto di Minneapolis, che gestisce la maggior parte dei passeggeri. Altri aeroporti sono classificati come aeroporti statunitensi piccoli hub e non hub. American Eagle, Delta Air Lines e Allegiant Air a basso costo sono le compagnie [&hellip;]<\/p>\n<p><a class=\"more-link btn btn-primary\" href=\"https:\/\/traveling.com\/it\/blog\/aeroporti-minnesota\/\"> Continua a leggere\u2026<\/a><\/p>\n","protected":false},"author":1,"featured_media":0,"parent":0,"menu_order":0,"comment_status":"closed","ping_status":"closed","template":"","meta":[],"yoast_head":"<!-- This site is optimized with the Yoast SEO plugin v19.8 - https:\/\/yoast.com\/wordpress\/plugins\/seo\/ -->\n<title>Aeroporti in Minnesota - Codici IATA, Mappa e Informazioni Di Viaggio<\/title>\n<meta name=\"description\" content=\"Controllate qui tutte le informazioni necessarie degli aeroporti del Minnesota. Troverete la mappa degli aeroporti alla fine di questo post.\" \/>\n<meta name=\"robots\" content=\"index, follow, max-snippet:-1, max-image-preview:large, max-video-preview:-1\" \/>\n<link rel=\"canonical\" href=\"https:\/\/traveling.com\/it\/blog\/aeroporti-minnesota\/\" \/>\n<meta property=\"og:locale\" content=\"it_IT\" \/>\n<meta property=\"og:type\" content=\"article\" \/>\n<meta property=\"og:title\" content=\"Aeroporti in Minnesota - Codici IATA, Mappa e Informazioni Di Viaggio\" \/>\n<meta property=\"og:description\" content=\"Controllate qui tutte le informazioni necessarie degli aeroporti del Minnesota. Troverete la mappa degli aeroporti alla fine di questo post.\" \/>\n<meta property=\"og:url\" content=\"https:\/\/traveling.com\/it\/blog\/aeroporti-minnesota\/\" \/>\n<meta property=\"og:site_name\" content=\"Traveling.com Blog\" \/>\n<meta property=\"article:modified_time\" content=\"2025-03-24T14:58:34+00:00\" \/>\n<meta name=\"twitter:card\" content=\"summary_large_image\" \/>\n<meta name=\"twitter:label1\" content=\"Est. reading time\" \/>\n\t<meta name=\"twitter:data1\" content=\"2 minutes\" \/>\n<script type=\"application\/ld+json\" class=\"yoast-schema-graph\">{\"@context\":\"https:\/\/schema.org\",\"@graph\":[{\"@type\":\"WebPage\",\"@id\":\"https:\/\/traveling.com\/it\/blog\/aeroporti-minnesota\/\",\"url\":\"https:\/\/traveling.com\/it\/blog\/aeroporti-minnesota\/\",\"name\":\"Aeroporti in Minnesota - Codici IATA, Mappa e Informazioni Di Viaggio\",\"isPartOf\":{\"@id\":\"https:\/\/traveling.com\/it\/blog\/#website\"},\"datePublished\":\"2021-06-22T16:05:41+00:00\",\"dateModified\":\"2025-03-24T14:58:34+00:00\",\"description\":\"Controllate qui tutte le informazioni necessarie degli aeroporti del Minnesota. Troverete la mappa degli aeroporti alla fine di questo post.\",\"breadcrumb\":{\"@id\":\"https:\/\/traveling.com\/it\/blog\/aeroporti-minnesota\/#breadcrumb\"},\"inLanguage\":\"it-IT\",\"potentialAction\":[{\"@type\":\"ReadAction\",\"target\":[\"https:\/\/traveling.com\/it\/blog\/aeroporti-minnesota\/\"]}]},{\"@type\":\"BreadcrumbList\",\"@id\":\"https:\/\/traveling.com\/it\/blog\/aeroporti-minnesota\/#breadcrumb\",\"itemListElement\":[{\"@type\":\"ListItem\",\"position\":1,\"name\":\"Home\",\"item\":\"https:\/\/traveling.com\/it\/blog\/\"},{\"@type\":\"ListItem\",\"position\":2,\"name\":\"Aeroporti in Minnesota\"}]},{\"@type\":\"WebSite\",\"@id\":\"https:\/\/traveling.com\/it\/blog\/#website\",\"url\":\"https:\/\/traveling.com\/it\/blog\/\",\"name\":\"Traveling.com Blog\",\"description\":\"La Tua Guida di Viaggio Completa\",\"potentialAction\":[{\"@type\":\"SearchAction\",\"target\":{\"@type\":\"EntryPoint\",\"urlTemplate\":\"https:\/\/traveling.com\/it\/blog\/?s={search_term_string}\"},\"query-input\":\"required name=search_term_string\"}],\"inLanguage\":\"it-IT\"}]}<\/script>\n<!-- \/ Yoast SEO plugin. -->","yoast_head_json":{"title":"Aeroporti in Minnesota - Codici IATA, Mappa e Informazioni Di Viaggio","description":"Controllate qui tutte le informazioni necessarie degli aeroporti del Minnesota. Troverete la mappa degli aeroporti alla fine di questo post.","robots":{"index":"index","follow":"follow","max-snippet":"max-snippet:-1","max-image-preview":"max-image-preview:large","max-video-preview":"max-video-preview:-1"},"canonical":"https:\/\/traveling.com\/it\/blog\/aeroporti-minnesota\/","og_locale":"it_IT","og_type":"article","og_title":"Aeroporti in Minnesota - Codici IATA, Mappa e Informazioni Di Viaggio","og_description":"Controllate qui tutte le informazioni necessarie degli aeroporti del Minnesota. Troverete la mappa degli aeroporti alla fine di questo post.","og_url":"https:\/\/traveling.com\/it\/blog\/aeroporti-minnesota\/","og_site_name":"Traveling.com Blog","article_modified_time":"2025-03-24T14:58:34+00:00","twitter_card":"summary_large_image","twitter_misc":{"Est. reading time":"2 minutes"},"schema":{"@context":"https:\/\/schema.org","@graph":[{"@type":"WebPage","@id":"https:\/\/traveling.com\/it\/blog\/aeroporti-minnesota\/","url":"https:\/\/traveling.com\/it\/blog\/aeroporti-minnesota\/","name":"Aeroporti in Minnesota - Codici IATA, Mappa e Informazioni Di Viaggio","isPartOf":{"@id":"https:\/\/traveling.com\/it\/blog\/#website"},"datePublished":"2021-06-22T16:05:41+00:00","dateModified":"2025-03-24T14:58:34+00:00","description":"Controllate qui tutte le informazioni necessarie degli aeroporti del Minnesota. Troverete la mappa degli aeroporti alla fine di questo post.","breadcrumb":{"@id":"https:\/\/traveling.com\/it\/blog\/aeroporti-minnesota\/#breadcrumb"},"inLanguage":"it-IT","potentialAction":[{"@type":"ReadAction","target":["https:\/\/traveling.com\/it\/blog\/aeroporti-minnesota\/"]}]},{"@type":"BreadcrumbList","@id":"https:\/\/traveling.com\/it\/blog\/aeroporti-minnesota\/#breadcrumb","itemListElement":[{"@type":"ListItem","position":1,"name":"Home","item":"https:\/\/traveling.com\/it\/blog\/"},{"@type":"ListItem","position":2,"name":"Aeroporti in Minnesota"}]},{"@type":"WebSite","@id":"https:\/\/traveling.com\/it\/blog\/#website","url":"https:\/\/traveling.com\/it\/blog\/","name":"Traveling.com Blog","description":"La Tua Guida di Viaggio Completa","potentialAction":[{"@type":"SearchAction","target":{"@type":"EntryPoint","urlTemplate":"https:\/\/traveling.com\/it\/blog\/?s={search_term_string}"},"query-input":"required name=search_term_string"}],"inLanguage":"it-IT"}]}},"_links":{"self":[{"href":"https:\/\/traveling.com\/it\/blog\/wp-json\/wp\/v2\/pages\/7751"}],"collection":[{"href":"https:\/\/traveling.com\/it\/blog\/wp-json\/wp\/v2\/pages"}],"about":[{"href":"https:\/\/traveling.com\/it\/blog\/wp-json\/wp\/v2\/types\/page"}],"author":[{"embeddable":true,"href":"https:\/\/traveling.com\/it\/blog\/wp-json\/wp\/v2\/users\/1"}],"replies":[{"embeddable":true,"href":"https:\/\/traveling.com\/it\/blog\/wp-json\/wp\/v2\/comments?post=7751"}],"version-history":[{"count":6,"href":"https:\/\/traveling.com\/it\/blog\/wp-json\/wp\/v2\/pages\/7751\/revisions"}],"predecessor-version":[{"id":8214,"href":"https:\/\/traveling.com\/it\/blog\/wp-json\/wp\/v2\/pages\/7751\/revisions\/8214"}],"wp:attachment":[{"href":"https:\/\/traveling.com\/it\/blog\/wp-json\/wp\/v2\/media?parent=7751"}],"curies":[{"name":"wp","href":"https:\/\/api.w.org\/{rel}","templated":true}]}}