{"id":7773,"date":"2021-06-22T09:23:39","date_gmt":"2021-06-22T09:23:39","guid":{"rendered":"https:\/\/getbybus.com\/it\/blog\/?page_id=7773"},"modified":"2025-03-24T14:58:34","modified_gmt":"2025-03-24T14:58:34","slug":"aeroporti-montana","status":"publish","type":"page","link":"https:\/\/traveling.com\/it\/blog\/aeroporti-montana\/","title":{"rendered":"Aeroporti in Montana"},"content":{"rendered":"<p>Il <strong>Montana<\/strong> \u00e8 uno stato occidentale al confine con il Canada. Attualmente, ci sono solo <i>piccoli <\/i>aeroporti <i>hub <\/i>situati in questo stato. La maggior parte del traffico avviene all&#8217;Aeroporto di Bozeman, che gestisce circa 2 milioni di passeggeri all&#8217;anno. L&#8217;altro aeroporto importante nel Montana \u00e8 l&#8217;Aeroporto di Billings Logan. Altri aeroporti del Montana offrono voli regionali tramite compagnie aeree come Alaska Airlines, Delta e United. In questo post abbiamo incluso anche alcuni aeroporti GA (<i>general aviation<\/i>\/aviazione generale) che hanno alcuni voli di linea, anche se con un numero di passeggeri davvero ridotto. La <strong>mappa di tutti gli aeroporti del Montana<\/strong> si trova alla fine del testo.<\/p>\n<h3><span class=\"ez-toc-section\" id=\"Elenco_degli_aeroporti\"><\/span><span style=\"color: #2a2a2a;\">Elenco degli aeroporti<\/span><span class=\"ez-toc-section-end\"><\/span><\/h3>\n<h4><span class=\"ez-toc-section\" id=\"Aeroporto_Internazionale_di_Bozeman_Yellowstone_-_Codice_IATA_-_BZN_15_milioni_di_passeggeri\"><\/span><span style=\"color: #2a2a2a;\">Aeroporto Internazionale di Bozeman Yellowstone<\/span> &#8211; Codice IATA &#8211; BZN (~ 1,5 milioni di passeggeri)<span class=\"ez-toc-section-end\"><\/span><\/h4>\n<p>L&#8217;<strong>Aeroporto di Bozeman<\/strong> \u00e8 un piccolo aeroporto statunitense situato nella citt\u00e0 di Belgrade, a circa 13 km da Bozeman City. Precedentemente noto come Field Airport, \u00e8 il pi\u00f9 grande aeroporto del Montana. La maggior parte dei voli da e per l&#8217;aeroporto sono stagionali, con Denver e Minneapolis che sono le citt\u00e0 pi\u00f9 collegate. Per quanto riguarda le compagnie aeree, Delta e United detengono la maggioranza del traffico aereo. L&#8217;aeroporto \u00e8 la scelta popolare per chi visita il Parco Nazionale di Yellowstone, poich\u00e9 la distanza dall&#8217;aeroporto \u00e8 di 140 km. Le opzioni di trasporto dall&#8217;aeroporto includono autobus e navette, taxi e autonoleggio.<\/p>\n<h4><span class=\"ez-toc-section\" id=\"Aeroporto_Internazionale_di_Billings_Logan_-_Codice_IATA_-_BIL_09_milioni_di_passeggeri\"><\/span><span style=\"color: #2a2a2a;\">Aeroporto Internazionale di Billings Logan<\/span> &#8211; Codice IATA &#8211; BIL (~ 0,9 milioni di passeggeri)<span class=\"ez-toc-section-end\"><\/span><\/h4>\n<p>L\u2019<strong>Aeroporto di Billings Logan<\/strong> \u00e8 il secondo aeroporto pi\u00f9 grande del Montana, sebbene classificato come un piccolo hub tra gli aeroporti statunitensi. Serve la Contea di Yellowstone e si trova a 3,5 km dal centro di Billings. Cape Air, Alaska e Delta hanno voli regolari dall&#8217;aeroporto. Analogamente all&#8217;Aeroporto di Bozeman, anche la destinazione principale dell&#8217;Aeroporto BIL \u00e8 Denver. L&#8217;aeroporto si trova nel Montana meridionale, quindi pu\u00f2 essere una buona scelta per chi viaggia in queste parti degli Stati Uniti, cos\u00ec come nelle parti settentrionali del Wyoming.<\/p>\n<p><strong><span style=\"color: #2a2a2a;\">Aeroporto Internazionale di Missoula<\/span> &#8211; Codice IATA &#8211; MSO<\/strong><\/p>\n<ul>\n<li aria-level=\"1\">Citt\u00e0 vicine: Missoula (12 km)<\/li>\n<li aria-level=\"1\">Compagnie aeree: Alaska Airlines, Delta, United<\/li>\n<\/ul>\n<p><strong><span style=\"color: #2a2a2a;\">Aeroporto Internazionale di Glacier Park<\/span> &#8211; Codice IATA &#8211; FCA<\/strong><\/p>\n<ul>\n<li aria-level=\"1\">Citt\u00e0 vicine: Kalispell (9 km), Glacier NP (39 km)<\/li>\n<li aria-level=\"1\">Compagnie aeree: Alaska Airlines, American, Allegiant Air<\/li>\n<\/ul>\n<p><strong><span style=\"color: #2a2a2a;\">Aeroporto Internazionale di Great Falls<\/span> &#8211; Codice IATA &#8211; GTF<\/strong><\/p>\n<ul>\n<li aria-level=\"1\">Citt\u00e0 vicine: Great Falls (5 km)<\/li>\n<li aria-level=\"1\">Compagnie aeree: Alaska Airlines, Delta, Allegiant Air<\/li>\n<\/ul>\n<p><strong><span style=\"color: #2a2a2a;\">Aeroporto Regionale di Helena<\/span> &#8211; Codice IATA &#8211; HLN<\/strong><\/p>\n<ul>\n<li aria-level=\"1\">Citt\u00e0 nelle vicinanze: Helena (3,5 km)<\/li>\n<li aria-level=\"1\">Compagnie aeree: Alaska Airlines, Delta, United<\/li>\n<\/ul>\n<p><strong><span style=\"color: #2a2a2a;\">Aeroporto di Bert Mooney<\/span> &#8211; Codice IATA &#8211; BTM<\/strong><\/p>\n<ul>\n<li aria-level=\"1\">Citt\u00e0 vicine: Butte (5 km)<\/li>\n<li aria-level=\"1\">Compagnia aerea: Delta<\/li>\n<\/ul>\n<p><strong><span style=\"color: #2a2a2a;\">Aeroporto Municipale di Sidney-Richland<\/span> &#8211; Codice IATA &#8211; SDY<\/strong><\/p>\n<ul>\n<li aria-level=\"1\">Citt\u00e0 vicine: Sidney (1.5 km)<\/li>\n<li aria-level=\"1\">Compagnia aerea: Cape Air<\/li>\n<\/ul>\n<p><strong><span style=\"color: #2a2a2a;\">Aeroporto di Glasgow &#8211; Contea di Valley<\/span> &#8211; Codice IATA &#8211; GGW<\/strong><\/p>\n<ul>\n<li aria-level=\"1\">Citt\u00e0 vicine: Glasgow (1,5 km)<\/li>\n<li aria-level=\"1\">Compagnia aerea: Cape Air<\/li>\n<\/ul>\n<p><strong><span style=\"color: #2a2a2a;\">Aeroporto Comunitario di Dawson<\/span> &#8211; Codice IATA &#8211; GDV<\/strong><\/p>\n<ul>\n<li aria-level=\"1\">Citt\u00e0 nelle vicinanze: Glendive (7 km)<\/li>\n<li aria-level=\"1\">Compagnia aerea: Cape Air<\/li>\n<\/ul>\n<p><strong><span style=\"color: #2a2a2a;\">Aeroporto di Yellowstone<\/span> &#8211; Codice IATA &#8211; WYS<\/strong><\/p>\n<ul>\n<li aria-level=\"1\">Citt\u00e0 vicine: West Yellowstone (2 km)<\/li>\n<li aria-level=\"1\">Compagnia aerea: Delta Connection<\/li>\n<\/ul>\n<p><strong><span style=\"color: #2a2a2a;\">Aeroporto L. M. Clayton<\/span> &#8211; Codice IATA &#8211; OLF<\/strong><\/p>\n<ul>\n<li aria-level=\"1\">Citt\u00e0 vicine: Wolf Point (5 km)<\/li>\n<li aria-level=\"1\">Compagnia aerea: Cape Air<\/li>\n<\/ul>\n<p><strong><span style=\"color: #2a2a2a;\">Aeroporto di Havre City-Contea<\/span> &#8211; Codice IATA &#8211; HVR<\/strong><\/p>\n<ul>\n<li aria-level=\"1\">Citt\u00e0 vicine: Havre (6 km)<\/li>\n<li aria-level=\"1\">Compagnia aerea: Cape Air<\/li>\n<\/ul>\n<h3><span class=\"ez-toc-section\" id=\"Aeroporti_negli_stati_vicini\"><\/span><span style=\"color: #2a2a2a;\">Aeroporti negli stati vicini<\/span><span class=\"ez-toc-section-end\"><\/span><\/h3>\n<table style=\"border-collapse: collapse; width: 100%;\" border=\"1\">\n<tbody>\n<tr>\n<td style=\"width: 50%; text-align: center;\"><a href=\"https:\/\/Traveling.com\/it\/blog\/aeroporti-wyoming\/\"><span style=\"color: #2a2a2a;\"><strong>Aeroporti in Wyoming<\/strong><\/span><\/a><\/td>\n<td style=\"width: 50%; text-align: center;\"><a href=\"https:\/\/Traveling.com\/it\/blog\/aeroporti-idaho\/\"><span style=\"color: #2a2a2a;\"><strong>Aeroporti in Idaho<\/strong><\/span><\/a><\/td>\n<\/tr>\n<tr>\n<td style=\"width: 50%; text-align: center;\"><a href=\"https:\/\/Traveling.com\/it\/blog\/aeroporti-dakota-del-nord\/\"><span style=\"color: #2a2a2a;\"><strong>Aeroporti in Dakota del Nord<\/strong><\/span><\/a><\/td>\n<td style=\"width: 50%; text-align: center;\"><a href=\"https:\/\/Traveling.com\/it\/blog\/aeroporti-dakota-del-sud\/\"><span style=\"color: #2a2a2a;\"><strong>Aeroporti in<\/strong><\/span><span style=\"color: #2a2a2a;\"><strong> Dakota del Sud<\/strong><\/span><\/a><\/td>\n<\/tr>\n<\/tbody>\n<\/table>\n<h3><span class=\"ez-toc-section\" id=\"Mappa_degli_aeroporti_del_Montana\"><\/span><span style=\"color: #2a2a2a;\">Mappa degli aeroporti del Montana<\/span><span class=\"ez-toc-section-end\"><\/span><\/h3>\n<p><iframe src=\"https:\/\/www.google.com\/maps\/d\/embed?mid=1Ibaozugcb7-ps_NW1_fSypLWdRBxBtNb\" width=\"640\" height=\"480\"><\/iframe><\/p>\n","protected":false},"excerpt":{"rendered":"<p>Il Montana \u00e8 uno stato occidentale al confine con il Canada. Attualmente, ci sono solo piccoli aeroporti hub situati in questo stato. La maggior parte del traffico avviene all&#8217;Aeroporto di Bozeman, che gestisce circa 2 milioni di passeggeri all&#8217;anno. L&#8217;altro aeroporto importante nel Montana \u00e8 l&#8217;Aeroporto di Billings Logan. Altri aeroporti del Montana offrono voli [&hellip;]<\/p>\n<p><a class=\"more-link btn btn-primary\" href=\"https:\/\/traveling.com\/it\/blog\/aeroporti-montana\/\"> Continua a leggere\u2026<\/a><\/p>\n","protected":false},"author":1,"featured_media":0,"parent":0,"menu_order":0,"comment_status":"closed","ping_status":"closed","template":"","meta":[],"yoast_head":"<!-- This site is optimized with the Yoast SEO plugin v19.8 - https:\/\/yoast.com\/wordpress\/plugins\/seo\/ -->\n<title>Aeroporti in Montana - Codici IATA, Mappa e Informazioni Di Viaggio<\/title>\n<meta name=\"description\" content=\"Controllate qui tutte le informazioni necessarie degli aeroporti del Montana. Troverete la mappa degli aeroporti alla fine di questo post.\" \/>\n<meta name=\"robots\" content=\"index, follow, max-snippet:-1, max-image-preview:large, max-video-preview:-1\" \/>\n<link rel=\"canonical\" href=\"https:\/\/traveling.com\/it\/blog\/aeroporti-montana\/\" \/>\n<meta property=\"og:locale\" content=\"it_IT\" \/>\n<meta property=\"og:type\" content=\"article\" \/>\n<meta property=\"og:title\" content=\"Aeroporti in Montana - Codici IATA, Mappa e Informazioni Di Viaggio\" \/>\n<meta property=\"og:description\" content=\"Controllate qui tutte le informazioni necessarie degli aeroporti del Montana. Troverete la mappa degli aeroporti alla fine di questo post.\" \/>\n<meta property=\"og:url\" content=\"https:\/\/traveling.com\/it\/blog\/aeroporti-montana\/\" \/>\n<meta property=\"og:site_name\" content=\"Traveling.com Blog\" \/>\n<meta property=\"article:modified_time\" content=\"2025-03-24T14:58:34+00:00\" \/>\n<meta name=\"twitter:card\" content=\"summary_large_image\" \/>\n<meta name=\"twitter:label1\" content=\"Est. reading time\" \/>\n\t<meta name=\"twitter:data1\" content=\"3 minutes\" \/>\n<script type=\"application\/ld+json\" class=\"yoast-schema-graph\">{\"@context\":\"https:\/\/schema.org\",\"@graph\":[{\"@type\":\"WebPage\",\"@id\":\"https:\/\/traveling.com\/it\/blog\/aeroporti-montana\/\",\"url\":\"https:\/\/traveling.com\/it\/blog\/aeroporti-montana\/\",\"name\":\"Aeroporti in Montana - Codici IATA, Mappa e Informazioni Di Viaggio\",\"isPartOf\":{\"@id\":\"https:\/\/traveling.com\/it\/blog\/#website\"},\"datePublished\":\"2021-06-22T09:23:39+00:00\",\"dateModified\":\"2025-03-24T14:58:34+00:00\",\"description\":\"Controllate qui tutte le informazioni necessarie degli aeroporti del Montana. Troverete la mappa degli aeroporti alla fine di questo post.\",\"breadcrumb\":{\"@id\":\"https:\/\/traveling.com\/it\/blog\/aeroporti-montana\/#breadcrumb\"},\"inLanguage\":\"it-IT\",\"potentialAction\":[{\"@type\":\"ReadAction\",\"target\":[\"https:\/\/traveling.com\/it\/blog\/aeroporti-montana\/\"]}]},{\"@type\":\"BreadcrumbList\",\"@id\":\"https:\/\/traveling.com\/it\/blog\/aeroporti-montana\/#breadcrumb\",\"itemListElement\":[{\"@type\":\"ListItem\",\"position\":1,\"name\":\"Home\",\"item\":\"https:\/\/traveling.com\/it\/blog\/\"},{\"@type\":\"ListItem\",\"position\":2,\"name\":\"Aeroporti in Montana\"}]},{\"@type\":\"WebSite\",\"@id\":\"https:\/\/traveling.com\/it\/blog\/#website\",\"url\":\"https:\/\/traveling.com\/it\/blog\/\",\"name\":\"Traveling.com Blog\",\"description\":\"La Tua Guida di Viaggio Completa\",\"potentialAction\":[{\"@type\":\"SearchAction\",\"target\":{\"@type\":\"EntryPoint\",\"urlTemplate\":\"https:\/\/traveling.com\/it\/blog\/?s={search_term_string}\"},\"query-input\":\"required name=search_term_string\"}],\"inLanguage\":\"it-IT\"}]}<\/script>\n<!-- \/ Yoast SEO plugin. -->","yoast_head_json":{"title":"Aeroporti in Montana - Codici IATA, Mappa e Informazioni Di Viaggio","description":"Controllate qui tutte le informazioni necessarie degli aeroporti del Montana. Troverete la mappa degli aeroporti alla fine di questo post.","robots":{"index":"index","follow":"follow","max-snippet":"max-snippet:-1","max-image-preview":"max-image-preview:large","max-video-preview":"max-video-preview:-1"},"canonical":"https:\/\/traveling.com\/it\/blog\/aeroporti-montana\/","og_locale":"it_IT","og_type":"article","og_title":"Aeroporti in Montana - Codici IATA, Mappa e Informazioni Di Viaggio","og_description":"Controllate qui tutte le informazioni necessarie degli aeroporti del Montana. Troverete la mappa degli aeroporti alla fine di questo post.","og_url":"https:\/\/traveling.com\/it\/blog\/aeroporti-montana\/","og_site_name":"Traveling.com Blog","article_modified_time":"2025-03-24T14:58:34+00:00","twitter_card":"summary_large_image","twitter_misc":{"Est. reading time":"3 minutes"},"schema":{"@context":"https:\/\/schema.org","@graph":[{"@type":"WebPage","@id":"https:\/\/traveling.com\/it\/blog\/aeroporti-montana\/","url":"https:\/\/traveling.com\/it\/blog\/aeroporti-montana\/","name":"Aeroporti in Montana - Codici IATA, Mappa e Informazioni Di Viaggio","isPartOf":{"@id":"https:\/\/traveling.com\/it\/blog\/#website"},"datePublished":"2021-06-22T09:23:39+00:00","dateModified":"2025-03-24T14:58:34+00:00","description":"Controllate qui tutte le informazioni necessarie degli aeroporti del Montana. Troverete la mappa degli aeroporti alla fine di questo post.","breadcrumb":{"@id":"https:\/\/traveling.com\/it\/blog\/aeroporti-montana\/#breadcrumb"},"inLanguage":"it-IT","potentialAction":[{"@type":"ReadAction","target":["https:\/\/traveling.com\/it\/blog\/aeroporti-montana\/"]}]},{"@type":"BreadcrumbList","@id":"https:\/\/traveling.com\/it\/blog\/aeroporti-montana\/#breadcrumb","itemListElement":[{"@type":"ListItem","position":1,"name":"Home","item":"https:\/\/traveling.com\/it\/blog\/"},{"@type":"ListItem","position":2,"name":"Aeroporti in Montana"}]},{"@type":"WebSite","@id":"https:\/\/traveling.com\/it\/blog\/#website","url":"https:\/\/traveling.com\/it\/blog\/","name":"Traveling.com Blog","description":"La Tua Guida di Viaggio Completa","potentialAction":[{"@type":"SearchAction","target":{"@type":"EntryPoint","urlTemplate":"https:\/\/traveling.com\/it\/blog\/?s={search_term_string}"},"query-input":"required name=search_term_string"}],"inLanguage":"it-IT"}]}},"_links":{"self":[{"href":"https:\/\/traveling.com\/it\/blog\/wp-json\/wp\/v2\/pages\/7773"}],"collection":[{"href":"https:\/\/traveling.com\/it\/blog\/wp-json\/wp\/v2\/pages"}],"about":[{"href":"https:\/\/traveling.com\/it\/blog\/wp-json\/wp\/v2\/types\/page"}],"author":[{"embeddable":true,"href":"https:\/\/traveling.com\/it\/blog\/wp-json\/wp\/v2\/users\/1"}],"replies":[{"embeddable":true,"href":"https:\/\/traveling.com\/it\/blog\/wp-json\/wp\/v2\/comments?post=7773"}],"version-history":[{"count":9,"href":"https:\/\/traveling.com\/it\/blog\/wp-json\/wp\/v2\/pages\/7773\/revisions"}],"predecessor-version":[{"id":8218,"href":"https:\/\/traveling.com\/it\/blog\/wp-json\/wp\/v2\/pages\/7773\/revisions\/8218"}],"wp:attachment":[{"href":"https:\/\/traveling.com\/it\/blog\/wp-json\/wp\/v2\/media?parent=7773"}],"curies":[{"name":"wp","href":"https:\/\/api.w.org\/{rel}","templated":true}]}}