{"id":7789,"date":"2021-06-22T10:39:09","date_gmt":"2021-06-22T10:39:09","guid":{"rendered":"https:\/\/getbybus.com\/it\/blog\/?page_id=7789"},"modified":"2025-03-24T14:58:35","modified_gmt":"2025-03-24T14:58:35","slug":"aeroporti-nevada","status":"publish","type":"page","link":"https:\/\/traveling.com\/it\/blog\/aeroporti-nevada\/","title":{"rendered":"Aeroporti in Nevada"},"content":{"rendered":"<p>Anche se ha solo una manciata di aeroporti, lo stato del Nevada \u00e8 uno dei pi\u00f9 trafficati in termini di traffico aereo. Gli aeroporti del Nevada sono concentrati intorno all&#8217;area di Las Vegas, con l&#8217;Aeroporto di McCarran in testa. Gli aeroporti rimanenti sono pi\u00f9 piccoli e offrono voli nazionali e regionali dal Nevada. Assicuratevi di controllare la <strong>mappa degli aeroporti del Nevada<\/strong> per capire meglio dove si trova ogni aeroporto.<\/p>\n<h4><span class=\"ez-toc-section\" id=\"Aeroporto_Internazionale_di_Las_Vegas-McCarran_-_Codice_IATA_-_LAS_515_milioni_di_passeggeri\"><\/span><span style=\"color: #2a2a2a;\">Aeroporto Internazionale di Las Vegas-McCarran<\/span> &#8211; Codice IATA &#8211; LAS (~ 51,5 milioni di passeggeri)<span class=\"ez-toc-section-end\"><\/span><\/h4>\n<p>L&#8217;<strong>Aeroporto di Las Vegas<\/strong> \u00e8 l&#8217;aeroporto principale quando si viaggia verso Las Vegas e il Nevada. \u00c8 il pi\u00f9 grande aeroporto del Nevada e uno degli aeroporti pi\u00f9 trafficati degli Stati Uniti. L&#8217;aeroporto si trova a Paradise Town, a circa 8 km a sud del centro di Las Vegas. Diverse compagnie aeree utilizzano l&#8217;Aeroporto LAS come hub principale &#8211; <strong>Alaska<\/strong>, <strong>American<\/strong>, <strong>Delta<\/strong> e <strong>WestJet<\/strong> e <strong>Air Canada<\/strong>, solo per citarne alcune. L&#8217;Aeroporto di Las Vegas \u00e8 abbastanza grande, con 2 terminal e 92 gate. Per quanto riguarda il trasporto, ci sono davvero molte opzioni. Dagli autobus pubblici e le navette interurbane ai taxi e alle limousine, ci sono molti modi per raggiungere Las Vegas.<\/p>\n<h4><span class=\"ez-toc-section\" id=\"Aeroporto_Internazionale_di_Reno-Tahoe_-_Codice_IATA_-_RNO_45_milioni_di_passeggeri\"><\/span><span style=\"color: #2a2a2a;\">Aeroporto Internazionale di Reno-Tahoe<\/span> &#8211; Codice IATA &#8211; RNO (~ 4,5 milioni di passeggeri)<span class=\"ez-toc-section-end\"><\/span><\/h4>\n<p>L&#8217;<strong>Aeroporto di Reno-Tahoe<\/strong> \u00e8 il secondo aeroporto pi\u00f9 trafficato del Nevada, anche se classificato come un piccolo aeroporto statunitense. Serve la citt\u00e0 di Reno e la Contea di Washoe in generale. Si trova a 6 km a sud-est del centro di Reno e per arrivarci \u00e8 possibile utilizzare autobus, navette e taxi pubblici City Bus. L&#8217;obiettivo dell&#8217;aeroporto sono le rotte nazionali, quindi Las Vegas \u00e8 l&#8217;aeroporto di collegamento principale, mentre <strong>Southwest Airlines<\/strong> gestisce la maggior parte dei passeggeri.<\/p>\n<h3><span class=\"ez-toc-section\" id=\"Aeroporti_piu_piccoli\"><\/span><span style=\"color: #2a2a2a;\">Aeroporti pi\u00f9 piccoli<\/span><span class=\"ez-toc-section-end\"><\/span><\/h3>\n<p><strong><span style=\"color: #2a2a2a;\">Aeroporto Municipale di Boulder City<\/span> &#8211; Codice IATA &#8211; BLT<\/strong><\/p>\n<ul>\n<li aria-level=\"1\">Citt\u00e0 vicine: Boulder City (2 km), Las Vegas (40 km)<\/li>\n<li aria-level=\"1\">Compagnia aerea: Grand Canyon Airlines<\/li>\n<\/ul>\n<p><strong><span style=\"color: #2a2a2a;\">Aeroporto di North Las Vegas<\/span> &#8211; Codice IATA &#8211; VGT<\/strong><\/p>\n<ul>\n<li aria-level=\"1\">Citt\u00e0 vicine: Las Vegas (5 km)<\/li>\n<\/ul>\n<p><strong><span style=\"color: #2a2a2a;\">Aeroporto Regionale di Elko<\/span> &#8211; Codice IATA &#8211; EKO<\/strong><\/p>\n<ul>\n<li aria-level=\"1\">Chiamato anche: J.C. Harris Field<\/li>\n<li aria-level=\"1\">Citt\u00e0 vicine: Elko (1,5 km)<\/li>\n<li aria-level=\"1\">Compagnia aerea: Delta<\/li>\n<\/ul>\n<h3><span class=\"ez-toc-section\" id=\"Aeroporti_negli_stati_vicini\"><\/span><span style=\"color: #2a2a2a;\">Aeroporti negli stati vicini<\/span><span class=\"ez-toc-section-end\"><\/span><\/h3>\n<table style=\"border-collapse: collapse; width: 100%;\" border=\"1\">\n<tbody>\n<tr>\n<td style=\"width: 20%; text-align: center;\"><a href=\"https:\/\/Traveling.com\/it\/blog\/aeroporti-california\/\"><strong><span style=\"color: #2a2a2a;\">Aeroporti in California<\/span><\/strong><\/a><\/td>\n<td style=\"width: 20%; text-align: center;\"><a href=\"https:\/\/Traveling.com\/it\/blog\/aeroporti-arizona\/\"><strong><span style=\"color: #2a2a2a;\">Aeroporti in Arizona<\/span><\/strong><\/a><\/td>\n<td style=\"width: 20%; text-align: center;\"><a href=\"https:\/\/Traveling.com\/it\/blog\/aeroporti-utah\/\"><span style=\"color: #2a2a2a;\"><strong>Aeroporti in Utah<\/strong><\/span><\/a><\/td>\n<td style=\"width: 20%; text-align: center;\"><a href=\"https:\/\/Traveling.com\/it\/blog\/aeroporti-oregon\/\"><span style=\"color: #2a2a2a;\"><strong>Aeroporti in Oregon<\/strong><\/span><\/a><\/td>\n<td style=\"width: 20%; text-align: center;\"><a href=\"https:\/\/Traveling.com\/it\/blog\/aeroporti-idaho\/\"><span style=\"color: #2a2a2a;\"><strong>Aeroporti in Idaho<\/strong><\/span><\/a><\/td>\n<\/tr>\n<\/tbody>\n<\/table>\n<h3><span class=\"ez-toc-section\" id=\"Mappa_degli_aeroporti_del_Nevada\"><\/span><span style=\"color: #2a2a2a;\">Mappa degli aeroporti del Nevada<\/span><span class=\"ez-toc-section-end\"><\/span><\/h3>\n<p><iframe src=\"https:\/\/www.google.com\/maps\/d\/embed?mid=1h4nVshcmZyULyf2mhdn4AswFq_0dVEO9\" width=\"640\" height=\"480\"><\/iframe><\/p>\n","protected":false},"excerpt":{"rendered":"<p>Anche se ha solo una manciata di aeroporti, lo stato del Nevada \u00e8 uno dei pi\u00f9 trafficati in termini di traffico aereo. Gli aeroporti del Nevada sono concentrati intorno all&#8217;area di Las Vegas, con l&#8217;Aeroporto di McCarran in testa. Gli aeroporti rimanenti sono pi\u00f9 piccoli e offrono voli nazionali e regionali dal Nevada. Assicuratevi di [&hellip;]<\/p>\n<p><a class=\"more-link btn btn-primary\" href=\"https:\/\/traveling.com\/it\/blog\/aeroporti-nevada\/\"> Continua a leggere\u2026<\/a><\/p>\n","protected":false},"author":1,"featured_media":0,"parent":0,"menu_order":0,"comment_status":"closed","ping_status":"closed","template":"","meta":[],"yoast_head":"<!-- This site is optimized with the Yoast SEO plugin v19.8 - https:\/\/yoast.com\/wordpress\/plugins\/seo\/ -->\n<title>Aeroporti in Nevada - Codici IATA, Mappa e Informazioni Di Viaggio<\/title>\n<meta name=\"description\" content=\"Controllate qui tutte le informazioni necessarie degli aeroporti del Nevada. Troverete la mappa degli aeroporti alla fine di questo post.\" \/>\n<meta name=\"robots\" content=\"index, follow, max-snippet:-1, max-image-preview:large, max-video-preview:-1\" \/>\n<link rel=\"canonical\" href=\"https:\/\/traveling.com\/it\/blog\/aeroporti-nevada\/\" \/>\n<meta property=\"og:locale\" content=\"it_IT\" \/>\n<meta property=\"og:type\" content=\"article\" \/>\n<meta property=\"og:title\" content=\"Aeroporti in Nevada - Codici IATA, Mappa e Informazioni Di Viaggio\" \/>\n<meta property=\"og:description\" content=\"Controllate qui tutte le informazioni necessarie degli aeroporti del Nevada. Troverete la mappa degli aeroporti alla fine di questo post.\" \/>\n<meta property=\"og:url\" content=\"https:\/\/traveling.com\/it\/blog\/aeroporti-nevada\/\" \/>\n<meta property=\"og:site_name\" content=\"Traveling.com Blog\" \/>\n<meta property=\"article:modified_time\" content=\"2025-03-24T14:58:35+00:00\" \/>\n<meta name=\"twitter:card\" content=\"summary_large_image\" \/>\n<meta name=\"twitter:label1\" content=\"Est. reading time\" \/>\n\t<meta name=\"twitter:data1\" content=\"2 minutes\" \/>\n<script type=\"application\/ld+json\" class=\"yoast-schema-graph\">{\"@context\":\"https:\/\/schema.org\",\"@graph\":[{\"@type\":\"WebPage\",\"@id\":\"https:\/\/traveling.com\/it\/blog\/aeroporti-nevada\/\",\"url\":\"https:\/\/traveling.com\/it\/blog\/aeroporti-nevada\/\",\"name\":\"Aeroporti in Nevada - Codici IATA, Mappa e Informazioni Di Viaggio\",\"isPartOf\":{\"@id\":\"https:\/\/traveling.com\/it\/blog\/#website\"},\"datePublished\":\"2021-06-22T10:39:09+00:00\",\"dateModified\":\"2025-03-24T14:58:35+00:00\",\"description\":\"Controllate qui tutte le informazioni necessarie degli aeroporti del Nevada. Troverete la mappa degli aeroporti alla fine di questo post.\",\"breadcrumb\":{\"@id\":\"https:\/\/traveling.com\/it\/blog\/aeroporti-nevada\/#breadcrumb\"},\"inLanguage\":\"it-IT\",\"potentialAction\":[{\"@type\":\"ReadAction\",\"target\":[\"https:\/\/traveling.com\/it\/blog\/aeroporti-nevada\/\"]}]},{\"@type\":\"BreadcrumbList\",\"@id\":\"https:\/\/traveling.com\/it\/blog\/aeroporti-nevada\/#breadcrumb\",\"itemListElement\":[{\"@type\":\"ListItem\",\"position\":1,\"name\":\"Home\",\"item\":\"https:\/\/traveling.com\/it\/blog\/\"},{\"@type\":\"ListItem\",\"position\":2,\"name\":\"Aeroporti in Nevada\"}]},{\"@type\":\"WebSite\",\"@id\":\"https:\/\/traveling.com\/it\/blog\/#website\",\"url\":\"https:\/\/traveling.com\/it\/blog\/\",\"name\":\"Traveling.com Blog\",\"description\":\"La Tua Guida di Viaggio Completa\",\"potentialAction\":[{\"@type\":\"SearchAction\",\"target\":{\"@type\":\"EntryPoint\",\"urlTemplate\":\"https:\/\/traveling.com\/it\/blog\/?s={search_term_string}\"},\"query-input\":\"required name=search_term_string\"}],\"inLanguage\":\"it-IT\"}]}<\/script>\n<!-- \/ Yoast SEO plugin. -->","yoast_head_json":{"title":"Aeroporti in Nevada - Codici IATA, Mappa e Informazioni Di Viaggio","description":"Controllate qui tutte le informazioni necessarie degli aeroporti del Nevada. Troverete la mappa degli aeroporti alla fine di questo post.","robots":{"index":"index","follow":"follow","max-snippet":"max-snippet:-1","max-image-preview":"max-image-preview:large","max-video-preview":"max-video-preview:-1"},"canonical":"https:\/\/traveling.com\/it\/blog\/aeroporti-nevada\/","og_locale":"it_IT","og_type":"article","og_title":"Aeroporti in Nevada - Codici IATA, Mappa e Informazioni Di Viaggio","og_description":"Controllate qui tutte le informazioni necessarie degli aeroporti del Nevada. Troverete la mappa degli aeroporti alla fine di questo post.","og_url":"https:\/\/traveling.com\/it\/blog\/aeroporti-nevada\/","og_site_name":"Traveling.com Blog","article_modified_time":"2025-03-24T14:58:35+00:00","twitter_card":"summary_large_image","twitter_misc":{"Est. reading time":"2 minutes"},"schema":{"@context":"https:\/\/schema.org","@graph":[{"@type":"WebPage","@id":"https:\/\/traveling.com\/it\/blog\/aeroporti-nevada\/","url":"https:\/\/traveling.com\/it\/blog\/aeroporti-nevada\/","name":"Aeroporti in Nevada - Codici IATA, Mappa e Informazioni Di Viaggio","isPartOf":{"@id":"https:\/\/traveling.com\/it\/blog\/#website"},"datePublished":"2021-06-22T10:39:09+00:00","dateModified":"2025-03-24T14:58:35+00:00","description":"Controllate qui tutte le informazioni necessarie degli aeroporti del Nevada. Troverete la mappa degli aeroporti alla fine di questo post.","breadcrumb":{"@id":"https:\/\/traveling.com\/it\/blog\/aeroporti-nevada\/#breadcrumb"},"inLanguage":"it-IT","potentialAction":[{"@type":"ReadAction","target":["https:\/\/traveling.com\/it\/blog\/aeroporti-nevada\/"]}]},{"@type":"BreadcrumbList","@id":"https:\/\/traveling.com\/it\/blog\/aeroporti-nevada\/#breadcrumb","itemListElement":[{"@type":"ListItem","position":1,"name":"Home","item":"https:\/\/traveling.com\/it\/blog\/"},{"@type":"ListItem","position":2,"name":"Aeroporti in Nevada"}]},{"@type":"WebSite","@id":"https:\/\/traveling.com\/it\/blog\/#website","url":"https:\/\/traveling.com\/it\/blog\/","name":"Traveling.com Blog","description":"La Tua Guida di Viaggio Completa","potentialAction":[{"@type":"SearchAction","target":{"@type":"EntryPoint","urlTemplate":"https:\/\/traveling.com\/it\/blog\/?s={search_term_string}"},"query-input":"required name=search_term_string"}],"inLanguage":"it-IT"}]}},"_links":{"self":[{"href":"https:\/\/traveling.com\/it\/blog\/wp-json\/wp\/v2\/pages\/7789"}],"collection":[{"href":"https:\/\/traveling.com\/it\/blog\/wp-json\/wp\/v2\/pages"}],"about":[{"href":"https:\/\/traveling.com\/it\/blog\/wp-json\/wp\/v2\/types\/page"}],"author":[{"embeddable":true,"href":"https:\/\/traveling.com\/it\/blog\/wp-json\/wp\/v2\/users\/1"}],"replies":[{"embeddable":true,"href":"https:\/\/traveling.com\/it\/blog\/wp-json\/wp\/v2\/comments?post=7789"}],"version-history":[{"count":7,"href":"https:\/\/traveling.com\/it\/blog\/wp-json\/wp\/v2\/pages\/7789\/revisions"}],"predecessor-version":[{"id":8220,"href":"https:\/\/traveling.com\/it\/blog\/wp-json\/wp\/v2\/pages\/7789\/revisions\/8220"}],"wp:attachment":[{"href":"https:\/\/traveling.com\/it\/blog\/wp-json\/wp\/v2\/media?parent=7789"}],"curies":[{"name":"wp","href":"https:\/\/api.w.org\/{rel}","templated":true}]}}