{"id":7796,"date":"2021-06-22T11:00:04","date_gmt":"2021-06-22T11:00:04","guid":{"rendered":"https:\/\/getbybus.com\/it\/blog\/?page_id=7796"},"modified":"2025-03-24T14:58:45","modified_gmt":"2025-03-24T14:58:45","slug":"aeroporti-new-hampshire","status":"publish","type":"page","link":"https:\/\/traveling.com\/it\/blog\/aeroporti-new-hampshire\/","title":{"rendered":"Aeroporti nel New Hampshire"},"content":{"rendered":"<p>Lo stato del New Hampshire ha solo<strong> 3 aeroporti che offrono voli commerciali<\/strong>. Di questi tre, solo l&#8217;Aeroporto di Manchester gestisce pi\u00f9 di 1 milione di passeggeri ogni anno. Pertanto, questo aeroporto \u00e8 probabilmente una scelta ottimale per chiunque viaggi in New Hampshire in aereo. Tuttavia, in questo post, oltre agli aeroporti del New Hampshire, abbiamo incluso una piccola tabella degli aeroporti vicini negli stati confinanti. Assicuratevi di controllare la nostra <strong>mappa degli aeroporti nel New Hampshire<\/strong> alla fine del testo.<\/p>\n<h3><span class=\"ez-toc-section\" id=\"Elenco_degli_aeroporti\"><\/span><span style=\"color: #2a2a2a;\">Elenco degli aeroporti<\/span><span class=\"ez-toc-section-end\"><\/span><\/h3>\n<h4><span class=\"ez-toc-section\" id=\"Aeroporto_Regionale_Manchester-Boston_-_Codice_IATA_-_MHT_18_milioni_di_passeggeri\"><\/span><span style=\"color: #2a2a2a;\">Aeroporto Regionale Manchester-Boston<\/span> &#8211; Codice IATA &#8211; MHT (~ 1,8 milioni di passeggeri)<span class=\"ez-toc-section-end\"><\/span><\/h4>\n<p>L&#8217;<strong>Aeroporto di Manchester<\/strong> \u00e8 l&#8217;aeroporto che serve la citt\u00e0 di Manchester, nello stato del New Hampshire. L&#8217;aeroporto si trova a 5 chilometri a sud del centro della citt\u00e0 e pu\u00f2 servire come alternativa quando si viaggia a Boston. La distanza da Boston \u00e8 di circa 80 km. <strong>Southwest Airlines<\/strong>, <strong>Delta<\/strong> e <strong>United<\/strong> offrono la maggior parte dei voli e Baltimora \u00e8 la destinazione pi\u00f9 comune dall&#8217;aeroporto. Arrivare a Manchester pu\u00f2 essere fatto tramite taxi, limousine e navette, cos\u00ec come gli autobus Greyhound e Manchester Transit Authority.<\/p>\n<p><strong><span style=\"color: #2a2a2a;\">Aeroporto Municipale del Lebanon<\/span> &#8211; Codice IATA &#8211; LEB<\/strong><\/p>\n<ul>\n<li aria-level=\"1\">Citt\u00e0 nelle vicinanze: Lebanon (6 km)<\/li>\n<li aria-level=\"1\">Compagnia aerea: Cape Air<\/li>\n<\/ul>\n<p><strong><span style=\"color: #2a2a2a;\">Aeroporto Internazionale di Portsmouth a Pease<\/span> &#8211; Codice IATA &#8211; PSM<\/strong><\/p>\n<ul>\n<li aria-level=\"1\">Chiamato anche: Aeroporto Internazionale di Pease<\/li>\n<li aria-level=\"1\">Citt\u00e0 vicine: Portsmouth (2 km)<\/li>\n<li aria-level=\"1\">Compagnia aerea: Allegiant Air<\/li>\n<\/ul>\n<h3><span class=\"ez-toc-section\" id=\"Aeroporti_negli_stati_vicini\"><\/span><span style=\"color: #2a2a2a;\">Aeroporti negli stati vicini<\/span><span class=\"ez-toc-section-end\"><\/span><\/h3>\n<table style=\"border-collapse: collapse; width: 100%;\" border=\"1\">\n<tbody>\n<tr>\n<td style=\"width: 33.3333%; text-align: center;\"><a href=\"https:\/\/Traveling.com\/it\/blog\/aeroporti-massachusetts\/\"><span style=\"color: #2a2a2a;\"><strong>Aeroporti in Massachusetts<\/strong><\/span><\/a><\/td>\n<td style=\"width: 33.3333%; text-align: center;\"><a href=\"https:\/\/Traveling.com\/it\/blog\/aeroporti-maine\/\"><span style=\"color: #2a2a2a;\"><strong>Aeroporti in Maine<\/strong><\/span><\/a><\/td>\n<td style=\"width: 33.3333%; text-align: center;\"><a href=\"https:\/\/Traveling.com\/it\/blog\/aeroporti-vermont\/\"><span style=\"color: #2a2a2a;\"><strong>Aeroporti in Vermont<\/strong><\/span><\/a><\/td>\n<\/tr>\n<\/tbody>\n<\/table>\n<h3><span class=\"ez-toc-section\" id=\"Mappa_degli_aeroporti_del_New_Hampshire\"><\/span><span style=\"color: #2a2a2a;\">Mappa degli aeroporti del New Hampshire<\/span><span class=\"ez-toc-section-end\"><\/span><\/h3>\n<p><iframe src=\"https:\/\/www.google.com\/maps\/d\/embed?mid=18xl0zDRelTvkvaRFATklgYHMHCwFp8Gc\" width=\"640\" height=\"480\"><\/iframe><\/p>\n","protected":false},"excerpt":{"rendered":"<p>Lo stato del New Hampshire ha solo 3 aeroporti che offrono voli commerciali. Di questi tre, solo l&#8217;Aeroporto di Manchester gestisce pi\u00f9 di 1 milione di passeggeri ogni anno. Pertanto, questo aeroporto \u00e8 probabilmente una scelta ottimale per chiunque viaggi in New Hampshire in aereo. Tuttavia, in questo post, oltre agli aeroporti del New Hampshire, [&hellip;]<\/p>\n<p><a class=\"more-link btn btn-primary\" href=\"https:\/\/traveling.com\/it\/blog\/aeroporti-new-hampshire\/\"> Continua a leggere\u2026<\/a><\/p>\n","protected":false},"author":1,"featured_media":0,"parent":0,"menu_order":0,"comment_status":"closed","ping_status":"closed","template":"","meta":[],"yoast_head":"<!-- This site is optimized with the Yoast SEO plugin v19.8 - https:\/\/yoast.com\/wordpress\/plugins\/seo\/ -->\n<title>Aeroporti nel New Hampshire - Codici IATA, Mappa e Informazioni<\/title>\n<meta name=\"description\" content=\"Controllate qui tutte le informazioni necessarie degli aeroporti del New Hampshire. Troverete la mappa degli aeroporti alla fine di questo post.\" \/>\n<meta name=\"robots\" content=\"index, follow, max-snippet:-1, max-image-preview:large, max-video-preview:-1\" \/>\n<link rel=\"canonical\" href=\"https:\/\/traveling.com\/it\/blog\/aeroporti-new-hampshire\/\" \/>\n<meta property=\"og:locale\" content=\"it_IT\" \/>\n<meta property=\"og:type\" content=\"article\" \/>\n<meta property=\"og:title\" content=\"Aeroporti nel New Hampshire - Codici IATA, Mappa e Informazioni\" \/>\n<meta property=\"og:description\" content=\"Controllate qui tutte le informazioni necessarie degli aeroporti del New Hampshire. Troverete la mappa degli aeroporti alla fine di questo post.\" \/>\n<meta property=\"og:url\" content=\"https:\/\/traveling.com\/it\/blog\/aeroporti-new-hampshire\/\" \/>\n<meta property=\"og:site_name\" content=\"Traveling.com Blog\" \/>\n<meta property=\"article:modified_time\" content=\"2025-03-24T14:58:45+00:00\" \/>\n<meta name=\"twitter:card\" content=\"summary_large_image\" \/>\n<meta name=\"twitter:label1\" content=\"Est. reading time\" \/>\n\t<meta name=\"twitter:data1\" content=\"1 minute\" \/>\n<script type=\"application\/ld+json\" class=\"yoast-schema-graph\">{\"@context\":\"https:\/\/schema.org\",\"@graph\":[{\"@type\":\"WebPage\",\"@id\":\"https:\/\/traveling.com\/it\/blog\/aeroporti-new-hampshire\/\",\"url\":\"https:\/\/traveling.com\/it\/blog\/aeroporti-new-hampshire\/\",\"name\":\"Aeroporti nel New Hampshire - Codici IATA, Mappa e Informazioni\",\"isPartOf\":{\"@id\":\"https:\/\/traveling.com\/it\/blog\/#website\"},\"datePublished\":\"2021-06-22T11:00:04+00:00\",\"dateModified\":\"2025-03-24T14:58:45+00:00\",\"description\":\"Controllate qui tutte le informazioni necessarie degli aeroporti del New Hampshire. Troverete la mappa degli aeroporti alla fine di questo post.\",\"breadcrumb\":{\"@id\":\"https:\/\/traveling.com\/it\/blog\/aeroporti-new-hampshire\/#breadcrumb\"},\"inLanguage\":\"it-IT\",\"potentialAction\":[{\"@type\":\"ReadAction\",\"target\":[\"https:\/\/traveling.com\/it\/blog\/aeroporti-new-hampshire\/\"]}]},{\"@type\":\"BreadcrumbList\",\"@id\":\"https:\/\/traveling.com\/it\/blog\/aeroporti-new-hampshire\/#breadcrumb\",\"itemListElement\":[{\"@type\":\"ListItem\",\"position\":1,\"name\":\"Home\",\"item\":\"https:\/\/traveling.com\/it\/blog\/\"},{\"@type\":\"ListItem\",\"position\":2,\"name\":\"Aeroporti nel New Hampshire\"}]},{\"@type\":\"WebSite\",\"@id\":\"https:\/\/traveling.com\/it\/blog\/#website\",\"url\":\"https:\/\/traveling.com\/it\/blog\/\",\"name\":\"Traveling.com Blog\",\"description\":\"La Tua Guida di Viaggio Completa\",\"potentialAction\":[{\"@type\":\"SearchAction\",\"target\":{\"@type\":\"EntryPoint\",\"urlTemplate\":\"https:\/\/traveling.com\/it\/blog\/?s={search_term_string}\"},\"query-input\":\"required name=search_term_string\"}],\"inLanguage\":\"it-IT\"}]}<\/script>\n<!-- \/ Yoast SEO plugin. -->","yoast_head_json":{"title":"Aeroporti nel New Hampshire - Codici IATA, Mappa e Informazioni","description":"Controllate qui tutte le informazioni necessarie degli aeroporti del New Hampshire. Troverete la mappa degli aeroporti alla fine di questo post.","robots":{"index":"index","follow":"follow","max-snippet":"max-snippet:-1","max-image-preview":"max-image-preview:large","max-video-preview":"max-video-preview:-1"},"canonical":"https:\/\/traveling.com\/it\/blog\/aeroporti-new-hampshire\/","og_locale":"it_IT","og_type":"article","og_title":"Aeroporti nel New Hampshire - Codici IATA, Mappa e Informazioni","og_description":"Controllate qui tutte le informazioni necessarie degli aeroporti del New Hampshire. Troverete la mappa degli aeroporti alla fine di questo post.","og_url":"https:\/\/traveling.com\/it\/blog\/aeroporti-new-hampshire\/","og_site_name":"Traveling.com Blog","article_modified_time":"2025-03-24T14:58:45+00:00","twitter_card":"summary_large_image","twitter_misc":{"Est. reading time":"1 minute"},"schema":{"@context":"https:\/\/schema.org","@graph":[{"@type":"WebPage","@id":"https:\/\/traveling.com\/it\/blog\/aeroporti-new-hampshire\/","url":"https:\/\/traveling.com\/it\/blog\/aeroporti-new-hampshire\/","name":"Aeroporti nel New Hampshire - Codici IATA, Mappa e Informazioni","isPartOf":{"@id":"https:\/\/traveling.com\/it\/blog\/#website"},"datePublished":"2021-06-22T11:00:04+00:00","dateModified":"2025-03-24T14:58:45+00:00","description":"Controllate qui tutte le informazioni necessarie degli aeroporti del New Hampshire. Troverete la mappa degli aeroporti alla fine di questo post.","breadcrumb":{"@id":"https:\/\/traveling.com\/it\/blog\/aeroporti-new-hampshire\/#breadcrumb"},"inLanguage":"it-IT","potentialAction":[{"@type":"ReadAction","target":["https:\/\/traveling.com\/it\/blog\/aeroporti-new-hampshire\/"]}]},{"@type":"BreadcrumbList","@id":"https:\/\/traveling.com\/it\/blog\/aeroporti-new-hampshire\/#breadcrumb","itemListElement":[{"@type":"ListItem","position":1,"name":"Home","item":"https:\/\/traveling.com\/it\/blog\/"},{"@type":"ListItem","position":2,"name":"Aeroporti nel New Hampshire"}]},{"@type":"WebSite","@id":"https:\/\/traveling.com\/it\/blog\/#website","url":"https:\/\/traveling.com\/it\/blog\/","name":"Traveling.com Blog","description":"La Tua Guida di Viaggio Completa","potentialAction":[{"@type":"SearchAction","target":{"@type":"EntryPoint","urlTemplate":"https:\/\/traveling.com\/it\/blog\/?s={search_term_string}"},"query-input":"required name=search_term_string"}],"inLanguage":"it-IT"}]}},"_links":{"self":[{"href":"https:\/\/traveling.com\/it\/blog\/wp-json\/wp\/v2\/pages\/7796"}],"collection":[{"href":"https:\/\/traveling.com\/it\/blog\/wp-json\/wp\/v2\/pages"}],"about":[{"href":"https:\/\/traveling.com\/it\/blog\/wp-json\/wp\/v2\/types\/page"}],"author":[{"embeddable":true,"href":"https:\/\/traveling.com\/it\/blog\/wp-json\/wp\/v2\/users\/1"}],"replies":[{"embeddable":true,"href":"https:\/\/traveling.com\/it\/blog\/wp-json\/wp\/v2\/comments?post=7796"}],"version-history":[{"count":5,"href":"https:\/\/traveling.com\/it\/blog\/wp-json\/wp\/v2\/pages\/7796\/revisions"}],"predecessor-version":[{"id":8221,"href":"https:\/\/traveling.com\/it\/blog\/wp-json\/wp\/v2\/pages\/7796\/revisions\/8221"}],"wp:attachment":[{"href":"https:\/\/traveling.com\/it\/blog\/wp-json\/wp\/v2\/media?parent=7796"}],"curies":[{"name":"wp","href":"https:\/\/api.w.org\/{rel}","templated":true}]}}