{"id":7948,"date":"2021-06-23T09:00:26","date_gmt":"2021-06-23T09:00:26","guid":{"rendered":"https:\/\/getbybus.com\/it\/blog\/?page_id=7948"},"modified":"2025-03-24T14:58:38","modified_gmt":"2025-03-24T14:58:38","slug":"aeroporti-pennsylvania","status":"publish","type":"page","link":"https:\/\/traveling.com\/it\/blog\/aeroporti-pennsylvania\/","title":{"rendered":"Aeroporti in Pennsylvania"},"content":{"rendered":"<p>I due aeroporti della Pennsylvania pi\u00f9 trafficati sono quelli di Filadelfia e Pittsburgh. Insieme, gestiscono pi\u00f9 di 40 milioni di passeggeri. Pertanto, quando si viaggia in questo stato, i visitatori dovrebbero considerare questi due aeroporti come punti di partenza. In totale, <strong>ci sono 9 aeroporti <i>hub grandi<\/i>, <i>medi <\/i>e <i>piccoli <\/i><\/strong>in Pennsylvania. Per aiutarvi a visualizzare dove si trovano tutti, assicuratevi di controllare la<strong> mappa di tutti gli aeroporti statali<\/strong> alla fine del testo.<\/p>\n<h3><span class=\"ez-toc-section\" id=\"Elenco_degli_aeroporti\"><\/span><span style=\"color: #2a2a2a;\">Elenco degli aeroporti<\/span><span class=\"ez-toc-section-end\"><\/span><\/h3>\n<h4><span class=\"ez-toc-section\" id=\"Aeroporto_Internazionale_di_Filadelfia_-_Codice_IATA_-_PHL_33_milioni_di_passeggeri\"><\/span><span style=\"color: #2a2a2a;\">Aeroporto Internazionale di Filadelfia<\/span> &#8211; Codice IATA &#8211; PHL (~ 33 milioni di passeggeri)<span class=\"ez-toc-section-end\"><\/span><\/h4>\n<p>L&#8217;<strong>Aeroporto di Filadelfia<\/strong> \u00e8 il principale aeroporto della Pennsylvania, classificato come il 20\u00ba degli aeroporti statunitensi pi\u00f9 trafficati. La distanza dall&#8217;aeroporto al centro \u00e8 di circa 10 km. Inoltre, le citt\u00e0 circostanti di Wilmington e Newark non sono troppo lontane. L&#8217;aeroporto gestisce pi\u00f9 di 500 voli giornalieri di 25 compagnie aeree. Le statistiche dicono che Orlando e Atlanta sono le migliori destinazioni nazionali e Londra e Toronto le migliori destinazioni internazionali. I treni e gli autobus SEPTA sono scelte popolari per raggiungere l&#8217;aeroporto. Hanno partenze praticamente ogni 15 minuti.<\/p>\n<h4><span class=\"ez-toc-section\" id=\"Aeroporto_Internazionale_di_Pittsburgh_-_Codice_IATA_-_PIT_10_milioni_di_passeggeri\"><\/span><span style=\"color: #2a2a2a;\">Aeroporto Internazionale di Pittsburgh<\/span> &#8211; Codice IATA &#8211; PIT (~ 10 milioni di passeggeri)<span class=\"ez-toc-section-end\"><\/span><\/h4>\n<p>L&#8217;<strong>Aeroporto di Pittsburgh<\/strong> \u00e8 il secondo pi\u00f9 grande dello stato, con 10 milioni di passeggeri, 18 compagnie aeree e centinaia di voli giornalieri. Si trova a circa 15 km a ovest di Pittsburgh e serve praticamente l&#8217;intera regione di Pittsburgh. L&#8217;Autorit\u00e0 Portuale della Contea di Allegheny \u00e8 il servizio che offre il trasporto pubblico dall&#8217;aeroporto. Secondo i viaggiatori, l&#8217;aeroporto \u00e8 stato classificato come il <span style=\"color: #2a2a2a;\"><a style=\"color: #2a2a2a;\" href=\"https:\/\/Traveling.com\/it\/blog\/50-migliori-aeroporti-del-mondo\/\">35\u00ba miglior aeroporto del mondo<\/a><\/span>.<\/p>\n<p><strong><span style=\"color: #2a2a2a;\">Aeroporto Internazionale di Harrisburg<\/span> &#8211; Codice IATA &#8211; MDT<\/strong><\/p>\n<ul>\n<li aria-level=\"1\">Citt\u00e0 vicine: Harrisburg (15 km)<\/li>\n<li aria-level=\"1\">Compagnie aeree: Allegiant Air, Delta, American Eagle<\/li>\n<\/ul>\n<p><strong><span style=\"color: #2a2a2a;\">Aeroporto Internazionale di Lehigh Valley<\/span> &#8211; Codice IATA &#8211; ABE<\/strong><\/p>\n<ul>\n<li aria-level=\"1\">Chiamato anche: Aeroporto Internazionale di Allentown-Bethlehem-Easton<\/li>\n<li aria-level=\"1\">Citt\u00e0 vicine: Betlemme (2,5 km), Allentown (5 km)<\/li>\n<li aria-level=\"1\">Compagnie aeree: Allegiant Air, American Eagle, Delta, United<\/li>\n<\/ul>\n<p><strong><span style=\"color: #2a2a2a;\">Aeroporto Internazionale di Wilkes-Barre\/Scranton<\/span> &#8211; Codice IATA &#8211; AVP<\/strong><\/p>\n<ul>\n<li aria-level=\"1\">Citt\u00e0 vicine: Scranton (10 km), Wilkes-Barre (12 km)<\/li>\n<li aria-level=\"1\">Compagnie aeree: American Eagle, Delta, United<\/li>\n<\/ul>\n<p><strong><span style=\"color: #2a2a2a;\">Aeroporto Regionale Arnold Palmer<\/span> &#8211; Codice IATA &#8211; LBE<\/strong><\/p>\n<ul>\n<li aria-level=\"1\">Citt\u00e0 vicine: Latrobe (3 km), Pittsburgh (53 km)<\/li>\n<li aria-level=\"1\">Compagnia aerea: Spirit<\/li>\n<\/ul>\n<p><strong><span style=\"color: #2a2a2a;\">Aeroporto Parco Universitario<\/span> &#8211; Codice IATA &#8211; SCE<\/strong><\/p>\n<ul>\n<li aria-level=\"1\">Citt\u00e0 vicine: State College (10 km)<\/li>\n<li aria-level=\"1\">Compagnie aeree: Allegiant Air, American, Delta<\/li>\n<\/ul>\n<p><strong><span style=\"color: #2a2a2a;\">Aeroporto Internazionale di Erie<\/span> &#8211; Codice IATA &#8211; ERI<\/strong><\/p>\n<ul>\n<li aria-level=\"1\">Chiamato anche: Tom Ridge Field<\/li>\n<li aria-level=\"1\">Citt\u00e0 vicine: Erie (8 km), Cleveland (153 km)<\/li>\n<li aria-level=\"1\">Compagnie aeree: American Eagle, Delta, United<\/li>\n<\/ul>\n<p><strong><span style=\"color: #2a2a2a;\">Aeroporto Regionale di Williamsport<\/span> &#8211; Codice IATA &#8211; IPT<\/strong><\/p>\n<ul>\n<li aria-level=\"1\">Citt\u00e0 vicine: Williamsport (8 km)<\/li>\n<li aria-level=\"1\">Compagnie aeree: American Eagle, Delta, United<\/li>\n<\/ul>\n<h3><span class=\"ez-toc-section\" id=\"Aeroporti_negli_stati_vicini\"><\/span><span style=\"color: #2a2a2a;\">Aeroporti negli stati vicini<\/span><span class=\"ez-toc-section-end\"><\/span><\/h3>\n<table style=\"border-collapse: collapse; width: 100%;\" border=\"1\">\n<tbody>\n<tr>\n<td style=\"width: 33.3333%; text-align: center;\"><a href=\"https:\/\/Traveling.com\/it\/blog\/aeroporti-new-jersey\/\"><span style=\"color: #2a2a2a;\"><strong>Aeroporti in New Jersey<\/strong><\/span><\/a><\/td>\n<td style=\"width: 33.3333%; text-align: center;\"><a href=\"https:\/\/Traveling.com\/it\/blog\/aeroporti-maryland\/\"><span style=\"color: #2a2a2a;\"><strong>Aeroporti in Maryland<\/strong><\/span><\/a><\/td>\n<td style=\"width: 33.3333%; text-align: center;\"><a href=\"https:\/\/Traveling.com\/it\/blog\/aeroporti-ohio\/\"><span style=\"color: #2a2a2a;\"><strong>Aeroporti in Ohio<\/strong><\/span><\/a><\/td>\n<\/tr>\n<tr>\n<td style=\"width: 33.3333%; text-align: center;\"><a href=\"https:\/\/Traveling.com\/it\/blog\/aeroporti-delaware\/\"><span style=\"color: #2a2a2a;\"><strong>Aeroporti in Delaware<\/strong><\/span><\/a><\/td>\n<td style=\"width: 33.3333%; text-align: center;\"><a href=\"https:\/\/Traveling.com\/it\/blog\/aeroporti-new-york\/\"><span style=\"color: #2a2a2a;\"><strong>Aeroporti in New York<\/strong><\/span><\/a><\/td>\n<td style=\"width: 33.3333%; text-align: center;\"><a href=\"https:\/\/Traveling.com\/it\/blog\/aeroporti-virginia-occidentale\/\"><span style=\"color: #2a2a2a;\"><strong>Aeroporti in Virginia Occidentale<\/strong><\/span><\/a><\/td>\n<\/tr>\n<\/tbody>\n<\/table>\n<h3><span class=\"ez-toc-section\" id=\"Mappa_degli_aeroporti_della_Pennsylvania\"><\/span><span style=\"color: #2a2a2a;\">Mappa degli aeroporti della Pennsylvania<\/span><span class=\"ez-toc-section-end\"><\/span><\/h3>\n<p><iframe src=\"https:\/\/www.google.com\/maps\/d\/embed?mid=16OcoiZqcDEjvCS1DSlQkwRcQeLlyIgFI\" width=\"640\" height=\"480\"><\/iframe><\/p>\n","protected":false},"excerpt":{"rendered":"<p>I due aeroporti della Pennsylvania pi\u00f9 trafficati sono quelli di Filadelfia e Pittsburgh. Insieme, gestiscono pi\u00f9 di 40 milioni di passeggeri. Pertanto, quando si viaggia in questo stato, i visitatori dovrebbero considerare questi due aeroporti come punti di partenza. In totale, ci sono 9 aeroporti hub grandi, medi e piccoli in Pennsylvania. Per aiutarvi a [&hellip;]<\/p>\n<p><a class=\"more-link btn btn-primary\" href=\"https:\/\/traveling.com\/it\/blog\/aeroporti-pennsylvania\/\"> Continua a leggere\u2026<\/a><\/p>\n","protected":false},"author":1,"featured_media":0,"parent":0,"menu_order":0,"comment_status":"closed","ping_status":"closed","template":"","meta":[],"yoast_head":"<!-- This site is optimized with the Yoast SEO plugin v19.8 - https:\/\/yoast.com\/wordpress\/plugins\/seo\/ -->\n<title>Aeroporti in Pennsylvania - Codici IATA, Mappa e Informazioni Di Viaggio<\/title>\n<meta name=\"description\" content=\"Controllate qui tutte le informazioni necessarie degli aeroporti della Pennsylvania. Troverete la mappa degli aeroporti alla fine di questo post.\" \/>\n<meta name=\"robots\" content=\"index, follow, max-snippet:-1, max-image-preview:large, max-video-preview:-1\" \/>\n<link rel=\"canonical\" href=\"https:\/\/traveling.com\/it\/blog\/aeroporti-pennsylvania\/\" \/>\n<meta property=\"og:locale\" content=\"it_IT\" \/>\n<meta property=\"og:type\" content=\"article\" \/>\n<meta property=\"og:title\" content=\"Aeroporti in Pennsylvania - Codici IATA, Mappa e Informazioni Di Viaggio\" \/>\n<meta property=\"og:description\" content=\"Controllate qui tutte le informazioni necessarie degli aeroporti della Pennsylvania. Troverete la mappa degli aeroporti alla fine di questo post.\" \/>\n<meta property=\"og:url\" content=\"https:\/\/traveling.com\/it\/blog\/aeroporti-pennsylvania\/\" \/>\n<meta property=\"og:site_name\" content=\"Traveling.com Blog\" \/>\n<meta property=\"article:modified_time\" content=\"2025-03-24T14:58:38+00:00\" \/>\n<meta name=\"twitter:card\" content=\"summary_large_image\" \/>\n<meta name=\"twitter:label1\" content=\"Est. reading time\" \/>\n\t<meta name=\"twitter:data1\" content=\"2 minutes\" \/>\n<script type=\"application\/ld+json\" class=\"yoast-schema-graph\">{\"@context\":\"https:\/\/schema.org\",\"@graph\":[{\"@type\":\"WebPage\",\"@id\":\"https:\/\/traveling.com\/it\/blog\/aeroporti-pennsylvania\/\",\"url\":\"https:\/\/traveling.com\/it\/blog\/aeroporti-pennsylvania\/\",\"name\":\"Aeroporti in Pennsylvania - Codici IATA, Mappa e Informazioni Di Viaggio\",\"isPartOf\":{\"@id\":\"https:\/\/traveling.com\/it\/blog\/#website\"},\"datePublished\":\"2021-06-23T09:00:26+00:00\",\"dateModified\":\"2025-03-24T14:58:38+00:00\",\"description\":\"Controllate qui tutte le informazioni necessarie degli aeroporti della Pennsylvania. Troverete la mappa degli aeroporti alla fine di questo post.\",\"breadcrumb\":{\"@id\":\"https:\/\/traveling.com\/it\/blog\/aeroporti-pennsylvania\/#breadcrumb\"},\"inLanguage\":\"it-IT\",\"potentialAction\":[{\"@type\":\"ReadAction\",\"target\":[\"https:\/\/traveling.com\/it\/blog\/aeroporti-pennsylvania\/\"]}]},{\"@type\":\"BreadcrumbList\",\"@id\":\"https:\/\/traveling.com\/it\/blog\/aeroporti-pennsylvania\/#breadcrumb\",\"itemListElement\":[{\"@type\":\"ListItem\",\"position\":1,\"name\":\"Home\",\"item\":\"https:\/\/traveling.com\/it\/blog\/\"},{\"@type\":\"ListItem\",\"position\":2,\"name\":\"Aeroporti in Pennsylvania\"}]},{\"@type\":\"WebSite\",\"@id\":\"https:\/\/traveling.com\/it\/blog\/#website\",\"url\":\"https:\/\/traveling.com\/it\/blog\/\",\"name\":\"Traveling.com Blog\",\"description\":\"La Tua Guida di Viaggio Completa\",\"potentialAction\":[{\"@type\":\"SearchAction\",\"target\":{\"@type\":\"EntryPoint\",\"urlTemplate\":\"https:\/\/traveling.com\/it\/blog\/?s={search_term_string}\"},\"query-input\":\"required name=search_term_string\"}],\"inLanguage\":\"it-IT\"}]}<\/script>\n<!-- \/ Yoast SEO plugin. -->","yoast_head_json":{"title":"Aeroporti in Pennsylvania - Codici IATA, Mappa e Informazioni Di Viaggio","description":"Controllate qui tutte le informazioni necessarie degli aeroporti della Pennsylvania. Troverete la mappa degli aeroporti alla fine di questo post.","robots":{"index":"index","follow":"follow","max-snippet":"max-snippet:-1","max-image-preview":"max-image-preview:large","max-video-preview":"max-video-preview:-1"},"canonical":"https:\/\/traveling.com\/it\/blog\/aeroporti-pennsylvania\/","og_locale":"it_IT","og_type":"article","og_title":"Aeroporti in Pennsylvania - Codici IATA, Mappa e Informazioni Di Viaggio","og_description":"Controllate qui tutte le informazioni necessarie degli aeroporti della Pennsylvania. Troverete la mappa degli aeroporti alla fine di questo post.","og_url":"https:\/\/traveling.com\/it\/blog\/aeroporti-pennsylvania\/","og_site_name":"Traveling.com Blog","article_modified_time":"2025-03-24T14:58:38+00:00","twitter_card":"summary_large_image","twitter_misc":{"Est. reading time":"2 minutes"},"schema":{"@context":"https:\/\/schema.org","@graph":[{"@type":"WebPage","@id":"https:\/\/traveling.com\/it\/blog\/aeroporti-pennsylvania\/","url":"https:\/\/traveling.com\/it\/blog\/aeroporti-pennsylvania\/","name":"Aeroporti in Pennsylvania - Codici IATA, Mappa e Informazioni Di Viaggio","isPartOf":{"@id":"https:\/\/traveling.com\/it\/blog\/#website"},"datePublished":"2021-06-23T09:00:26+00:00","dateModified":"2025-03-24T14:58:38+00:00","description":"Controllate qui tutte le informazioni necessarie degli aeroporti della Pennsylvania. Troverete la mappa degli aeroporti alla fine di questo post.","breadcrumb":{"@id":"https:\/\/traveling.com\/it\/blog\/aeroporti-pennsylvania\/#breadcrumb"},"inLanguage":"it-IT","potentialAction":[{"@type":"ReadAction","target":["https:\/\/traveling.com\/it\/blog\/aeroporti-pennsylvania\/"]}]},{"@type":"BreadcrumbList","@id":"https:\/\/traveling.com\/it\/blog\/aeroporti-pennsylvania\/#breadcrumb","itemListElement":[{"@type":"ListItem","position":1,"name":"Home","item":"https:\/\/traveling.com\/it\/blog\/"},{"@type":"ListItem","position":2,"name":"Aeroporti in Pennsylvania"}]},{"@type":"WebSite","@id":"https:\/\/traveling.com\/it\/blog\/#website","url":"https:\/\/traveling.com\/it\/blog\/","name":"Traveling.com Blog","description":"La Tua Guida di Viaggio Completa","potentialAction":[{"@type":"SearchAction","target":{"@type":"EntryPoint","urlTemplate":"https:\/\/traveling.com\/it\/blog\/?s={search_term_string}"},"query-input":"required name=search_term_string"}],"inLanguage":"it-IT"}]}},"_links":{"self":[{"href":"https:\/\/traveling.com\/it\/blog\/wp-json\/wp\/v2\/pages\/7948"}],"collection":[{"href":"https:\/\/traveling.com\/it\/blog\/wp-json\/wp\/v2\/pages"}],"about":[{"href":"https:\/\/traveling.com\/it\/blog\/wp-json\/wp\/v2\/types\/page"}],"author":[{"embeddable":true,"href":"https:\/\/traveling.com\/it\/blog\/wp-json\/wp\/v2\/users\/1"}],"replies":[{"embeddable":true,"href":"https:\/\/traveling.com\/it\/blog\/wp-json\/wp\/v2\/comments?post=7948"}],"version-history":[{"count":5,"href":"https:\/\/traveling.com\/it\/blog\/wp-json\/wp\/v2\/pages\/7948\/revisions"}],"predecessor-version":[{"id":8233,"href":"https:\/\/traveling.com\/it\/blog\/wp-json\/wp\/v2\/pages\/7948\/revisions\/8233"}],"wp:attachment":[{"href":"https:\/\/traveling.com\/it\/blog\/wp-json\/wp\/v2\/media?parent=7948"}],"curies":[{"name":"wp","href":"https:\/\/api.w.org\/{rel}","templated":true}]}}