{"id":1619,"date":"2019-08-14T09:14:43","date_gmt":"2019-08-14T08:14:43","guid":{"rendered":"https:\/\/getbybus.com\/sv\/blog\/?page_id=1619"},"modified":"2019-10-17T11:55:08","modified_gmt":"2019-10-17T09:55:08","slug":"nordmakedonien-flygplatser","status":"publish","type":"page","link":"https:\/\/traveling.com\/sv\/blog\/nordmakedonien-flygplatser\/","title":{"rendered":"Flygplatser i Nordmakedonien"},"content":{"rendered":"\n<p>F\u00f6r tillf\u00e4llet s\u00e5 finns det tv\u00e5 flygplatser i Nordmakedonien som har internationella flyg. \u00c5r 2015 var total numret p\u00e5 passagerare, till och fr\u00e5n Nordmakedonska flygplatserna omkring 1.7 miljoner.<\/p>\n\n\n\n<p><strong>Skopje Flygplats\u2013 &nbsp;IATA kod SKP \u2013 (~ 1.5 miljoner passagerare)<\/strong><\/p>\n\n\n\n<p><strong>Huvud flygplatsen i Nordmakedonien<\/strong> \u00e4r uppenbarligen flygplatsen vid huvudstaden Skopje, flygplatsen kallas officiellt f\u00f6r <strong>Skopje \u201cAlexander den store \u201d Flygplats<\/strong>, flygplatsen ligger 23 km k\u00f6ravst\u00e5nd sydostom centrum i stan, <strong>det billigaste s\u00e4ttet att ta sig till stan \u00e4r med flygbuss, vilket \u00e4r en <\/strong>30-40 minuters resa. Det Ungerska bolaget Wizz air har ett huvudnav p\u00e5 flygplatsen och st\u00e5r f\u00f6r mer \u00e4n 50% av den internationella anslutingen till flygplatsen. <strong>Anslutningar till andra delar av Nordmakedonien <\/strong>finns tillg\u00e4ngliga fr\u00e5n <a href=\"https:\/\/getbybus.com\/sv\/buss-fran-skopje\">buss stationen i Skopje<\/a>, d\u00e4rifr\u00e5n har du t.ex. bussar till Ohrid vilket \u00e4r 3 timmars bussresa.<\/p>\n\n\n\n<p><strong>Ohrid Flygplats\u2013 IATA kod OHD \u2013 (~ 150.000 passagerare)<\/strong><\/p>\n\n\n\n<p>Flygplatsen i Ohrid kallas officiellt <strong>Ohrid \u201cPaulus\u201d flygplats<\/strong>, flygplatsen ligger 10 km norr\/ nordv\u00e4st om centrum i Ohrid, tyv\u00e4rr s\u00e5 finns det ingen buss fr\u00e5n flygplatsen, s\u00e5 det enda s\u00e4ttet att ta sig till centrum \u00e4r att ta en taxi, samma g\u00e4ller <strong>ifall du ska till Struga<\/strong> vilket \u00e4r 10 km v\u00e4ster om flygplatsen, taxi till Ohrid och Struga b\u00f6r kosta omring&nbsp; 8 Euro. <strong>Ohrid \u00e4r den st\u00f6rsta turist platsen i Nordmakedonien<\/strong> s\u00e5 anv\u00e4nds flygplatsen f\u00f6r den mesta delen under sommar s\u00e4songen, men det finns ocks\u00e5 en anslutning \u00e5ret runt till Euroairport via Basel och till London.<\/p>\n\n\n\n<p><strong>Andra flygplatser i Makedonien<\/strong><\/p>\n\n\n\n<p>F\u00f6rutom flygplatserna i Ohrid och Skopje, <strong>det finns mindre flygplatser med mestadels gr\u00e4sbanor<\/strong> n\u00e4ra st\u00e4derna, Bitola (Logovardi flygplats), Kumanovo (Adzi Tepe Flygplats), Prilep (Malo Konjari Flygplats), Skopje (Stenkovec Brazda Flygplats) och \u0160tip (Susevo Flygplats), f\u00f6rtillf\u00e4llet finns det inga planer att inf\u00f6ra komersiell lufttrafik till n\u00e5gra av dessa flygplatser.<\/p>\n\n\n\n<p><strong>Flygplatser i grann l\u00e4nderna<br><\/strong><\/p>\n\n\n\n<table class=\"wp-block-table\"><tbody><tr><td><a href=\"https:\/\/getbybus.com\/en\/blog\/bulgarian-airports\/\">Flygplatser i Bulgarien<\/a><\/td><td><a href=\"https:\/\/getbybus.com\/en\/blog\/serbian-airports\/\">Flygplatser i Serbien<\/a><\/td><td><a href=\"https:\/\/getbybus.com\/en\/blog\/albanian-airports\/\">Flygplatser i Albanien<\/a><\/td><\/tr><tr><td><a href=\"https:\/\/getbybus.com\/en\/blog\/airports-in-greece\/\">Flygplatser i Grekland <\/a><\/td><td>&nbsp;<\/td><td>&nbsp;<\/td><\/tr><\/tbody><\/table>\n\n\n\n<p>Karta med flygplatser i Nordmakedonien :<\/p>\n\n\n\n<figure><iframe src=\"https:\/\/www.google.com\/maps\/d\/embed?mid=1fEhiunX4GFauzrQzfs5ygTpknVY\" width=\"640\" height=\"480\"><\/iframe><\/figure>\n","protected":false},"excerpt":{"rendered":"<p>F\u00f6r tillf\u00e4llet s\u00e5 finns det tv\u00e5 flygplatser i Nordmakedonien som har internationella flyg. \u00c5r 2015 var total numret p\u00e5 passagerare, till och fr\u00e5n Nordmakedonska flygplatserna omkring 1.7 miljoner. Skopje Flygplats\u2013 &nbsp;IATA kod SKP \u2013 (~ 1.5 miljoner passagerare) Huvud flygplatsen i Nordmakedonien \u00e4r uppenbarligen flygplatsen vid huvudstaden Skopje, flygplatsen kallas officiellt f\u00f6r Skopje \u201cAlexander den [&hellip;]<\/p>\n<p><a class=\"more-link btn btn-primary\" href=\"https:\/\/traveling.com\/sv\/blog\/nordmakedonien-flygplatser\/\"> Continue reading&#8230;<\/a><\/p>\n","protected":false},"author":8,"featured_media":0,"parent":0,"menu_order":0,"comment_status":"closed","ping_status":"closed","template":"","meta":[],"yoast_head":"<!-- This site is optimized with the Yoast SEO plugin v19.8 - https:\/\/yoast.com\/wordpress\/plugins\/seo\/ -->\n<title>Flygplatser i Nordmakedonien - Traveling.com Blogg<\/title>\n<meta name=\"robots\" content=\"index, follow, max-snippet:-1, max-image-preview:large, max-video-preview:-1\" \/>\n<link rel=\"canonical\" href=\"https:\/\/traveling.com\/sv\/blog\/nordmakedonien-flygplatser\/\" \/>\n<meta property=\"og:locale\" content=\"en_US\" \/>\n<meta property=\"og:type\" content=\"article\" \/>\n<meta property=\"og:title\" content=\"Flygplatser i Nordmakedonien - Traveling.com Blogg\" \/>\n<meta property=\"og:description\" content=\"F\u00f6r tillf\u00e4llet s\u00e5 finns det tv\u00e5 flygplatser i Nordmakedonien som har internationella flyg. \u00c5r 2015 var total numret p\u00e5 passagerare, till och fr\u00e5n Nordmakedonska flygplatserna omkring 1.7 miljoner. Skopje Flygplats\u2013 &nbsp;IATA kod SKP \u2013 (~ 1.5 miljoner passagerare) Huvud flygplatsen i Nordmakedonien \u00e4r uppenbarligen flygplatsen vid huvudstaden Skopje, flygplatsen kallas officiellt f\u00f6r Skopje \u201cAlexander den [&hellip;] Continue reading...\" \/>\n<meta property=\"og:url\" content=\"https:\/\/traveling.com\/sv\/blog\/nordmakedonien-flygplatser\/\" \/>\n<meta property=\"og:site_name\" content=\"Traveling.com Blogg\" \/>\n<meta property=\"article:modified_time\" content=\"2019-10-17T09:55:08+00:00\" \/>\n<meta name=\"twitter:card\" content=\"summary_large_image\" \/>\n<meta name=\"twitter:label1\" content=\"Est. reading time\" \/>\n\t<meta name=\"twitter:data1\" content=\"2 minutes\" \/>\n<script type=\"application\/ld+json\" class=\"yoast-schema-graph\">{\"@context\":\"https:\/\/schema.org\",\"@graph\":[{\"@type\":\"WebPage\",\"@id\":\"https:\/\/traveling.com\/sv\/blog\/nordmakedonien-flygplatser\/\",\"url\":\"https:\/\/traveling.com\/sv\/blog\/nordmakedonien-flygplatser\/\",\"name\":\"Flygplatser i Nordmakedonien - Traveling.com Blogg\",\"isPartOf\":{\"@id\":\"https:\/\/traveling.com\/sv\/blog\/#website\"},\"datePublished\":\"2019-08-14T08:14:43+00:00\",\"dateModified\":\"2019-10-17T09:55:08+00:00\",\"breadcrumb\":{\"@id\":\"https:\/\/traveling.com\/sv\/blog\/nordmakedonien-flygplatser\/#breadcrumb\"},\"inLanguage\":\"en-US\",\"potentialAction\":[{\"@type\":\"ReadAction\",\"target\":[\"https:\/\/traveling.com\/sv\/blog\/nordmakedonien-flygplatser\/\"]}]},{\"@type\":\"BreadcrumbList\",\"@id\":\"https:\/\/traveling.com\/sv\/blog\/nordmakedonien-flygplatser\/#breadcrumb\",\"itemListElement\":[{\"@type\":\"ListItem\",\"position\":1,\"name\":\"Home\",\"item\":\"https:\/\/traveling.com\/sv\/blog\/\"},{\"@type\":\"ListItem\",\"position\":2,\"name\":\"Flygplatser i Nordmakedonien\"}]},{\"@type\":\"WebSite\",\"@id\":\"https:\/\/traveling.com\/sv\/blog\/#website\",\"url\":\"https:\/\/traveling.com\/sv\/blog\/\",\"name\":\"Traveling.com Blogg\",\"description\":\"Din Kompletta Reseguide\",\"potentialAction\":[{\"@type\":\"SearchAction\",\"target\":{\"@type\":\"EntryPoint\",\"urlTemplate\":\"https:\/\/traveling.com\/sv\/blog\/?s={search_term_string}\"},\"query-input\":\"required name=search_term_string\"}],\"inLanguage\":\"en-US\"}]}<\/script>\n<!-- \/ Yoast SEO plugin. -->","yoast_head_json":{"title":"Flygplatser i Nordmakedonien - Traveling.com Blogg","robots":{"index":"index","follow":"follow","max-snippet":"max-snippet:-1","max-image-preview":"max-image-preview:large","max-video-preview":"max-video-preview:-1"},"canonical":"https:\/\/traveling.com\/sv\/blog\/nordmakedonien-flygplatser\/","og_locale":"en_US","og_type":"article","og_title":"Flygplatser i Nordmakedonien - Traveling.com Blogg","og_description":"F\u00f6r tillf\u00e4llet s\u00e5 finns det tv\u00e5 flygplatser i Nordmakedonien som har internationella flyg. \u00c5r 2015 var total numret p\u00e5 passagerare, till och fr\u00e5n Nordmakedonska flygplatserna omkring 1.7 miljoner. Skopje Flygplats\u2013 &nbsp;IATA kod SKP \u2013 (~ 1.5 miljoner passagerare) Huvud flygplatsen i Nordmakedonien \u00e4r uppenbarligen flygplatsen vid huvudstaden Skopje, flygplatsen kallas officiellt f\u00f6r Skopje \u201cAlexander den [&hellip;] Continue reading...","og_url":"https:\/\/traveling.com\/sv\/blog\/nordmakedonien-flygplatser\/","og_site_name":"Traveling.com Blogg","article_modified_time":"2019-10-17T09:55:08+00:00","twitter_card":"summary_large_image","twitter_misc":{"Est. reading time":"2 minutes"},"schema":{"@context":"https:\/\/schema.org","@graph":[{"@type":"WebPage","@id":"https:\/\/traveling.com\/sv\/blog\/nordmakedonien-flygplatser\/","url":"https:\/\/traveling.com\/sv\/blog\/nordmakedonien-flygplatser\/","name":"Flygplatser i Nordmakedonien - Traveling.com Blogg","isPartOf":{"@id":"https:\/\/traveling.com\/sv\/blog\/#website"},"datePublished":"2019-08-14T08:14:43+00:00","dateModified":"2019-10-17T09:55:08+00:00","breadcrumb":{"@id":"https:\/\/traveling.com\/sv\/blog\/nordmakedonien-flygplatser\/#breadcrumb"},"inLanguage":"en-US","potentialAction":[{"@type":"ReadAction","target":["https:\/\/traveling.com\/sv\/blog\/nordmakedonien-flygplatser\/"]}]},{"@type":"BreadcrumbList","@id":"https:\/\/traveling.com\/sv\/blog\/nordmakedonien-flygplatser\/#breadcrumb","itemListElement":[{"@type":"ListItem","position":1,"name":"Home","item":"https:\/\/traveling.com\/sv\/blog\/"},{"@type":"ListItem","position":2,"name":"Flygplatser i Nordmakedonien"}]},{"@type":"WebSite","@id":"https:\/\/traveling.com\/sv\/blog\/#website","url":"https:\/\/traveling.com\/sv\/blog\/","name":"Traveling.com Blogg","description":"Din Kompletta Reseguide","potentialAction":[{"@type":"SearchAction","target":{"@type":"EntryPoint","urlTemplate":"https:\/\/traveling.com\/sv\/blog\/?s={search_term_string}"},"query-input":"required name=search_term_string"}],"inLanguage":"en-US"}]}},"_links":{"self":[{"href":"https:\/\/traveling.com\/sv\/blog\/wp-json\/wp\/v2\/pages\/1619"}],"collection":[{"href":"https:\/\/traveling.com\/sv\/blog\/wp-json\/wp\/v2\/pages"}],"about":[{"href":"https:\/\/traveling.com\/sv\/blog\/wp-json\/wp\/v2\/types\/page"}],"author":[{"embeddable":true,"href":"https:\/\/traveling.com\/sv\/blog\/wp-json\/wp\/v2\/users\/8"}],"replies":[{"embeddable":true,"href":"https:\/\/traveling.com\/sv\/blog\/wp-json\/wp\/v2\/comments?post=1619"}],"version-history":[{"count":2,"href":"https:\/\/traveling.com\/sv\/blog\/wp-json\/wp\/v2\/pages\/1619\/revisions"}],"predecessor-version":[{"id":2184,"href":"https:\/\/traveling.com\/sv\/blog\/wp-json\/wp\/v2\/pages\/1619\/revisions\/2184"}],"wp:attachment":[{"href":"https:\/\/traveling.com\/sv\/blog\/wp-json\/wp\/v2\/media?parent=1619"}],"curies":[{"name":"wp","href":"https:\/\/api.w.org\/{rel}","templated":true}]}}